{"id":46251,"date":"2022-10-27T12:09:10","date_gmt":"2022-10-27T12:09:10","guid":{"rendered":"https:\/\/www.ivh44.si\/Ponudbe\/chess\/?post_type=product&#038;p=46251"},"modified":"2024-03-14T08:28:43","modified_gmt":"2024-03-14T08:28:43","slug":"backgammon-garnitura-avalon-leather","status":"publish","type":"product","link":"https:\/\/chessgamesemporium.com\/hr\/shop\/backgammon\/backgammon-backgammon\/backgammon-garnitura-avalon-leather\/","title":{"rendered":"Backgammon Garnitura AVALON LEATHER"},"content":{"rendered":"<p><span style=\"font-family: verdana; font-size: medium;\">Predivan set za backgammon izra\u0111en od ru\u017einega drva.<br \/>\nSet je potpuno izra\u0111en od drva bez tiska.<br \/>\n<\/span><\/p>\n<div><span style=\"font-family: verdana; font-size: medium;\">Dimenzije (zatvoren): 52 x 30 x 8 cm<\/span><\/div>\n<div><span style=\"font-family: verdana; font-size: medium;\">\u00a0<\/span><\/div>\n<div><\/div>\n<p><span style=\"font-family: verdana; font-size: medium;\">Uklju\u010duje: Drvenu igra\u0107u plo\u010du, \u017eetone, kocke, kocku za udvostru\u010davanje, kockasti \u0161alicu, torbu za no\u0161enje.<\/span><\/p>\n<p>UPOZORENJE! Nije prikladno za djecu mla\u0111u od tri godine.<\/p>","protected":false},"excerpt":{"rendered":"<p>Lepa lesena garnitura Backgammon narejena iz palisandrovega lesa Celotna garnitura je narejena iz lesa (brez tiska) Dimenzije (v cm): 52 x 30 x 8 \u00a0 Garnitura vsebuje: Lesena plo\u0161\u010da, igralni \u017eetoni, igralni kocki, podvojitvena kocka, lon\u010dek za metanje kock, usnjena torba za prena\u0161anje. OPOZORILO! Ni primerno za otroke pod tretjim letom starosti.<\/p>","protected":false},"featured_media":46257,"comment_status":"closed","ping_status":"closed","template":"","meta":{"_seopress_robots_primary_cat":"none","_seopress_titles_title":"","_seopress_titles_desc":"","_seopress_robots_index":""},"product_brand":[],"product_cat":[551,552],"product_tag":[],"class_list":{"0":"post-46251","1":"product","2":"type-product","3":"status-publish","4":"has-post-thumbnail","6":"product_cat-backgammon","7":"product_cat-backgammon-backgammon","9":"entry","10":"has-media","12":"first","13":"instock","14":"taxable","15":"shipping-taxable","16":"purchasable","17":"product-type-simple","18":"has-product-nav","19":"col","20":"span_1_of_4","21":"owp-content-center","22":"item-entry","23":"owp-thumbs-layout-horizontal","24":"owp-btn-normal","25":"owp-tabs-layout-section"},"wcpa_form_fields":null,"_links":{"self":[{"href":"https:\/\/chessgamesemporium.com\/hr\/wp-json\/wp\/v2\/product\/46251","targetHints":{"allow":["GET"]}}],"collection":[{"href":"https:\/\/chessgamesemporium.com\/hr\/wp-json\/wp\/v2\/product"}],"about":[{"href":"https:\/\/chessgamesemporium.com\/hr\/wp-json\/wp\/v2\/types\/product"}],"replies":[{"embeddable":true,"href":"https:\/\/chessgamesemporium.com\/hr\/wp-json\/wp\/v2\/comments?post=46251"}],"version-history":[{"count":0,"href":"https:\/\/chessgamesemporium.com\/hr\/wp-json\/wp\/v2\/product\/46251\/revisions"}],"wp:featuredmedia":[{"embeddable":true,"href":"https:\/\/chessgamesemporium.com\/hr\/wp-json\/wp\/v2\/media\/46257"}],"wp:attachment":[{"href":"https:\/\/chessgamesemporium.com\/hr\/wp-json\/wp\/v2\/media?parent=46251"}],"wp:term":[{"taxonomy":"product_brand","embeddable":true,"href":"https:\/\/chessgamesemporium.com\/hr\/wp-json\/wp\/v2\/product_brand?post=46251"},{"taxonomy":"product_cat","embeddable":true,"href":"https:\/\/chessgamesemporium.com\/hr\/wp-json\/wp\/v2\/product_cat?post=46251"},{"taxonomy":"product_tag","embeddable":true,"href":"https:\/\/chessgamesemporium.com\/hr\/wp-json\/wp\/v2\/product_tag?post=46251"}],"curies":[{"name":"wp","href":"https:\/\/api.w.org\/{rel}","templated":true}]}}