{"id":46279,"date":"2022-10-27T12:22:28","date_gmt":"2022-10-27T12:22:28","guid":{"rendered":"https:\/\/www.ivh44.si\/Ponudbe\/chess\/?post_type=product&#038;p=46279"},"modified":"2024-03-12T07:31:53","modified_gmt":"2024-03-12T07:31:53","slug":"putno-magnetno-backgammon-set","status":"publish","type":"product","link":"https:\/\/chessgamesemporium.com\/hr\/shop\/backgammon\/backgammon-backgammon\/putno-magnetno-backgammon-set\/","title":{"rendered":"Putno magnetno backgammon set"},"content":{"rendered":"<p><span style=\"font-family: verdana; font-size: medium;\">Putno magnetno backgammon set. Uklju\u010duje preklopnu magnetnu plo\u010du, \u017eetone, kockice i duplikacionu kocku.<br \/>\n<\/span><\/p>\n<div><span style=\"font-family: verdana; font-size: medium;\">Dimenzije (otvoreno): 17 x 17 cm<\/span><\/div>\n<div><span style=\"font-family: verdana; font-size: medium;\">\u00a0<\/span><\/div>\n<p><span style=\"font-family: verdana; font-size: medium;\">UPOZORENJE! Nije prikladno za djecu mla\u0111u od tri godine.<\/span><\/p>","protected":false},"excerpt":{"rendered":"<p>Potovalna magnetna garnitura Backgammon. Vsebina: magnetna igralna plo\u0161\u010da in magnetne figure v obliki plo\u0161\u010dic, kocki. Dimenzije (v cm): 17 x 17 (odprta plo\u0161\u010da) \u00a0 OPOZORILO! Ni primerno za otroke pod tretjim letom starosti.<\/p>","protected":false},"featured_media":46281,"comment_status":"closed","ping_status":"closed","template":"","meta":{"_seopress_robots_primary_cat":"none","_seopress_titles_title":"","_seopress_titles_desc":"","_seopress_robots_index":""},"product_brand":[],"product_cat":[551,552],"product_tag":[],"class_list":{"0":"post-46279","1":"product","2":"type-product","3":"status-publish","4":"has-post-thumbnail","6":"product_cat-backgammon","7":"product_cat-backgammon-backgammon","9":"entry","10":"has-media","12":"first","13":"instock","14":"taxable","15":"shipping-taxable","16":"purchasable","17":"product-type-simple","18":"has-product-nav","19":"col","20":"span_1_of_4","21":"owp-content-center","22":"item-entry","23":"owp-thumbs-layout-horizontal","24":"owp-btn-normal","25":"owp-tabs-layout-section","26":"has-no-thumbnails"},"wcpa_form_fields":null,"_links":{"self":[{"href":"https:\/\/chessgamesemporium.com\/hr\/wp-json\/wp\/v2\/product\/46279","targetHints":{"allow":["GET"]}}],"collection":[{"href":"https:\/\/chessgamesemporium.com\/hr\/wp-json\/wp\/v2\/product"}],"about":[{"href":"https:\/\/chessgamesemporium.com\/hr\/wp-json\/wp\/v2\/types\/product"}],"replies":[{"embeddable":true,"href":"https:\/\/chessgamesemporium.com\/hr\/wp-json\/wp\/v2\/comments?post=46279"}],"version-history":[{"count":0,"href":"https:\/\/chessgamesemporium.com\/hr\/wp-json\/wp\/v2\/product\/46279\/revisions"}],"wp:featuredmedia":[{"embeddable":true,"href":"https:\/\/chessgamesemporium.com\/hr\/wp-json\/wp\/v2\/media\/46281"}],"wp:attachment":[{"href":"https:\/\/chessgamesemporium.com\/hr\/wp-json\/wp\/v2\/media?parent=46279"}],"wp:term":[{"taxonomy":"product_brand","embeddable":true,"href":"https:\/\/chessgamesemporium.com\/hr\/wp-json\/wp\/v2\/product_brand?post=46279"},{"taxonomy":"product_cat","embeddable":true,"href":"https:\/\/chessgamesemporium.com\/hr\/wp-json\/wp\/v2\/product_cat?post=46279"},{"taxonomy":"product_tag","embeddable":true,"href":"https:\/\/chessgamesemporium.com\/hr\/wp-json\/wp\/v2\/product_tag?post=46279"}],"curies":[{"name":"wp","href":"https:\/\/api.w.org\/{rel}","templated":true}]}}