{"id":46704,"date":"2023-01-19T13:52:08","date_gmt":"2023-01-19T13:52:08","guid":{"rendered":"https:\/\/www.ivh44.si\/Ponudbe\/chess\/?post_type=product&#038;p=46704"},"modified":"2025-12-02T04:05:56","modified_gmt":"2025-12-02T04:05:56","slug":"drvene-sahovske-figure-zeneva","status":"publish","type":"product","link":"https:\/\/chessgamesemporium.com\/hr\/shop\/sahovske-figure\/drvene-figure\/drvene-sahovske-figure-zeneva\/","title":{"rendered":"Drvene \u0160ahovske figure \u017dENEVA"},"content":{"rendered":"<p>Jedinstven dizajn.<br \/>\nMaterijal: Palisander, buksus - crno obojeni.<\/p>\n<p>Dimenzije: (visina figure | promjer baze)<br \/>\nKralj: 9,3 cm | 3,3 cm<br \/>\nDama: 9,0 cm | 3,1 cm<br \/>\nTop: 5,5 cm | 3,1 cm<br \/>\nLovac: 7,1 cm | 3,1 cm<br \/>\nSkaka\u010d: 6,9 cm | 3,0 cm<br \/>\nPje\u0161ak: 5,0 cm | 2,8 cm<\/p>\n<p>UPOZORENJE! Nije prikladno za djecu mla\u0111u od tri godine.<\/p>","protected":false},"excerpt":{"rendered":"<p>Unikaten dizajn. Material: Palisander, pu\u0161pan &#8211; \u010drno pobarvane. Dimenzije: (vi\u0161ina figure | premer podlage): Kralj: 9,3 cm | 3,3 cm Dama: 9,0 cm | 3,1 cm Top: 5,5 cm | 3,1 cm Lovec: 7,1 cm | 3,1 cm Skaka\u010d: 6,9 cm | 3,0 cm Kmet: 5,0 cm | 2,8 cm OPOZORILO! Ni primerno za otroke [&hellip;]<\/p>","protected":false},"featured_media":48263,"comment_status":"closed","ping_status":"closed","template":"","meta":{"_seopress_robots_primary_cat":"none","_seopress_titles_title":"","_seopress_titles_desc":"","_seopress_robots_index":""},"product_brand":[],"product_cat":[511,522],"product_tag":[595],"class_list":{"0":"post-46704","1":"product","2":"type-product","3":"status-publish","4":"has-post-thumbnail","6":"product_cat-sahovske-figure","7":"product_cat-lesene-figure","8":"product_tag-95mm","10":"entry","11":"has-media","13":"first","14":"instock","15":"taxable","16":"shipping-taxable","17":"purchasable","18":"product-type-simple","19":"has-product-nav","20":"col","21":"span_1_of_4","22":"owp-content-center","23":"item-entry","24":"owp-thumbs-layout-horizontal","25":"owp-btn-normal","26":"owp-tabs-layout-section"},"wcpa_form_fields":null,"_links":{"self":[{"href":"https:\/\/chessgamesemporium.com\/hr\/wp-json\/wp\/v2\/product\/46704","targetHints":{"allow":["GET"]}}],"collection":[{"href":"https:\/\/chessgamesemporium.com\/hr\/wp-json\/wp\/v2\/product"}],"about":[{"href":"https:\/\/chessgamesemporium.com\/hr\/wp-json\/wp\/v2\/types\/product"}],"replies":[{"embeddable":true,"href":"https:\/\/chessgamesemporium.com\/hr\/wp-json\/wp\/v2\/comments?post=46704"}],"version-history":[{"count":0,"href":"https:\/\/chessgamesemporium.com\/hr\/wp-json\/wp\/v2\/product\/46704\/revisions"}],"wp:featuredmedia":[{"embeddable":true,"href":"https:\/\/chessgamesemporium.com\/hr\/wp-json\/wp\/v2\/media\/48263"}],"wp:attachment":[{"href":"https:\/\/chessgamesemporium.com\/hr\/wp-json\/wp\/v2\/media?parent=46704"}],"wp:term":[{"taxonomy":"product_brand","embeddable":true,"href":"https:\/\/chessgamesemporium.com\/hr\/wp-json\/wp\/v2\/product_brand?post=46704"},{"taxonomy":"product_cat","embeddable":true,"href":"https:\/\/chessgamesemporium.com\/hr\/wp-json\/wp\/v2\/product_cat?post=46704"},{"taxonomy":"product_tag","embeddable":true,"href":"https:\/\/chessgamesemporium.com\/hr\/wp-json\/wp\/v2\/product_tag?post=46704"}],"curies":[{"name":"wp","href":"https:\/\/api.w.org\/{rel}","templated":true}]}}