{"id":46792,"date":"2023-01-24T13:14:55","date_gmt":"2023-01-24T13:14:55","guid":{"rendered":"https:\/\/www.ivh44.si\/Ponudbe\/chess\/?post_type=product&#038;p=46792"},"modified":"2024-07-19T08:22:01","modified_gmt":"2024-07-19T08:22:01","slug":"kutija-za-figure-pirate","status":"publish","type":"product","link":"https:\/\/chessgamesemporium.com\/hr\/shop\/dodaci-za-sah\/sahovske-kutije-torbe\/kutija-za-figure-pirate\/","title":{"rendered":"Kutija za figure PIRATE"},"content":{"rendered":"<p>Materijal: Drvo Mangovca<br \/>\nUnutarnje dimenzije: 21,5 x 13 x 13 cm<br \/>\nVanjske dimenzije: 24 x 15,5 x 16 cm<\/p>\n<p>Drvena kutija od sme\u0111eg punog drva s crnim metalnim okovom.<br \/>\n\u0160ahovska kutija PIRATE prikladna je za \u0161ahovske figure standardnih dimenzija (visina kralja 95 mm ili manje). U kutiji ima dovoljno prostora i za dodatne dame.<\/p>","protected":false},"excerpt":{"rendered":"<p>Material: Les Mangovca Notranje dimenzije: 21,5 x 13 x 13 cm Zunanje dimenzije: 24 x 15,5 x 16 cm Lesena \u0161katla je iz polnega lesa oja\u010dana s \u010drno pobarvanim kovinskim okovjem. \u0160katla je primerna za \u0161ahovske figure standardnih dimenzij (vi\u0161ina kralja 95 mm ali manj). V \u0161katli je dovolj prostora tudi za dodatni dami.<\/p>","protected":false},"featured_media":47152,"comment_status":"closed","ping_status":"closed","template":"","meta":{"_seopress_robots_primary_cat":"none","_seopress_titles_title":"","_seopress_titles_desc":"","_seopress_robots_index":""},"product_brand":[],"product_cat":[578,547],"product_tag":[582],"class_list":{"0":"post-46792","1":"product","2":"type-product","3":"status-publish","4":"has-post-thumbnail","6":"product_cat-sahovske-skatle-torbe","7":"product_cat-razno-za-sah","8":"product_tag-largebox","10":"entry","11":"has-media","13":"first","14":"instock","15":"taxable","16":"shipping-taxable","17":"purchasable","18":"product-type-simple","19":"has-product-nav","20":"col","21":"span_1_of_4","22":"owp-content-center","23":"item-entry","24":"owp-thumbs-layout-horizontal","25":"owp-btn-normal","26":"owp-tabs-layout-section"},"wcpa_form_fields":null,"_links":{"self":[{"href":"https:\/\/chessgamesemporium.com\/hr\/wp-json\/wp\/v2\/product\/46792","targetHints":{"allow":["GET"]}}],"collection":[{"href":"https:\/\/chessgamesemporium.com\/hr\/wp-json\/wp\/v2\/product"}],"about":[{"href":"https:\/\/chessgamesemporium.com\/hr\/wp-json\/wp\/v2\/types\/product"}],"replies":[{"embeddable":true,"href":"https:\/\/chessgamesemporium.com\/hr\/wp-json\/wp\/v2\/comments?post=46792"}],"version-history":[{"count":0,"href":"https:\/\/chessgamesemporium.com\/hr\/wp-json\/wp\/v2\/product\/46792\/revisions"}],"wp:featuredmedia":[{"embeddable":true,"href":"https:\/\/chessgamesemporium.com\/hr\/wp-json\/wp\/v2\/media\/47152"}],"wp:attachment":[{"href":"https:\/\/chessgamesemporium.com\/hr\/wp-json\/wp\/v2\/media?parent=46792"}],"wp:term":[{"taxonomy":"product_brand","embeddable":true,"href":"https:\/\/chessgamesemporium.com\/hr\/wp-json\/wp\/v2\/product_brand?post=46792"},{"taxonomy":"product_cat","embeddable":true,"href":"https:\/\/chessgamesemporium.com\/hr\/wp-json\/wp\/v2\/product_cat?post=46792"},{"taxonomy":"product_tag","embeddable":true,"href":"https:\/\/chessgamesemporium.com\/hr\/wp-json\/wp\/v2\/product_tag?post=46792"}],"curies":[{"name":"wp","href":"https:\/\/api.w.org\/{rel}","templated":true}]}}