{"id":47086,"date":"2023-10-16T11:18:28","date_gmt":"2023-10-16T11:18:28","guid":{"rendered":"https:\/\/www.ivh44.si\/Ponudbe\/chess\/?post_type=product&#038;p=47086"},"modified":"2026-04-10T05:59:42","modified_gmt":"2026-04-10T05:59:42","slug":"sahovski-komplet-dubrovnik-elegant","status":"publish","type":"product","link":"https:\/\/chessgamesemporium.com\/hr\/shop\/sahovski-kompleti\/sastavljani-kompleti\/sahovski-komplet-dubrovnik-elegant\/","title":{"rendered":"Dubrovnik Elegant \u0161ahovski set \u2013 drveni premium"},"content":{"rendered":"<p><b>\u0160ahovske figure:<\/b><\/p>\n<p>Inspiriran originalnim Dubrovnik figurama izra\u0111enim za \u0161ahovsku olimpijadu 1950. u Dubrovniku, ovaj set predstavlja jedan od najpoznatijih dizajna u povijesti \u0161aha. Bobby Fischer ga je smatrao jednim od najboljih \u0161ahovskih setova svih vremena. Figure su dizajnirane bez vjerskih simbola, s naglaskom na \u010distu formu, ravnote\u017eu i odli\u010dnu igrivost. Zahvaljuju\u0107i \u0161irokoj bazi pru\u017eaju iznimnu stabilnost, \u0161to ih \u010dini idealnima za igru. Ovaj vrhunski drveni set spaja povijest, kvalitetu izrade i bezvremensku eleganciju te je savr\u0161en poklon za \u0161ahiste i kolekcionare.<\/p>\n<p>Kvalitetne podlo\u017eene drvene figure. Ote\u017eene, dvostruko lakirane! Turnirska veli\u010dina.<\/p>\n<p>Materijal:<br \/>\nRosewood \/ \u0160im\u0161ir<\/p>\n<p>Dimenzije: (visina | promjer baze)<br \/>\nKralj: 9,0 cm | 3,1 cm<br \/>\nDama: 8,0 cm | 3,1 cm<br \/>\nTop: 5,2 cm | 2,9 cm<br \/>\nLovac: 7,4 cm | 2,9 cm<br \/>\nSkaka\u010d: 6,6 cm | 2,9 cm<br \/>\nPje\u0161ak: 5,4 cm | 2,6 cm<\/p>\n<p><b>\u0160ahovska plo\u010da:<\/b><br \/>\nLuksuzna drvena \u0161ahovnica izra\u0111ena od drveta i bisera. Dodan je umjetni\u010dki izra\u0111en mozaik. Pri izradi \u0161ahovnice nije kori\u0161tena nikakva boja, dodan je samo za\u0161titni lak.<\/p>\n<p>Dimenzije polja: 45 x 45 mm<br \/>\nDimenzije plo\u010de: 48 \u00d7 48 \u00d7 5 cm<\/p>\n<p>UPOZORENJE! Nije prikladno za djecu mla\u0111u od tri godine.<\/p>","protected":false},"excerpt":{"rendered":"<p>Dubrovnik Elegant \u0161ahovski set inspiriran je legendarnim Dubrovnik figurama, dizajniranim za \u0161ahovsku olimpijadu u Dubrovniku 1950. Savr\u0161en poklon za \u0161ahiste i kolekcionare.<\/p>","protected":false},"featured_media":57883,"comment_status":"closed","ping_status":"closed","template":"","meta":{"_seopress_robots_primary_cat":"none","_seopress_titles_title":"","_seopress_titles_desc":"","_seopress_robots_index":""},"product_brand":[],"product_cat":[510,581],"product_tag":[],"class_list":{"0":"post-47086","1":"product","2":"type-product","3":"status-publish","4":"has-post-thumbnail","6":"product_cat-sahovski-kompleti","7":"product_cat-sestavljeni-kompleti","9":"entry","10":"has-media","12":"first","13":"instock","14":"taxable","15":"shipping-taxable","16":"purchasable","17":"product-type-simple","18":"has-product-nav","19":"col","20":"span_1_of_4","21":"owp-content-center","22":"item-entry","23":"owp-thumbs-layout-horizontal","24":"owp-btn-normal","25":"owp-tabs-layout-section"},"wcpa_form_fields":null,"_links":{"self":[{"href":"https:\/\/chessgamesemporium.com\/hr\/wp-json\/wp\/v2\/product\/47086","targetHints":{"allow":["GET"]}}],"collection":[{"href":"https:\/\/chessgamesemporium.com\/hr\/wp-json\/wp\/v2\/product"}],"about":[{"href":"https:\/\/chessgamesemporium.com\/hr\/wp-json\/wp\/v2\/types\/product"}],"replies":[{"embeddable":true,"href":"https:\/\/chessgamesemporium.com\/hr\/wp-json\/wp\/v2\/comments?post=47086"}],"version-history":[{"count":0,"href":"https:\/\/chessgamesemporium.com\/hr\/wp-json\/wp\/v2\/product\/47086\/revisions"}],"wp:featuredmedia":[{"embeddable":true,"href":"https:\/\/chessgamesemporium.com\/hr\/wp-json\/wp\/v2\/media\/57883"}],"wp:attachment":[{"href":"https:\/\/chessgamesemporium.com\/hr\/wp-json\/wp\/v2\/media?parent=47086"}],"wp:term":[{"taxonomy":"product_brand","embeddable":true,"href":"https:\/\/chessgamesemporium.com\/hr\/wp-json\/wp\/v2\/product_brand?post=47086"},{"taxonomy":"product_cat","embeddable":true,"href":"https:\/\/chessgamesemporium.com\/hr\/wp-json\/wp\/v2\/product_cat?post=47086"},{"taxonomy":"product_tag","embeddable":true,"href":"https:\/\/chessgamesemporium.com\/hr\/wp-json\/wp\/v2\/product_tag?post=47086"}],"curies":[{"name":"wp","href":"https:\/\/api.w.org\/{rel}","templated":true}]}}