{"id":47441,"date":"2023-02-16T11:41:46","date_gmt":"2023-02-16T11:41:46","guid":{"rendered":"https:\/\/www.ivh44.si\/Ponudbe\/chess\/?post_type=product&#038;p=47441"},"modified":"2024-01-15T13:08:52","modified_gmt":"2024-01-15T13:08:52","slug":"preklopna-sahovska-ploca-tournament-6","status":"publish","type":"product","link":"https:\/\/chessgamesemporium.com\/hr\/shop\/sahovske-ploce\/drvene-sahovske-ploce\/preklopna-sahovska-ploca-tournament-6\/","title":{"rendered":"Preklopna \u0161ahovska plo\u010da TOURNAMENT 6"},"content":{"rendered":"<p>Preklopna \u0161ahovska plo\u010da TOURNAMENT 6<\/p>\n<p>Lijepa sklopiva \u0161ahovska plo\u010da ima umetnute (intarzija) plo\u010dice od mahagonija i platane. U \u0161ahovnici se nalazi \u0161ablona za pohranu figura.<\/p>\n<p>Prikladno za figure:<br \/>\nAmbassador<br \/>\nDubrovnik<br \/>\nStaunton standard<br \/>\nAmeri\u010dki staunton<br \/>\nsve na\u0161e plasti\u010dne verzije figura<\/p>\n<p>Dimenzije polja: 58 \u00d7 58 mm<br \/>\nDimenzije \u0161ahovnice (zaprte): 52 x 25,5 x 6 cm<\/p>\n<p>S poljima veli\u010dine 58 x 58 mm, ova \u0161ahovska plo\u010da idealna je za \u0161ahovske figure s visinom kralja od 95-98 mm.<\/p>\n<p>Figure niso vklju\u010dene v ceno<\/p>","protected":false},"excerpt":{"rendered":"<p>Preklopna \u0161ahovnica TOURNAMENT 6 Lepa preklopna \u0161ahovnica ima vlo\u017eene (intarzija) plo\u0161\u010dice iz mahagonija in platane. V \u0160ahovnici je \u0161ablona za shranjevanje figur. Primerna za figure: Ambassador Dubrovnik Staunton standard Ameri\u0161ki staunton vse na\u0161e plasti\u010dne verzije figur Dimenzije polja: 58 mm Dimenzije \u0161ahovnice (zaprte): 52 x 25,5 x 6 cm Polje meri 58 mm in je [&hellip;]<\/p>","protected":false},"featured_media":47687,"comment_status":"closed","ping_status":"closed","template":"","meta":{"_seopress_robots_primary_cat":"none","_seopress_titles_title":"","_seopress_titles_desc":"","_seopress_robots_index":""},"product_brand":[],"product_cat":[524,514],"product_tag":[603],"class_list":{"0":"post-47441","1":"product","2":"type-product","3":"status-publish","4":"has-post-thumbnail","6":"product_cat-lesene-sahovnice","7":"product_cat-sahovnice","8":"product_tag-55mmfold","9":"wcpa_has_options","11":"entry","12":"has-media","14":"first","15":"instock","16":"taxable","17":"shipping-taxable","18":"purchasable","19":"product-type-simple","20":"has-product-nav","21":"col","22":"span_1_of_4","23":"owp-content-center","24":"item-entry","25":"owp-thumbs-layout-horizontal","26":"owp-btn-normal","27":"owp-tabs-layout-section","28":"has-no-thumbnails"},"wcpa_form_fields":{"rules":{"pric_overide_base_price":false,"pric_overide_base_price_if_gt_zero":false,"pric_overide_base_price_fully":false,"pric_cal_option_once":false,"pric_use_as_fee":false,"bind_quantity":false,"quantity_bind_formula":false},"fields":[{"type":"text","elementId":"wcpa-text-1666713333654","label":"Gravura ( opcijsko )","description":"Vpi\u0161ite \u017eeljeni tekst za graviranje (npr. Vse najbolj\u0161e, IME, datum ipd.)","desc_type":true,"enablePrice":true,"pricingType":"fixed","price":"7","name":"text-1666713333654","fee_label":"Za naro\u010dnike izven eu, bo davek od\u0161tet na blagajni.","subtype":"text","maxlength":"16","cl_rule":"show","col":6,"relations":false,"form_id":46231,"form_rules":{"pric_cal_option_once":false,"exclude_from_discount":false,"pric_use_as_fee":false,"fee_label":"Fee","render_after_acb":false,"disp_hide_options_price":false}}]},"_links":{"self":[{"href":"https:\/\/chessgamesemporium.com\/hr\/wp-json\/wp\/v2\/product\/47441","targetHints":{"allow":["GET"]}}],"collection":[{"href":"https:\/\/chessgamesemporium.com\/hr\/wp-json\/wp\/v2\/product"}],"about":[{"href":"https:\/\/chessgamesemporium.com\/hr\/wp-json\/wp\/v2\/types\/product"}],"replies":[{"embeddable":true,"href":"https:\/\/chessgamesemporium.com\/hr\/wp-json\/wp\/v2\/comments?post=47441"}],"version-history":[{"count":0,"href":"https:\/\/chessgamesemporium.com\/hr\/wp-json\/wp\/v2\/product\/47441\/revisions"}],"wp:featuredmedia":[{"embeddable":true,"href":"https:\/\/chessgamesemporium.com\/hr\/wp-json\/wp\/v2\/media\/47687"}],"wp:attachment":[{"href":"https:\/\/chessgamesemporium.com\/hr\/wp-json\/wp\/v2\/media?parent=47441"}],"wp:term":[{"taxonomy":"product_brand","embeddable":true,"href":"https:\/\/chessgamesemporium.com\/hr\/wp-json\/wp\/v2\/product_brand?post=47441"},{"taxonomy":"product_cat","embeddable":true,"href":"https:\/\/chessgamesemporium.com\/hr\/wp-json\/wp\/v2\/product_cat?post=47441"},{"taxonomy":"product_tag","embeddable":true,"href":"https:\/\/chessgamesemporium.com\/hr\/wp-json\/wp\/v2\/product_tag?post=47441"}],"curies":[{"name":"wp","href":"https:\/\/api.w.org\/{rel}","templated":true}]}}