{"id":47464,"date":"2023-02-16T13:00:50","date_gmt":"2023-02-16T13:00:50","guid":{"rendered":"https:\/\/www.ivh44.si\/Ponudbe\/chess\/?post_type=product&#038;p=47464"},"modified":"2025-02-24T12:58:47","modified_gmt":"2025-02-24T12:58:47","slug":"drvena-sahovska-ploca-berlin-55-mm","status":"publish","type":"product","link":"https:\/\/chessgamesemporium.com\/hr\/shop\/sahovske-ploce\/drvene-sahovske-ploce\/drvena-sahovska-ploca-berlin-55-mm\/","title":{"rendered":"Drvena \u0161ahovska plo\u010da Berlin 55 mm"},"content":{"rendered":"<p>Drvena \u0161ahovska plo\u010da Berlin 55 mm<br \/>\nIntarzija, bez notacije, podstavljena<\/p>\n<p>Dimenzije polja: 55 \u00d7 55 mm<br \/>\nDimenzije plo\u010de: 55 cm<br \/>\nDebljina plo\u010de: 1,3 cm<\/p>\n<p>Ova furnirana \u0161ahovnica veli\u010dine 55 x 55 cm izra\u0111ena je od gorskog javora (prirodna i crna). Polje 55 x 55 mm je idealno za figure s kraljem visine 95-98 mm.<\/p>","protected":false},"excerpt":{"rendered":"<p>Lesena \u0161ahovnica BERLIN 55 Intarzija, brez notacije, podlo\u017eena Dimenzije polja: 55 mm Dimenzije \u0161ahovnice: 55 cm Debelina \u0161ahovnice: 1,3 cm Ta 55 x 55 cm furnirana \u0161ahovnica je narejena iz gorskega javorja (naravna in \u010drna). Polje meri 55 x 55 mm in je kot nala\u0161\u010d za figure s kraljem vi\u0161ine 95-98 mm.<\/p>","protected":false},"featured_media":47685,"comment_status":"closed","ping_status":"closed","template":"","meta":{"_seopress_robots_primary_cat":"none","_seopress_titles_title":"","_seopress_titles_desc":"","_seopress_robots_index":""},"product_brand":[],"product_cat":[514,524],"product_tag":[590],"class_list":{"0":"post-47464","1":"product","2":"type-product","3":"status-publish","4":"has-post-thumbnail","6":"product_cat-sahovnice","7":"product_cat-lesene-sahovnice","8":"product_tag-55mm","9":"wcpa_has_options","11":"entry","12":"has-media","14":"first","15":"instock","16":"taxable","17":"shipping-taxable","18":"purchasable","19":"product-type-simple","20":"has-product-nav","21":"col","22":"span_1_of_4","23":"owp-content-center","24":"item-entry","25":"owp-thumbs-layout-horizontal","26":"owp-btn-normal","27":"owp-tabs-layout-section"},"wcpa_form_fields":{"rules":{"pric_overide_base_price":false,"pric_overide_base_price_if_gt_zero":false,"pric_overide_base_price_fully":false,"pric_cal_option_once":false,"pric_use_as_fee":false,"bind_quantity":false,"quantity_bind_formula":false},"fields":[{"type":"text","elementId":"wcpa-text-1666713333654","label":"Gravura ( opcijsko )","description":"Vpi\u0161ite \u017eeljeni tekst za graviranje (npr. Vse najbolj\u0161e, IME, datum ipd.)","desc_type":true,"enablePrice":true,"pricingType":"fixed","price":"7","name":"text-1666713333654","fee_label":"Za naro\u010dnike izven eu, bo davek od\u0161tet na blagajni.","subtype":"text","maxlength":"16","cl_rule":"show","col":6,"relations":false,"form_id":46231,"form_rules":{"pric_cal_option_once":false,"exclude_from_discount":false,"pric_use_as_fee":false,"fee_label":"Fee","render_after_acb":false,"disp_hide_options_price":false}}]},"_links":{"self":[{"href":"https:\/\/chessgamesemporium.com\/hr\/wp-json\/wp\/v2\/product\/47464","targetHints":{"allow":["GET"]}}],"collection":[{"href":"https:\/\/chessgamesemporium.com\/hr\/wp-json\/wp\/v2\/product"}],"about":[{"href":"https:\/\/chessgamesemporium.com\/hr\/wp-json\/wp\/v2\/types\/product"}],"replies":[{"embeddable":true,"href":"https:\/\/chessgamesemporium.com\/hr\/wp-json\/wp\/v2\/comments?post=47464"}],"version-history":[{"count":0,"href":"https:\/\/chessgamesemporium.com\/hr\/wp-json\/wp\/v2\/product\/47464\/revisions"}],"wp:featuredmedia":[{"embeddable":true,"href":"https:\/\/chessgamesemporium.com\/hr\/wp-json\/wp\/v2\/media\/47685"}],"wp:attachment":[{"href":"https:\/\/chessgamesemporium.com\/hr\/wp-json\/wp\/v2\/media?parent=47464"}],"wp:term":[{"taxonomy":"product_brand","embeddable":true,"href":"https:\/\/chessgamesemporium.com\/hr\/wp-json\/wp\/v2\/product_brand?post=47464"},{"taxonomy":"product_cat","embeddable":true,"href":"https:\/\/chessgamesemporium.com\/hr\/wp-json\/wp\/v2\/product_cat?post=47464"},{"taxonomy":"product_tag","embeddable":true,"href":"https:\/\/chessgamesemporium.com\/hr\/wp-json\/wp\/v2\/product_tag?post=47464"}],"curies":[{"name":"wp","href":"https:\/\/api.w.org\/{rel}","templated":true}]}}