{"id":47775,"date":"2023-02-23T12:13:17","date_gmt":"2023-02-23T12:13:17","guid":{"rendered":"https:\/\/www.ivh44.si\/Ponudbe\/chess\/?post_type=product&#038;p=47775"},"modified":"2024-03-29T11:54:40","modified_gmt":"2024-03-29T11:54:40","slug":"jigchess-sahovska-ploca-4x4-57-mm","status":"publish","type":"product","link":"https:\/\/chessgamesemporium.com\/hr\/shop\/sahovske-ploce\/plasticne-sahovske-ploce\/jigchess-sahovska-ploca-4x4-57-mm\/","title":{"rendered":"JIGCHESS \u0160ahovska plo\u010da - 4\u00d74 57 mm"},"content":{"rendered":"<p>JIGCHESS Standard \u0160ahovska plo\u010da - 4\u00d74 57 mm<\/p>\n<p>\u0160ahovska plo\u010da standardnih dimenzija<br \/>\nDimenzije polja: 57 \u00d7 57 mm<br \/>\nDimenzije plo\u010de: 50 \u00d7 50 cm<br \/>\nDebljina plo\u010de: 2 mm<br \/>\nBroj dijelova slagalice: 16 (4\u00d74)<br \/>\nS notacijom<\/p>\n<p>Ovo \u0161ahovsko plo\u010da se mo\u017ee rastaviti radi jednostavnog skladi\u0161tenja i putovanja.<\/p>\n<p>\u0160ahovska plo\u010da izra\u0111ena je od tvrde ekstrudirane PVC pjene s finom homogenom strukturom zatvorenih stanica. Otporna je na vodu i vatru.<br \/>\nMaterijal je \u010dvrst i otporan na udubljenja.<br \/>\nPogodno za unutarnju i vanjsku uporabu.<\/p>\n<p>Polje mjeri 57 x 57 mm i idealno je za figure s kraljem visine 95-98 mm.<\/p>\n<p>UPOZORENJE! Nije prikladno za djecu mla\u0111u od tri godine.<\/p>","protected":false},"excerpt":{"rendered":"<p>JIGCHESS- Standardna \u0161ahovnica &#8211; 4&#215;4 &#8211; 57 mm \u0160ahovnica standardnih dimenzij Dimenzije polja: 57 mm Dimenzije \u0161ahovnice: 50 cm Debelina \u0161ahovnice: 2 mm \u0160tevilo kosov (puzzle): 16 kosov (4&#215;4) Z notacijo \u0160ahovnica se enostavno prena\u0161a ali spakira, ker se razstavi na ve\u010d kosov in je primerna tudi za potovanja. Izdelana iz trdega ekstrudiranega penastega pvc-ja [&hellip;]<\/p>","protected":false},"featured_media":47813,"comment_status":"closed","ping_status":"closed","template":"","meta":{"_seopress_robots_primary_cat":"none","_seopress_titles_title":"","_seopress_titles_desc":"","_seopress_robots_index":""},"product_brand":[],"product_cat":[514,523],"product_tag":[590],"class_list":{"0":"post-47775","1":"product","2":"type-product","3":"status-publish","4":"has-post-thumbnail","6":"product_cat-sahovnice","7":"product_cat-plasticne-sahovnice","8":"product_tag-55mm","10":"entry","11":"has-media","13":"first","14":"instock","15":"taxable","16":"shipping-taxable","17":"purchasable","18":"product-type-variable","19":"has-product-nav","20":"col","21":"span_1_of_4","22":"owp-content-center","23":"item-entry","24":"owp-thumbs-layout-horizontal","25":"owp-btn-normal","26":"owp-tabs-layout-section"},"wcpa_form_fields":null,"_links":{"self":[{"href":"https:\/\/chessgamesemporium.com\/hr\/wp-json\/wp\/v2\/product\/47775","targetHints":{"allow":["GET"]}}],"collection":[{"href":"https:\/\/chessgamesemporium.com\/hr\/wp-json\/wp\/v2\/product"}],"about":[{"href":"https:\/\/chessgamesemporium.com\/hr\/wp-json\/wp\/v2\/types\/product"}],"replies":[{"embeddable":true,"href":"https:\/\/chessgamesemporium.com\/hr\/wp-json\/wp\/v2\/comments?post=47775"}],"version-history":[{"count":0,"href":"https:\/\/chessgamesemporium.com\/hr\/wp-json\/wp\/v2\/product\/47775\/revisions"}],"wp:featuredmedia":[{"embeddable":true,"href":"https:\/\/chessgamesemporium.com\/hr\/wp-json\/wp\/v2\/media\/47813"}],"wp:attachment":[{"href":"https:\/\/chessgamesemporium.com\/hr\/wp-json\/wp\/v2\/media?parent=47775"}],"wp:term":[{"taxonomy":"product_brand","embeddable":true,"href":"https:\/\/chessgamesemporium.com\/hr\/wp-json\/wp\/v2\/product_brand?post=47775"},{"taxonomy":"product_cat","embeddable":true,"href":"https:\/\/chessgamesemporium.com\/hr\/wp-json\/wp\/v2\/product_cat?post=47775"},{"taxonomy":"product_tag","embeddable":true,"href":"https:\/\/chessgamesemporium.com\/hr\/wp-json\/wp\/v2\/product_tag?post=47775"}],"curies":[{"name":"wp","href":"https:\/\/api.w.org\/{rel}","templated":true}]}}