{"id":47843,"date":"2023-03-07T13:13:55","date_gmt":"2023-03-07T13:13:55","guid":{"rendered":"https:\/\/www.ivh44.si\/Ponudbe\/chess\/?post_type=product&#038;p=47843"},"modified":"2026-04-22T10:57:10","modified_gmt":"2026-04-22T10:57:10","slug":"sahovska-garnitura-americki-staunton","status":"publish","type":"product","link":"https:\/\/chessgamesemporium.com\/hr\/shop\/sahovski-kompleti\/sklopivi-setovi\/sahovska-garnitura-americki-staunton\/","title":{"rendered":"\u0160ahovska Garnitura AMERI\u010cKI STAUNTON"},"content":{"rendered":"<p>\u0160ahovske figure:<br \/>\nLijepo dizajnirane \u0161ahovske figure s dodatno dizajniranim skaka\u010dem.<br \/>\nsme\u0111a\/prirodna, lakirane<br \/>\nOte\u017eane<br \/>\nPalisander\/pu\u0161pan<\/p>\n<p>Dimenzije: (visina figure | promjer baze)<br \/>\nKralj: 9,8 cm | 3,6 cm<br \/>\nDama: 8,2 cm | 3,6 cm<br \/>\nTop: 5,9 cm | 3,3 cm<br \/>\nLovac: 7,1 cm | 3,3 cm<br \/>\nSkaka\u010d: 6,6 cm | 3,2 cm<br \/>\nPje\u0161ak: 5,2 cm | 2,6 cm<\/p>\n<p>\u0160ahovska plo\u010da - preklopna \u0161ahovska kaseta 6<br \/>\nDimenzije polja: 5,8 x 5,8 cm<br \/>\nDimenzije \u0161ahovnice (zatvorene): 52 x 26 x 6 cm<\/p>\n<p>Lijepa sklopiva \u0161ahovska plo\u010da ima umetnute (intarzija) plo\u010dice od mahagonija i platane. U \u0161ahovnici se nalazi \u0161ablona za pohranu figura.<\/p>\n<p>Sklopivi drveni \u0161ahovski set American Staunton spaja klasi\u010dan dizajn, funkcionalnost i kvalitetnu izradu u jednom kompletnom setu. Ote\u017eane i podlo\u017eene \u0161ahovske figure osiguravaju stabilnost i glatko pomicanje po plo\u010di, dok detaljno izra\u0111en konj i polirana povr\u0161ina daju elegantan izgled. Izra\u0111en od kvalitetnog drva poput palisandra i \u0161im\u0161ira, set nudi dugotrajnost i profesionalno iskustvo igranja.<\/p>\n<p>Sklopiva \u0161ahovnica s unutarnjim spremnikom omogu\u0107uje sigurno pohranjivanje figura i jednostavno preno\u0161enje, \u0161to ga \u010dini idealnim za ku\u0107nu upotrebu, klubove ili putovanja. Turnirska veli\u010dina osigurava ugodnu igru i uskla\u0111enost sa standardima, dok kombinacija drva daje bezvremenski izgled. Ovaj drveni \u0161ahovski set tako\u0111er je savr\u0161en poklon za ljubitelje \u0161aha.<\/p>\n<p>Odli\u010dan izbor za sve koji tra\u017ee kvalitetan i prakti\u010dan \u0161ahovski set.<\/p>\n<p>UPOZORENJE! Nije prikladno za djecu mla\u0111u od tri godine.<\/p>","protected":false},"excerpt":{"rendered":"<p>\u0160ahovske figure: Lepo oblikovane \u0161ahovske figure z dodatno oblikovanim skaka\u010dem. Vi\u0161ina kralja: 98mm rjava\/naravna, polirana Obte\u017eene in polnjene Palisander\/pu\u0161pan Dimenzije: (vi\u0161ina figure | premer podlage) Kralj: 9,8 cm | 3,6 cm Dama: 8,2 cm | 3,6 cm Top: 5,9 cm | 3,3 cm Lovec: 7,1 cm | 3,3 cm Skaka\u010d: 6,6 cm | 3,2 cm [&hellip;]<\/p>","protected":false},"featured_media":48303,"comment_status":"closed","ping_status":"closed","template":"","meta":{"_seopress_robots_primary_cat":"none","_seopress_titles_title":"Zlo\u017eljiv lesen \u0161ah American Staunton z obte\u017eenimi figurami | ChessGamesEmporium","_seopress_titles_desc":"Zlo\u017eljiv lesen \u0161ahovski komplet American Staunton s kakovostnimi obte\u017eenimi figurami in elegantnim dizajnom. Idealen za darilo, doma\u010do igro ali potovanja.","_seopress_robots_index":""},"product_brand":[],"product_cat":[510,518],"product_tag":[],"class_list":{"0":"post-47843","1":"product","2":"type-product","3":"status-publish","4":"has-post-thumbnail","6":"product_cat-sahovski-kompleti","7":"product_cat-zlozljive-garniture","8":"wcpa_has_options","10":"entry","11":"has-media","13":"first","14":"instock","15":"taxable","16":"shipping-taxable","17":"purchasable","18":"product-type-variable","19":"has-product-nav","20":"col","21":"span_1_of_4","22":"owp-content-center","23":"item-entry","24":"owp-thumbs-layout-horizontal","25":"owp-btn-normal","26":"owp-tabs-layout-section"},"wcpa_form_fields":{"rules":{"pric_overide_base_price":false,"pric_overide_base_price_if_gt_zero":false,"pric_overide_base_price_fully":false,"pric_cal_option_once":false,"pric_use_as_fee":false,"bind_quantity":false,"quantity_bind_formula":false},"fields":[{"type":"checkbox-group","elementId":"wcpa-checkbox-group-1707738535577","label":"Dodatek","enablePrice":true,"priceOptions":"fixed_for_all","pricingType":"fixed","price":"5","name":"checkbox-group-1707738535577","other_text":"Other","cl_rule":"show","col":6,"values":[{"label":"Dodatni kraljici (bela in \u010drna)","value":"5.00 Eur","price":"","pimage":"","pimage_id":"","pthumb":""}],"relations":false,"form_id":55845,"form_rules":{"pric_cal_option_once":false,"exclude_from_discount":false,"pric_use_as_fee":false,"fee_label":"Fee","render_after_acb":false,"disp_hide_options_price":false}},{"type":"text","elementId":"wcpa-text-1666713333654","label":"Gravura ( opcijsko )","description":"Vpi\u0161ite \u017eeljeni tekst za graviranje (npr. Vse najbolj\u0161e, IME, datum ipd.)","desc_type":true,"enablePrice":true,"pricingType":"fixed","price":"7","name":"text-1666713333654","fee_label":"Za naro\u010dnike izven eu, bo davek od\u0161tet na blagajni.","subtype":"text","maxlength":"16","cl_rule":"show","col":6,"relations":false,"form_id":46231,"form_rules":{"pric_cal_option_once":false,"exclude_from_discount":false,"pric_use_as_fee":false,"fee_label":"Fee","render_after_acb":false,"disp_hide_options_price":false}}]},"_links":{"self":[{"href":"https:\/\/chessgamesemporium.com\/hr\/wp-json\/wp\/v2\/product\/47843","targetHints":{"allow":["GET"]}}],"collection":[{"href":"https:\/\/chessgamesemporium.com\/hr\/wp-json\/wp\/v2\/product"}],"about":[{"href":"https:\/\/chessgamesemporium.com\/hr\/wp-json\/wp\/v2\/types\/product"}],"replies":[{"embeddable":true,"href":"https:\/\/chessgamesemporium.com\/hr\/wp-json\/wp\/v2\/comments?post=47843"}],"version-history":[{"count":0,"href":"https:\/\/chessgamesemporium.com\/hr\/wp-json\/wp\/v2\/product\/47843\/revisions"}],"wp:featuredmedia":[{"embeddable":true,"href":"https:\/\/chessgamesemporium.com\/hr\/wp-json\/wp\/v2\/media\/48303"}],"wp:attachment":[{"href":"https:\/\/chessgamesemporium.com\/hr\/wp-json\/wp\/v2\/media?parent=47843"}],"wp:term":[{"taxonomy":"product_brand","embeddable":true,"href":"https:\/\/chessgamesemporium.com\/hr\/wp-json\/wp\/v2\/product_brand?post=47843"},{"taxonomy":"product_cat","embeddable":true,"href":"https:\/\/chessgamesemporium.com\/hr\/wp-json\/wp\/v2\/product_cat?post=47843"},{"taxonomy":"product_tag","embeddable":true,"href":"https:\/\/chessgamesemporium.com\/hr\/wp-json\/wp\/v2\/product_tag?post=47843"}],"curies":[{"name":"wp","href":"https:\/\/api.w.org\/{rel}","templated":true}]}}