{"id":47991,"date":"2023-03-09T12:16:28","date_gmt":"2023-03-09T12:16:28","guid":{"rendered":"https:\/\/www.ivh44.si\/Ponudbe\/chess\/?post_type=product&#038;p=47991"},"modified":"2026-02-06T09:01:39","modified_gmt":"2026-02-06T09:01:39","slug":"preklopna-sahovska-garnitura-tournament-4","status":"publish","type":"product","link":"https:\/\/chessgamesemporium.com\/hr\/shop\/sahovski-kompleti\/sklopivi-setovi\/preklopna-sahovska-garnitura-tournament-4\/","title":{"rendered":"Preklopna \u0161ahovska garnitura TOURNAMENT 4"},"content":{"rendered":"<p>\u0160ahovske figure:<br \/>\nPodstavljene drvene figure<br \/>\nStaunton dizajn<\/p>\n<p>Dimenzije: (visina figure | promjer baze)<br \/>\nKralj: 7,7 cm|2,4 cm<br \/>\nDama: 6,7 cm|2,4 cm<br \/>\nTop: 4,7 cm|2,4 cm<br \/>\nLovac: 5,6 cm|2,3 cm<br \/>\nSkaka\u010d: 4,7 cm|2,4 cm<br \/>\nPje\u0161ak: 3,2 cm|2,1 cm<\/p>\n<p>\u0160ahovska plo\u010da - preklopna \u0161ahovska kaseta 4<br \/>\nLijepa sklopiva \u0161ahovska plo\u010da ima umetnute (intarzija) plo\u010dice od mahagonija i platane. U \u0161ahovnici se nalazi \u0161ablona za pohranu figura.<br \/>\nDimenzije polja: 4,0 cm x 4,0 cm<br \/>\nDimenzije plo\u010de (zatvorene): 38 \u00d7 19 \u00d7 4,5 cm<\/p>\n<p>UPOZORENJE! Nije prikladno za djecu mla\u0111u od tri godine.<\/p>\n<p>Nisi siguran je li ovaj \u0161ahovski set pravi izbor?<br \/>\nPro\u010ditaj na\u0161 vodi\u010d <a href=\"https:\/\/chessgamesemporium.com\/hr\/kako-izbrati-pravi-sahovski-komplet-les-velikost-figure-darilo\/\">kako odabrati pravi \u0161ahovski set<\/a> prema namjeni, veli\u010dini i figurama.<\/p>","protected":false},"excerpt":{"rendered":"<p>\u0160ahovske figure: Podlo\u017eene lesene figure, oblo\u017eene, obte\u017eene. Staunton dizajn Dimenzije (Vi\u0161ina figure | premer podlage): Kralj: 7,7 cm|2,4 cm Dama: 6,7 cm|2,4 cm Top: 4,7 cm|2,4 cm Lovec: 5,6 cm|2,3 cm Skaka\u010d: 4,7 cm|2,4 cm Kmet: 3,2 cm|2,1 cm \u0160ahovnica &#8211; zlo\u017eljiva lesena \u0161ahovska kaseta \u0160t. 4 Lepa zlo\u017eljiva \u0161ahovska deska ima vlo\u017eene (intarzija) plo\u0161\u010dice [&hellip;]<\/p>","protected":false},"featured_media":50886,"comment_status":"closed","ping_status":"closed","template":"","meta":{"_seopress_robots_primary_cat":"none","_seopress_titles_title":"","_seopress_titles_desc":"","_seopress_robots_index":""},"product_brand":[],"product_cat":[510,518],"product_tag":[],"class_list":{"0":"post-47991","1":"product","2":"type-product","3":"status-publish","4":"has-post-thumbnail","6":"product_cat-sahovski-kompleti","7":"product_cat-zlozljive-garniture","8":"wcpa_has_options","10":"entry","11":"has-media","13":"first","14":"instock","15":"taxable","16":"shipping-taxable","17":"purchasable","18":"product-type-simple","19":"has-product-nav","20":"col","21":"span_1_of_4","22":"owp-content-center","23":"item-entry","24":"owp-thumbs-layout-horizontal","25":"owp-btn-normal","26":"owp-tabs-layout-section"},"wcpa_form_fields":{"rules":{"pric_overide_base_price":false,"pric_overide_base_price_if_gt_zero":false,"pric_overide_base_price_fully":false,"pric_cal_option_once":false,"pric_use_as_fee":false,"bind_quantity":false,"quantity_bind_formula":false},"fields":[{"type":"text","elementId":"wcpa-text-1666713333654","label":"Gravura ( opcijsko )","description":"Vpi\u0161ite \u017eeljeni tekst za graviranje (npr. Vse najbolj\u0161e, IME, datum ipd.)","desc_type":true,"enablePrice":true,"pricingType":"fixed","price":"7","name":"text-1666713333654","fee_label":"Za naro\u010dnike izven eu, bo davek od\u0161tet na blagajni.","subtype":"text","maxlength":"16","cl_rule":"show","col":6,"relations":false,"form_id":46231,"form_rules":{"pric_cal_option_once":false,"exclude_from_discount":false,"pric_use_as_fee":false,"fee_label":"Fee","render_after_acb":false,"disp_hide_options_price":false}}]},"_links":{"self":[{"href":"https:\/\/chessgamesemporium.com\/hr\/wp-json\/wp\/v2\/product\/47991","targetHints":{"allow":["GET"]}}],"collection":[{"href":"https:\/\/chessgamesemporium.com\/hr\/wp-json\/wp\/v2\/product"}],"about":[{"href":"https:\/\/chessgamesemporium.com\/hr\/wp-json\/wp\/v2\/types\/product"}],"replies":[{"embeddable":true,"href":"https:\/\/chessgamesemporium.com\/hr\/wp-json\/wp\/v2\/comments?post=47991"}],"version-history":[{"count":0,"href":"https:\/\/chessgamesemporium.com\/hr\/wp-json\/wp\/v2\/product\/47991\/revisions"}],"wp:featuredmedia":[{"embeddable":true,"href":"https:\/\/chessgamesemporium.com\/hr\/wp-json\/wp\/v2\/media\/50886"}],"wp:attachment":[{"href":"https:\/\/chessgamesemporium.com\/hr\/wp-json\/wp\/v2\/media?parent=47991"}],"wp:term":[{"taxonomy":"product_brand","embeddable":true,"href":"https:\/\/chessgamesemporium.com\/hr\/wp-json\/wp\/v2\/product_brand?post=47991"},{"taxonomy":"product_cat","embeddable":true,"href":"https:\/\/chessgamesemporium.com\/hr\/wp-json\/wp\/v2\/product_cat?post=47991"},{"taxonomy":"product_tag","embeddable":true,"href":"https:\/\/chessgamesemporium.com\/hr\/wp-json\/wp\/v2\/product_tag?post=47991"}],"curies":[{"name":"wp","href":"https:\/\/api.w.org\/{rel}","templated":true}]}}