{"id":48133,"date":"2023-03-14T12:22:40","date_gmt":"2023-03-14T12:22:40","guid":{"rendered":"https:\/\/www.ivh44.si\/Ponudbe\/chess\/?post_type=product&#038;p=48133"},"modified":"2024-02-20T11:10:50","modified_gmt":"2024-02-20T11:10:50","slug":"sahovski-komplet-classic-4p","status":"publish","type":"product","link":"https:\/\/chessgamesemporium.com\/hr\/shop\/sahovski-kompleti\/sastavljani-kompleti\/sahovski-komplet-classic-4p\/","title":{"rendered":"\u0160ahovski komplet CLASSIC 4P"},"content":{"rendered":"<p>Classic 4P \u0161ahovski set bezvremenski je i elegantan kompozitni set koji uklju\u010duje lijepo dizajniranu plo\u010du i figure, savr\u0161en za po\u010detnike i iskusne igra\u010de. Klasi\u010dan i sofisticiran dizajn \u010dini set izvrsnim dodatkom svakoj igraonici ili ku\u0107nom ure\u0111enju. Sa svojim visokokvalitetnim materijalima i pa\u017enjom posve\u0107enom detaljima, ovaj \u0161ahovski set zasigurno \u0107e pru\u017eiti sate strate\u0161kog i zanimljivog igranja za igra\u010de svih razina vje\u0161tina.<\/p>\n<p>Drvene \u0161ahovske figure - klasi\u010dni Staunton dizajn.<\/p>\n<p>Materijal:<br \/>\nRosewood \/ \u0160im\u0161ir<\/p>\n<p>Lakirani, skaka\u010d ru\u010dne izrade<br \/>\nOte\u017eane, podstavljene umjetnom ko\u017eom<\/p>\n<p>Dimenzije: (visina figure | promjer baze)<br \/>\nKralj: 8,7 cm | 3,1 cm<br \/>\nDama: 7,3 cm | 3,1 cm<br \/>\nTop: 4,8 cm | 2,8 cm<br \/>\nLovac: 6,6 cm | 2,8 cm<br \/>\nSkaka\u010d: 5,9 cm | 2,8 cm<br \/>\nPje\u0161ak: 4,5 cm | 2,4 cm<\/p>\n<p>Drvena \u0161ahovska plo\u010da Tournament 4P<\/p>\n<p>Materijal: Drvo oblo\u017eeno poliesterom.<\/p>\n<p>Dimenzije polja: 49 \u00d7 49 mm<br \/>\nDimenzije plo\u010de: 46 \u00d7 46 cm<br \/>\nDebljina plo\u010de: 1,3 cm<\/p>\n<p>Ova \u0161ahovksa plo\u010da veli\u010dine 46\u00d746 cm ima polja veli\u010dine 49\u00d749 mm i idealna je za figure s kraljem visine 83-90 mm.<\/p>\n<p>UPOZORENJE! Nije prikladno za djecu mla\u0111u od tri godine.<\/p>","protected":false},"excerpt":{"rendered":"<p>\u0160ahovski komplet Classic 4P je brez\u010dasen in eleganten sestavljen komplet, ki vklju\u010duje lepo oblikovano \u0161ahovnico in figure, kot nala\u0161\u010d za za\u010detnike in izku\u0161ene igralce. Zaradi klasi\u010dnega in prefinjenega dizajna je komplet odli\u010den dodatek k vsaki igralni sobi ali dekorju doma. S svojimi visokokakovostnimi materiali in pozornostjo do podrobnosti bo ta \u0161ahovski komplet zagotovo zagotovil ure [&hellip;]<\/p>","protected":false},"featured_media":48287,"comment_status":"closed","ping_status":"closed","template":"","meta":{"_seopress_robots_primary_cat":"none","_seopress_titles_title":"","_seopress_titles_desc":"","_seopress_robots_index":""},"product_brand":[],"product_cat":[581,510],"product_tag":[],"class_list":{"0":"post-48133","1":"product","2":"type-product","3":"status-publish","4":"has-post-thumbnail","6":"product_cat-sestavljeni-kompleti","7":"product_cat-sahovski-kompleti","8":"wcpa_has_options","10":"entry","11":"has-media","13":"first","14":"instock","15":"taxable","16":"shipping-taxable","17":"purchasable","18":"product-type-variable","19":"has-product-nav","20":"col","21":"span_1_of_4","22":"owp-content-center","23":"item-entry","24":"owp-thumbs-layout-horizontal","25":"owp-btn-normal","26":"owp-tabs-layout-section"},"wcpa_form_fields":{"rules":{"pric_overide_base_price":false,"pric_overide_base_price_if_gt_zero":false,"pric_overide_base_price_fully":false,"pric_cal_option_once":false,"pric_use_as_fee":false,"bind_quantity":false,"quantity_bind_formula":false},"fields":[{"type":"text","elementId":"wcpa-text-1666713333654","label":"Gravura ( opcijsko )","description":"Vpi\u0161ite \u017eeljeni tekst za graviranje (npr. Vse najbolj\u0161e, IME, datum ipd.)","desc_type":true,"enablePrice":true,"pricingType":"fixed","price":"7","name":"text-1666713333654","fee_label":"Za naro\u010dnike izven eu, bo davek od\u0161tet na blagajni.","subtype":"text","maxlength":"16","cl_rule":"show","col":6,"relations":false,"form_id":46231,"form_rules":{"pric_cal_option_once":false,"exclude_from_discount":false,"pric_use_as_fee":false,"fee_label":"Fee","render_after_acb":false,"disp_hide_options_price":false}}]},"_links":{"self":[{"href":"https:\/\/chessgamesemporium.com\/hr\/wp-json\/wp\/v2\/product\/48133","targetHints":{"allow":["GET"]}}],"collection":[{"href":"https:\/\/chessgamesemporium.com\/hr\/wp-json\/wp\/v2\/product"}],"about":[{"href":"https:\/\/chessgamesemporium.com\/hr\/wp-json\/wp\/v2\/types\/product"}],"replies":[{"embeddable":true,"href":"https:\/\/chessgamesemporium.com\/hr\/wp-json\/wp\/v2\/comments?post=48133"}],"version-history":[{"count":0,"href":"https:\/\/chessgamesemporium.com\/hr\/wp-json\/wp\/v2\/product\/48133\/revisions"}],"wp:featuredmedia":[{"embeddable":true,"href":"https:\/\/chessgamesemporium.com\/hr\/wp-json\/wp\/v2\/media\/48287"}],"wp:attachment":[{"href":"https:\/\/chessgamesemporium.com\/hr\/wp-json\/wp\/v2\/media?parent=48133"}],"wp:term":[{"taxonomy":"product_brand","embeddable":true,"href":"https:\/\/chessgamesemporium.com\/hr\/wp-json\/wp\/v2\/product_brand?post=48133"},{"taxonomy":"product_cat","embeddable":true,"href":"https:\/\/chessgamesemporium.com\/hr\/wp-json\/wp\/v2\/product_cat?post=48133"},{"taxonomy":"product_tag","embeddable":true,"href":"https:\/\/chessgamesemporium.com\/hr\/wp-json\/wp\/v2\/product_tag?post=48133"}],"curies":[{"name":"wp","href":"https:\/\/api.w.org\/{rel}","templated":true}]}}