{"id":48325,"date":"2023-04-05T10:43:25","date_gmt":"2023-04-05T10:43:25","guid":{"rendered":"https:\/\/www.ivh44.si\/Ponudbe\/chess\/?post_type=product&#038;p=48325"},"modified":"2025-03-11T11:07:53","modified_gmt":"2025-03-11T11:07:53","slug":"sahovski-komplet-geneva-5p","status":"publish","type":"product","link":"https:\/\/chessgamesemporium.com\/hr\/shop\/sahovski-kompleti\/sastavljani-kompleti\/sahovski-komplet-geneva-5p\/","title":{"rendered":"\u0160ahovski Komplet GENEVA 5P"},"content":{"rendered":"<p>\u0160ahovske figure \u017dENEVA<br \/>\nJedinstven dizajn.<br \/>\nTurnirska veli\u010dina, ote\u017eane, podlo\u017eene.<br \/>\nMaterijal: Palisander, buksus - crno obojeni.<\/p>\n<p>Dimenzije: (visina figure | promjer baze)<br \/>\nKralj: 9,3 cm | 3,3 cm<br \/>\nDama: 9,0 cm | 3,1 cm<br \/>\nTop: 5,5 cm | 3,1 cm<br \/>\nLovac: 7,1 cm | 3,1 cm<br \/>\nSkaka\u010d: 6,9 cm | 3,0 cm<br \/>\nPje\u0161ak: 5,0 cm | 2,8 cm<\/p>\n<p>Drvena \u0161ahovska plo\u010da Tournament 5P<\/p>\n<p>Materijal: Drvo oblo\u017eeno poliesterom.<\/p>\n<p>Dimenzije polja: 54 \u00d7 54 mm<br \/>\nDimenzije plo\u010de: 50 \u00d7 50 cm<br \/>\nDebljina plo\u010de: 1,5 cm<\/p>\n<p>Ova \u0161ahovksa plo\u010da veli\u010dine 50\u00d750 cm ima polja veli\u010dine 54\u00d754 mm i idealna je za figure s kraljem visine 90-95 mm.<\/p>\n<p>UPOZORENJE! Nije prikladno za djecu mla\u0111u od tri godine.<\/p>","protected":false},"excerpt":{"rendered":"<p>\u0160ahovske figure \u017dENEVA Unikaten dizajn. Turnirska velikost, obte\u017eene, podlo\u017eene. Material: Palisander, pu\u0161pan &#8211; \u010drno pobarvane. Dimenzije: (vi\u0161ina | premer podlage): Kralj: 9,3 cm | 3,3 cm Dama: 9,0 cm | 3,1 cm Top: 5,5 cm | 3,1 cm Lovec: 7,1 cm | 3,1 cm Skaka\u010d: 6,9 cm | 3,0 cm Kmet: 5,0 cm | 2,8 [&hellip;]<\/p>","protected":false},"featured_media":48348,"comment_status":"closed","ping_status":"closed","template":"","meta":{"_seopress_robots_primary_cat":"none","_seopress_titles_title":"","_seopress_titles_desc":"","_seopress_robots_index":""},"product_brand":[],"product_cat":[581,510],"product_tag":[],"class_list":{"0":"post-48325","1":"product","2":"type-product","3":"status-publish","4":"has-post-thumbnail","6":"product_cat-sestavljeni-kompleti","7":"product_cat-sahovski-kompleti","8":"wcpa_has_options","10":"entry","11":"has-media","13":"first","14":"instock","15":"taxable","16":"shipping-taxable","17":"purchasable","18":"product-type-variable","19":"has-product-nav","20":"col","21":"span_1_of_4","22":"owp-content-center","23":"item-entry","24":"owp-thumbs-layout-horizontal","25":"owp-btn-normal","26":"owp-tabs-layout-section"},"wcpa_form_fields":{"rules":{"pric_overide_base_price":false,"pric_overide_base_price_if_gt_zero":false,"pric_overide_base_price_fully":false,"pric_cal_option_once":false,"pric_use_as_fee":false,"bind_quantity":false,"quantity_bind_formula":false},"fields":[{"type":"text","elementId":"wcpa-text-1666713333654","label":"Gravura ( opcijsko )","description":"Vpi\u0161ite \u017eeljeni tekst za graviranje (npr. Vse najbolj\u0161e, IME, datum ipd.)","desc_type":true,"enablePrice":true,"pricingType":"fixed","price":"7","name":"text-1666713333654","fee_label":"Za naro\u010dnike izven eu, bo davek od\u0161tet na blagajni.","subtype":"text","maxlength":"16","cl_rule":"show","col":6,"relations":false,"form_id":46231,"form_rules":{"pric_cal_option_once":false,"exclude_from_discount":false,"pric_use_as_fee":false,"fee_label":"Fee","render_after_acb":false,"disp_hide_options_price":false}}]},"_links":{"self":[{"href":"https:\/\/chessgamesemporium.com\/hr\/wp-json\/wp\/v2\/product\/48325","targetHints":{"allow":["GET"]}}],"collection":[{"href":"https:\/\/chessgamesemporium.com\/hr\/wp-json\/wp\/v2\/product"}],"about":[{"href":"https:\/\/chessgamesemporium.com\/hr\/wp-json\/wp\/v2\/types\/product"}],"replies":[{"embeddable":true,"href":"https:\/\/chessgamesemporium.com\/hr\/wp-json\/wp\/v2\/comments?post=48325"}],"version-history":[{"count":0,"href":"https:\/\/chessgamesemporium.com\/hr\/wp-json\/wp\/v2\/product\/48325\/revisions"}],"wp:featuredmedia":[{"embeddable":true,"href":"https:\/\/chessgamesemporium.com\/hr\/wp-json\/wp\/v2\/media\/48348"}],"wp:attachment":[{"href":"https:\/\/chessgamesemporium.com\/hr\/wp-json\/wp\/v2\/media?parent=48325"}],"wp:term":[{"taxonomy":"product_brand","embeddable":true,"href":"https:\/\/chessgamesemporium.com\/hr\/wp-json\/wp\/v2\/product_brand?post=48325"},{"taxonomy":"product_cat","embeddable":true,"href":"https:\/\/chessgamesemporium.com\/hr\/wp-json\/wp\/v2\/product_cat?post=48325"},{"taxonomy":"product_tag","embeddable":true,"href":"https:\/\/chessgamesemporium.com\/hr\/wp-json\/wp\/v2\/product_tag?post=48325"}],"curies":[{"name":"wp","href":"https:\/\/api.w.org\/{rel}","templated":true}]}}