{"id":48383,"date":"2023-04-06T11:00:42","date_gmt":"2023-04-06T11:00:42","guid":{"rendered":"https:\/\/www.ivh44.si\/Ponudbe\/chess\/?post_type=product&#038;p=48383"},"modified":"2024-02-15T09:18:23","modified_gmt":"2024-02-15T09:18:23","slug":"sahovski-komplet-benetke","status":"publish","type":"product","link":"https:\/\/chessgamesemporium.com\/hr\/shop\/sahovski-kompleti\/sastavljani-kompleti\/sahovski-komplet-benetke\/","title":{"rendered":"\u0160ahovski komplet BENETKE"},"content":{"rendered":"<p>Figure:<br \/>\nModerno oblikovane \u0161ahovske figure<br \/>\nRu\u010dno izra\u0111ene i ro\u010dno obojene<br \/>\nPodstavljene<br \/>\nPrikladno za \u0161ahovnice s poljem veli\u010dine izme\u0111u 45 i 50 mm.<\/p>\n<p>Dimenzije: (visina | promjer baze)<br \/>\nKralj: 7,5 cm | 2,7 cm<br \/>\nDama: 6,3 cm | 2,7 cm<br \/>\nTop: 4,4 cm | 2,7 cm<br \/>\nLovac: 5,9 cm | 2,7 cm<br \/>\nSkaka\u010d: 4,8 cm | 2,7 cm<br \/>\nPje\u0161ak: 4,1 cm | 2,6 cm<\/p>\n<p>Drvena \u0161ahovska plo\u010da:<br \/>\nRu\u010dno ra\u0111ena \u0161ahovnica od oraha i hrasta (intarzija).<\/p>\n<p>Dimenzije: 50x50x1,5 cm<br \/>\nPrecizno izra\u0111ena \u0161ahovnica od pa\u017eljivo biranog furnira oraha i hrasta.<br \/>\nLijep dizajn, pogodan i za poklon.<\/p>\n<p>UPOZORENJE! Nije prikladno za djecu mla\u0111u od tri godine.<\/p>","protected":false},"excerpt":{"rendered":"<p>Figure: Moderno oblikovane \u0161ahovske figure Ro\u010dno izdelane in ro\u010dno barvane Podlo\u017eene Primerne za \u0161ahovnice s poljem med 45 in 50 mm Dimenzije: (vi\u0161ina | premer podlage) Kralj: 7,5 cm | 2,7 cm Dama: 6,3 cm | 2,7 cm Top: 4,4 cm | 2,7 cm Lovec: 5,9 cm | 2,7 cm Skaka\u010d: 4,8 cm | 2,7 [&hellip;]<\/p>","protected":false},"featured_media":48486,"comment_status":"closed","ping_status":"closed","template":"","meta":{"_seopress_robots_primary_cat":"none","_seopress_titles_title":"","_seopress_titles_desc":"","_seopress_robots_index":""},"product_brand":[],"product_cat":[581,510],"product_tag":[],"class_list":{"0":"post-48383","1":"product","2":"type-product","3":"status-publish","4":"has-post-thumbnail","6":"product_cat-sestavljeni-kompleti","7":"product_cat-sahovski-kompleti","8":"wcpa_has_options","10":"entry","11":"has-media","13":"first","14":"instock","15":"taxable","16":"shipping-taxable","17":"purchasable","18":"product-type-variable","19":"has-product-nav","20":"col","21":"span_1_of_4","22":"owp-content-center","23":"item-entry","24":"owp-thumbs-layout-horizontal","25":"owp-btn-normal","26":"owp-tabs-layout-section"},"wcpa_form_fields":{"rules":{"pric_overide_base_price":false,"pric_overide_base_price_if_gt_zero":false,"pric_overide_base_price_fully":false,"pric_cal_option_once":false,"pric_use_as_fee":false,"bind_quantity":false,"quantity_bind_formula":false},"fields":[{"type":"text","elementId":"wcpa-text-1666713333654","label":"Gravura ( opcijsko )","description":"Vpi\u0161ite \u017eeljeni tekst za graviranje (npr. Vse najbolj\u0161e, IME, datum ipd.)","desc_type":true,"enablePrice":true,"pricingType":"fixed","price":"7","name":"text-1666713333654","fee_label":"Za naro\u010dnike izven eu, bo davek od\u0161tet na blagajni.","subtype":"text","maxlength":"16","cl_rule":"show","col":6,"relations":false,"form_id":46231,"form_rules":{"pric_cal_option_once":false,"exclude_from_discount":false,"pric_use_as_fee":false,"fee_label":"Fee","render_after_acb":false,"disp_hide_options_price":false}}]},"_links":{"self":[{"href":"https:\/\/chessgamesemporium.com\/hr\/wp-json\/wp\/v2\/product\/48383","targetHints":{"allow":["GET"]}}],"collection":[{"href":"https:\/\/chessgamesemporium.com\/hr\/wp-json\/wp\/v2\/product"}],"about":[{"href":"https:\/\/chessgamesemporium.com\/hr\/wp-json\/wp\/v2\/types\/product"}],"replies":[{"embeddable":true,"href":"https:\/\/chessgamesemporium.com\/hr\/wp-json\/wp\/v2\/comments?post=48383"}],"version-history":[{"count":0,"href":"https:\/\/chessgamesemporium.com\/hr\/wp-json\/wp\/v2\/product\/48383\/revisions"}],"wp:featuredmedia":[{"embeddable":true,"href":"https:\/\/chessgamesemporium.com\/hr\/wp-json\/wp\/v2\/media\/48486"}],"wp:attachment":[{"href":"https:\/\/chessgamesemporium.com\/hr\/wp-json\/wp\/v2\/media?parent=48383"}],"wp:term":[{"taxonomy":"product_brand","embeddable":true,"href":"https:\/\/chessgamesemporium.com\/hr\/wp-json\/wp\/v2\/product_brand?post=48383"},{"taxonomy":"product_cat","embeddable":true,"href":"https:\/\/chessgamesemporium.com\/hr\/wp-json\/wp\/v2\/product_cat?post=48383"},{"taxonomy":"product_tag","embeddable":true,"href":"https:\/\/chessgamesemporium.com\/hr\/wp-json\/wp\/v2\/product_tag?post=48383"}],"curies":[{"name":"wp","href":"https:\/\/api.w.org\/{rel}","templated":true}]}}