{"id":48385,"date":"2023-04-06T11:14:27","date_gmt":"2023-04-06T11:14:27","guid":{"rendered":"https:\/\/www.ivh44.si\/Ponudbe\/chess\/?post_type=product&#038;p=48385"},"modified":"2024-02-15T08:54:13","modified_gmt":"2024-02-15T08:54:13","slug":"sahovski-komplet-dubaj","status":"publish","type":"product","link":"https:\/\/chessgamesemporium.com\/hr\/shop\/sahovski-kompleti\/sastavljani-kompleti\/sahovski-komplet-dubaj\/","title":{"rendered":"\u0160ahovski komplet DUBAJ"},"content":{"rendered":"<p>\u0160ahovske figure:<br \/>\nTurnirska veli\u010dina, dvostruko ote\u017eane, podlo\u017eene.<\/p>\n<p>Dimenzije: (visina figure | promjer baze)<br \/>\nKralj: 9,1 cm | 3,5 cm<br \/>\nDama: 7,6 cm | 3,5 cm<br \/>\nTop: 5,1 cm | 3,3 cm<br \/>\nLovac: 7,0 cm | 3,3 cm<br \/>\nSkaka\u010d: 7,0 cm | 3,3 cm<br \/>\nPje\u0161ak: 4,4 cm | 2,8 cm<\/p>\n<p>Drvena \u0161ahovska plo\u010da<\/p>\n<p>Dimenzije polja: 55 \u00d7 55 mm<br \/>\nDimenzije plo\u010de: 55 cm<br \/>\nDebljina plo\u010de: 1,3 cm<\/p>\n<p>UPOZORENJE! Nije prikladno za djecu mla\u0111u od tri godine.<\/p>","protected":false},"excerpt":{"rendered":"<p>\u0160ahovske figure: Turnirska velikost, dvojno obte\u017eene, podlo\u017eene. Dimenzije: (vi\u0161ina | premer podlage): Kralj: 9,1 cm | 3,5 cm Dama: 7,6 cm | 3,5 cm Top: 5,1 cm | 3,3 cm Lovec: 7,0 cm | 3,3 cm Skaka\u010d: 7,0 cm | 3,3 cm Kmet: 4,4 cm | 2,8 cm Lesena \u0161ahovnica Dimenzije polja: 55 mm Dimenzije [&hellip;]<\/p>","protected":false},"featured_media":48404,"comment_status":"closed","ping_status":"closed","template":"","meta":{"_seopress_robots_primary_cat":"none","_seopress_titles_title":"","_seopress_titles_desc":"","_seopress_robots_index":""},"product_brand":[],"product_cat":[581,510],"product_tag":[],"class_list":{"0":"post-48385","1":"product","2":"type-product","3":"status-publish","4":"has-post-thumbnail","6":"product_cat-sestavljeni-kompleti","7":"product_cat-sahovski-kompleti","8":"wcpa_has_options","10":"entry","11":"has-media","13":"first","14":"instock","15":"taxable","16":"shipping-taxable","17":"purchasable","18":"product-type-simple","19":"has-product-nav","20":"col","21":"span_1_of_4","22":"owp-content-center","23":"item-entry","24":"owp-thumbs-layout-horizontal","25":"owp-btn-normal","26":"owp-tabs-layout-section"},"wcpa_form_fields":{"rules":{"pric_overide_base_price":false,"pric_overide_base_price_if_gt_zero":false,"pric_overide_base_price_fully":false,"pric_cal_option_once":false,"pric_use_as_fee":false,"bind_quantity":false,"quantity_bind_formula":false},"fields":[{"type":"text","elementId":"wcpa-text-1666713333654","label":"Gravura ( opcijsko )","description":"Vpi\u0161ite \u017eeljeni tekst za graviranje (npr. Vse najbolj\u0161e, IME, datum ipd.)","desc_type":true,"enablePrice":true,"pricingType":"fixed","price":"7","name":"text-1666713333654","fee_label":"Za naro\u010dnike izven eu, bo davek od\u0161tet na blagajni.","subtype":"text","maxlength":"16","cl_rule":"show","col":6,"relations":false,"form_id":46231,"form_rules":{"pric_cal_option_once":false,"exclude_from_discount":false,"pric_use_as_fee":false,"fee_label":"Fee","render_after_acb":false,"disp_hide_options_price":false}}]},"_links":{"self":[{"href":"https:\/\/chessgamesemporium.com\/hr\/wp-json\/wp\/v2\/product\/48385","targetHints":{"allow":["GET"]}}],"collection":[{"href":"https:\/\/chessgamesemporium.com\/hr\/wp-json\/wp\/v2\/product"}],"about":[{"href":"https:\/\/chessgamesemporium.com\/hr\/wp-json\/wp\/v2\/types\/product"}],"replies":[{"embeddable":true,"href":"https:\/\/chessgamesemporium.com\/hr\/wp-json\/wp\/v2\/comments?post=48385"}],"version-history":[{"count":0,"href":"https:\/\/chessgamesemporium.com\/hr\/wp-json\/wp\/v2\/product\/48385\/revisions"}],"wp:featuredmedia":[{"embeddable":true,"href":"https:\/\/chessgamesemporium.com\/hr\/wp-json\/wp\/v2\/media\/48404"}],"wp:attachment":[{"href":"https:\/\/chessgamesemporium.com\/hr\/wp-json\/wp\/v2\/media?parent=48385"}],"wp:term":[{"taxonomy":"product_brand","embeddable":true,"href":"https:\/\/chessgamesemporium.com\/hr\/wp-json\/wp\/v2\/product_brand?post=48385"},{"taxonomy":"product_cat","embeddable":true,"href":"https:\/\/chessgamesemporium.com\/hr\/wp-json\/wp\/v2\/product_cat?post=48385"},{"taxonomy":"product_tag","embeddable":true,"href":"https:\/\/chessgamesemporium.com\/hr\/wp-json\/wp\/v2\/product_tag?post=48385"}],"curies":[{"name":"wp","href":"https:\/\/api.w.org\/{rel}","templated":true}]}}