{"id":48417,"date":"2023-04-07T10:39:16","date_gmt":"2023-04-07T10:39:16","guid":{"rendered":"https:\/\/www.ivh44.si\/Ponudbe\/chess\/?post_type=product&#038;p=48417"},"modified":"2024-02-15T07:56:38","modified_gmt":"2024-02-15T07:56:38","slug":"sahovski-komplet-tokio","status":"publish","type":"product","link":"https:\/\/chessgamesemporium.com\/hr\/shop\/sahovski-kompleti\/sastavljani-kompleti\/sahovski-komplet-tokio\/","title":{"rendered":"\u0160ahovski komplet TOKIO"},"content":{"rendered":"<p>Drvene \u0160ahovske Figure AMBASADA<br \/>\nDrvene, podlo\u017eene, lakirane, s ugraviranim dizajnom.<\/p>\n<p>Dimenzije: (visina figure | promjer baze)<br \/>\nKralj: 10,8 cm | 3,8 cm<br \/>\nDama: 9,1 cm | 3,8 cm<br \/>\nTop: 6,2 cm | 3,8 cm<br \/>\nLovac: 7,2 cm | 3,8 cm<br \/>\nSkaka\u010d: 7,1 cm | 3,8 cm<br \/>\nPje\u0161ak: 5,1 cm | 3,1 cm<\/p>\n<p>Drvena \u0161ahovska plo\u010da MAINZ 55<br \/>\nIntarzija, bez notacije, podstavljena<\/p>\n<p>Dimenzije polja: 55 \u00d7 55 mm<br \/>\nDimenzije plo\u010de: 55 cm<br \/>\nDebljina plo\u010de: 1,3 cm<\/p>\n<p>Ova furnirana \u0161ahovnica veli\u010dine 55 x 55 cm izra\u0111ena je od javora i palisandra. Polje mjeri 55 x 55 mm.<\/p>\n<p>UPOZORENJE! Nije prikladno za djecu mla\u0111u od tri godine.<\/p>","protected":false},"excerpt":{"rendered":"<p>Lesene \u0160ahovske Figure AMBASADA Lesene, podlo\u017eene, lakirane, v\u017egan dizajn Dimenzije: (vi\u0161ina figure | premer podlage) Kralj: 10,8 cm | 3,8 cm Dama: 9,1 cm | 3,8 cm Top: 6,2 cm | 3,8 cm Lovec: 7,2 cm | 3,8 cm Skaka\u010d: 7,1 cm | 3,8 cm Kmet: 5,1 cm | 3,1 cm Lesena \u0161ahovnica MAINZ 55 [&hellip;]<\/p>","protected":false},"featured_media":48432,"comment_status":"closed","ping_status":"closed","template":"","meta":{"_seopress_robots_primary_cat":"none","_seopress_titles_title":"","_seopress_titles_desc":"","_seopress_robots_index":""},"product_brand":[],"product_cat":[581,510],"product_tag":[],"class_list":{"0":"post-48417","1":"product","2":"type-product","3":"status-publish","4":"has-post-thumbnail","6":"product_cat-sestavljeni-kompleti","7":"product_cat-sahovski-kompleti","8":"wcpa_has_options","10":"entry","11":"has-media","13":"first","14":"instock","15":"taxable","16":"shipping-taxable","17":"purchasable","18":"product-type-simple","19":"has-product-nav","20":"col","21":"span_1_of_4","22":"owp-content-center","23":"item-entry","24":"owp-thumbs-layout-horizontal","25":"owp-btn-normal","26":"owp-tabs-layout-section"},"wcpa_form_fields":{"rules":{"pric_overide_base_price":false,"pric_overide_base_price_if_gt_zero":false,"pric_overide_base_price_fully":false,"pric_cal_option_once":false,"pric_use_as_fee":false,"bind_quantity":false,"quantity_bind_formula":false},"fields":[{"type":"text","elementId":"wcpa-text-1666713333654","label":"Gravura ( opcijsko )","description":"Vpi\u0161ite \u017eeljeni tekst za graviranje (npr. Vse najbolj\u0161e, IME, datum ipd.)","desc_type":true,"enablePrice":true,"pricingType":"fixed","price":"7","name":"text-1666713333654","fee_label":"Za naro\u010dnike izven eu, bo davek od\u0161tet na blagajni.","subtype":"text","maxlength":"16","cl_rule":"show","col":6,"relations":false,"form_id":46231,"form_rules":{"pric_cal_option_once":false,"exclude_from_discount":false,"pric_use_as_fee":false,"fee_label":"Fee","render_after_acb":false,"disp_hide_options_price":false}}]},"_links":{"self":[{"href":"https:\/\/chessgamesemporium.com\/hr\/wp-json\/wp\/v2\/product\/48417","targetHints":{"allow":["GET"]}}],"collection":[{"href":"https:\/\/chessgamesemporium.com\/hr\/wp-json\/wp\/v2\/product"}],"about":[{"href":"https:\/\/chessgamesemporium.com\/hr\/wp-json\/wp\/v2\/types\/product"}],"replies":[{"embeddable":true,"href":"https:\/\/chessgamesemporium.com\/hr\/wp-json\/wp\/v2\/comments?post=48417"}],"version-history":[{"count":0,"href":"https:\/\/chessgamesemporium.com\/hr\/wp-json\/wp\/v2\/product\/48417\/revisions"}],"wp:featuredmedia":[{"embeddable":true,"href":"https:\/\/chessgamesemporium.com\/hr\/wp-json\/wp\/v2\/media\/48432"}],"wp:attachment":[{"href":"https:\/\/chessgamesemporium.com\/hr\/wp-json\/wp\/v2\/media?parent=48417"}],"wp:term":[{"taxonomy":"product_brand","embeddable":true,"href":"https:\/\/chessgamesemporium.com\/hr\/wp-json\/wp\/v2\/product_brand?post=48417"},{"taxonomy":"product_cat","embeddable":true,"href":"https:\/\/chessgamesemporium.com\/hr\/wp-json\/wp\/v2\/product_cat?post=48417"},{"taxonomy":"product_tag","embeddable":true,"href":"https:\/\/chessgamesemporium.com\/hr\/wp-json\/wp\/v2\/product_tag?post=48417"}],"curies":[{"name":"wp","href":"https:\/\/api.w.org\/{rel}","templated":true}]}}