{"id":48451,"date":"2023-04-13T09:11:18","date_gmt":"2023-04-13T09:11:18","guid":{"rendered":"https:\/\/www.ivh44.si\/Ponudbe\/chess\/?post_type=product&#038;p=48451"},"modified":"2024-02-20T12:42:43","modified_gmt":"2024-02-20T12:42:43","slug":"sahovski-komplet-essen","status":"publish","type":"product","link":"https:\/\/chessgamesemporium.com\/hr\/shop\/sahovski-kompleti\/sastavljani-kompleti\/sahovski-komplet-essen\/","title":{"rendered":"\u0160ahovski Komplet ESSEN"},"content":{"rendered":"<p>\u0160ahovska garnitura Essen lijepo je dizajnirana i elegantna \u0161ahovska garnitura koja kombinira tradicionalnu estetiku s modernim dizajnom. Set sadr\u017ei izdr\u017eljive i vizualno privla\u010dne drvene dijelove, \u0161to ga \u010dini idealnim izborom za \u0161ahovske entuzijaste svih razina vje\u0161tina. Set uklju\u010duje elegantnu drvenu plo\u010du koja pobolj\u0161ava cjelokupno iskustvo igranja, \u010dine\u0107i ga savr\u0161enim dodatkom bilo kojoj kolekciji ili promi\u0161ljenim poklonom za strastvene \u0161ahiste.<\/p>\n<p>Staunton figure<br \/>\nKvalitetne podstavljene drvene figure.<br \/>\nTurnirska velikost<br \/>\nMaterijal: gabro<br \/>\nTe \u0161ahovske figure su idealne za \u0161ahovnice veli\u010dine 6 i 5+, te se lijepo klize po \u0161ahovnici.<\/p>\n<p>Dimenzije: (visina | promjer baze)<br \/>\nKralj: 9,2 cm | 3,2 cm<br \/>\nDama: 8,3 cm | 3,2 cm<br \/>\nTop: 5,3 cm | 2,8 cm<br \/>\nLovac: 6,7 cm | 2,9 cm<br \/>\nSkaka\u010d: 5,9 cm | 2,8 cm<br \/>\nPje\u0161ak: 4,5 cm | 2,4 cm<\/p>\n<p>Drvena \u0161ahovska plo\u010da Essen<br \/>\nDimenzije polja: 50 x 50 mm<br \/>\nDimenzije plo\u010de: 45 \u00d7 45 cm<br \/>\nDebljina plo\u010de: 1,3 cm<br \/>\nOva furnirana \u0161ahovnica veli\u010dine 45\u00d745 cm izra\u0111ena je od oraha i javora. Polje mjeri 50 mm i idealno je za figure s kraljem visine 90-95 mm.<\/p>","protected":false},"excerpt":{"rendered":"<p>\u0160ahovski set Essen je lepo oblikovan in eleganten \u0161ahovski komplet, ki zdru\u017euje tradicionalno estetiko s sodobnim dizajnom. Komplet vsebuje lesene trpe\u017ene in vizualno privla\u010dne figure, zaradi \u010desar je idealna izbira za \u0161ahovske navdu\u0161ence vseh ravni znanja. Komplet vklju\u010duje elegantno leseno tablo, ki izbolj\u0161a celotno igralno izku\u0161njo, zaradi \u010desar je popoln dodatek k vsaki zbirki ali [&hellip;]<\/p>","protected":false},"featured_media":48461,"comment_status":"closed","ping_status":"closed","template":"","meta":{"_seopress_robots_primary_cat":"none","_seopress_titles_title":"","_seopress_titles_desc":"","_seopress_robots_index":""},"product_brand":[],"product_cat":[581,510],"product_tag":[],"class_list":{"0":"post-48451","1":"product","2":"type-product","3":"status-publish","4":"has-post-thumbnail","6":"product_cat-sestavljeni-kompleti","7":"product_cat-sahovski-kompleti","8":"wcpa_has_options","10":"entry","11":"has-media","13":"first","14":"instock","15":"taxable","16":"shipping-taxable","17":"purchasable","18":"product-type-simple","19":"has-product-nav","20":"col","21":"span_1_of_4","22":"owp-content-center","23":"item-entry","24":"owp-thumbs-layout-horizontal","25":"owp-btn-normal","26":"owp-tabs-layout-section"},"wcpa_form_fields":{"rules":{"pric_overide_base_price":false,"pric_overide_base_price_if_gt_zero":false,"pric_overide_base_price_fully":false,"pric_cal_option_once":false,"pric_use_as_fee":false,"bind_quantity":false,"quantity_bind_formula":false},"fields":[{"type":"text","elementId":"wcpa-text-1666713333654","label":"Gravura ( opcijsko )","description":"Vpi\u0161ite \u017eeljeni tekst za graviranje (npr. Vse najbolj\u0161e, IME, datum ipd.)","desc_type":true,"enablePrice":true,"pricingType":"fixed","price":"7","name":"text-1666713333654","fee_label":"Za naro\u010dnike izven eu, bo davek od\u0161tet na blagajni.","subtype":"text","maxlength":"16","cl_rule":"show","col":6,"relations":false,"form_id":46231,"form_rules":{"pric_cal_option_once":false,"exclude_from_discount":false,"pric_use_as_fee":false,"fee_label":"Fee","render_after_acb":false,"disp_hide_options_price":false}}]},"_links":{"self":[{"href":"https:\/\/chessgamesemporium.com\/hr\/wp-json\/wp\/v2\/product\/48451","targetHints":{"allow":["GET"]}}],"collection":[{"href":"https:\/\/chessgamesemporium.com\/hr\/wp-json\/wp\/v2\/product"}],"about":[{"href":"https:\/\/chessgamesemporium.com\/hr\/wp-json\/wp\/v2\/types\/product"}],"replies":[{"embeddable":true,"href":"https:\/\/chessgamesemporium.com\/hr\/wp-json\/wp\/v2\/comments?post=48451"}],"version-history":[{"count":0,"href":"https:\/\/chessgamesemporium.com\/hr\/wp-json\/wp\/v2\/product\/48451\/revisions"}],"wp:featuredmedia":[{"embeddable":true,"href":"https:\/\/chessgamesemporium.com\/hr\/wp-json\/wp\/v2\/media\/48461"}],"wp:attachment":[{"href":"https:\/\/chessgamesemporium.com\/hr\/wp-json\/wp\/v2\/media?parent=48451"}],"wp:term":[{"taxonomy":"product_brand","embeddable":true,"href":"https:\/\/chessgamesemporium.com\/hr\/wp-json\/wp\/v2\/product_brand?post=48451"},{"taxonomy":"product_cat","embeddable":true,"href":"https:\/\/chessgamesemporium.com\/hr\/wp-json\/wp\/v2\/product_cat?post=48451"},{"taxonomy":"product_tag","embeddable":true,"href":"https:\/\/chessgamesemporium.com\/hr\/wp-json\/wp\/v2\/product_tag?post=48451"}],"curies":[{"name":"wp","href":"https:\/\/api.w.org\/{rel}","templated":true}]}}