{"id":48551,"date":"2023-04-24T12:10:49","date_gmt":"2023-04-24T12:10:49","guid":{"rendered":"https:\/\/www.ivh44.si\/Ponudbe\/chess\/?post_type=product&#038;p=48551"},"modified":"2025-03-11T11:06:19","modified_gmt":"2025-03-11T11:06:19","slug":"sahovski-komplet-tournament-5p","status":"publish","type":"product","link":"https:\/\/chessgamesemporium.com\/hr\/shop\/sahovski-kompleti\/sastavljani-kompleti\/sahovski-komplet-tournament-5p\/","title":{"rendered":"\u0160ahovski komplet TOURNAMENT 5P"},"content":{"rendered":"<p>Definitivno! \u0160ahovski set Tournament 5P je visokokvalitetan i elegantno dizajniran \u0161ahovski set, idealan za ozbiljne igra\u010de i entuzijaste. Ovaj turnirski set uklju\u010duje \u010dvrstu plo\u010du i izdr\u017eljive drvene figure kako bi igra\u010dima pru\u017eili profesionalno iskustvo igranja. Bilo za le\u017eerne igre ili natjecateljske turnire, ovaj \u0161ahovski set sigurno \u0107e impresionirati svojom klasi\u010dnom estetikom i funkcionalno\u0161\u0107u.<\/p>\n<p>Drvene \u0161ahovske figure TOURNAMENT STAUNTON<br \/>\nOte\u017eene, presvu\u010deno filcom<\/p>\n<p>Materijal: grab<\/p>\n<p>Dimenzije: (visina figure | promjer baze)<br \/>\nKralj: 9,8 cm \/ 3,6 cm<br \/>\nDama: 8,3 cm \/ 3,6 cm<br \/>\nTop: 5,3 cm \/ 3,2 cm<br \/>\nLovac: 6,8 cm \/ 3,2 cm<br \/>\nSkaka\u010d: 6,4 cm \/ 3,2 cm<br \/>\nPje\u0161ak: 4,5 cm \/ 2,6 cm<\/p>\n<p>Drvena \u0161ahovska plo\u010da Tournament 5P<br \/>\nS notacijom<\/p>\n<p>Materijal: Drvo oblo\u017eeno poliesterom.<\/p>\n<p>Dimenzije polja: 54 \u00d7 54 mm<br \/>\nDimenzije plo\u010de: 50 \u00d7 50 cm<br \/>\nDebljina plo\u010de: 1,5 cm<\/p>\n<p>Polja ove \u0161ahovske plo\u010de veli\u010dine 54 x 54 mm idealna su za \u0161ahovske figure s visinom kralja od 95-98 mm.<\/p>\n<p>UPOZORENJE! Nije prikladno za djecu mla\u0111u od tri godine.<\/p>","protected":false},"excerpt":{"rendered":"<p>Vsekakor! \u0160ahovski komplet Tournament 5P je visokokakovosten in elegantno oblikovan \u0161ahovski komplet, idealen za resne igralce in navdu\u0161ence. Ta komplet, primeren za turnir, vklju\u010duje trdno desko in vzdr\u017eljive lesene figure, ki igralcem zagotavljajo profesionalno izku\u0161njo igranja. Ne glede na to, ali gre za prilo\u017enostne igre ali tekmovalne turnirje, bo ta \u0161ahovski komplet zagotovo navdu\u0161il s [&hellip;]<\/p>","protected":false},"featured_media":48567,"comment_status":"closed","ping_status":"closed","template":"","meta":{"_seopress_robots_primary_cat":"none","_seopress_titles_title":"","_seopress_titles_desc":"","_seopress_robots_index":""},"product_brand":[],"product_cat":[581,510],"product_tag":[],"class_list":{"0":"post-48551","1":"product","2":"type-product","3":"status-publish","4":"has-post-thumbnail","6":"product_cat-sestavljeni-kompleti","7":"product_cat-sahovski-kompleti","8":"wcpa_has_options","10":"entry","11":"has-media","13":"first","14":"instock","15":"taxable","16":"shipping-taxable","17":"purchasable","18":"product-type-variable","19":"has-product-nav","20":"col","21":"span_1_of_4","22":"owp-content-center","23":"item-entry","24":"owp-thumbs-layout-horizontal","25":"owp-btn-normal","26":"owp-tabs-layout-section"},"wcpa_form_fields":{"rules":{"pric_overide_base_price":false,"pric_overide_base_price_if_gt_zero":false,"pric_overide_base_price_fully":false,"pric_cal_option_once":false,"pric_use_as_fee":false,"bind_quantity":false,"quantity_bind_formula":false},"fields":[{"type":"text","elementId":"wcpa-text-1666713333654","label":"Gravura ( opcijsko )","description":"Vpi\u0161ite \u017eeljeni tekst za graviranje (npr. Vse najbolj\u0161e, IME, datum ipd.)","desc_type":true,"enablePrice":true,"pricingType":"fixed","price":"7","name":"text-1666713333654","fee_label":"Za naro\u010dnike izven eu, bo davek od\u0161tet na blagajni.","subtype":"text","maxlength":"16","cl_rule":"show","col":6,"relations":false,"form_id":46231,"form_rules":{"pric_cal_option_once":false,"exclude_from_discount":false,"pric_use_as_fee":false,"fee_label":"Fee","render_after_acb":false,"disp_hide_options_price":false}}]},"_links":{"self":[{"href":"https:\/\/chessgamesemporium.com\/hr\/wp-json\/wp\/v2\/product\/48551","targetHints":{"allow":["GET"]}}],"collection":[{"href":"https:\/\/chessgamesemporium.com\/hr\/wp-json\/wp\/v2\/product"}],"about":[{"href":"https:\/\/chessgamesemporium.com\/hr\/wp-json\/wp\/v2\/types\/product"}],"replies":[{"embeddable":true,"href":"https:\/\/chessgamesemporium.com\/hr\/wp-json\/wp\/v2\/comments?post=48551"}],"version-history":[{"count":0,"href":"https:\/\/chessgamesemporium.com\/hr\/wp-json\/wp\/v2\/product\/48551\/revisions"}],"wp:featuredmedia":[{"embeddable":true,"href":"https:\/\/chessgamesemporium.com\/hr\/wp-json\/wp\/v2\/media\/48567"}],"wp:attachment":[{"href":"https:\/\/chessgamesemporium.com\/hr\/wp-json\/wp\/v2\/media?parent=48551"}],"wp:term":[{"taxonomy":"product_brand","embeddable":true,"href":"https:\/\/chessgamesemporium.com\/hr\/wp-json\/wp\/v2\/product_brand?post=48551"},{"taxonomy":"product_cat","embeddable":true,"href":"https:\/\/chessgamesemporium.com\/hr\/wp-json\/wp\/v2\/product_cat?post=48551"},{"taxonomy":"product_tag","embeddable":true,"href":"https:\/\/chessgamesemporium.com\/hr\/wp-json\/wp\/v2\/product_tag?post=48551"}],"curies":[{"name":"wp","href":"https:\/\/api.w.org\/{rel}","templated":true}]}}