{"id":48585,"date":"2023-04-25T10:30:21","date_gmt":"2023-04-25T10:30:21","guid":{"rendered":"https:\/\/www.ivh44.si\/Ponudbe\/chess\/?post_type=product&#038;p=48585"},"modified":"2025-02-25T12:48:16","modified_gmt":"2025-02-25T12:48:16","slug":"sahovski-komplet-staunton-oak","status":"publish","type":"product","link":"https:\/\/chessgamesemporium.com\/hr\/shop\/sahovski-kompleti\/sastavljani-kompleti\/sahovski-komplet-staunton-oak\/","title":{"rendered":"\u0160ahovski komplet STAUNTON OAK"},"content":{"rendered":"<p>FIGURE<\/p>\n<p>\u0160ahovske figure u standardnom Staunton stilu dodatno su ote\u017eane, lakirane i izra\u0111ene od plemenitog indijskog drveta (palisandar | drvo bukve). Figure su oblo\u017eene tkaninom i turnirske veli\u010dine.<\/p>\n<p>Dimenzije: (visina | promjer baze)<br \/>\nKralj: 9,6 cm | 3,5 cm<br \/>\nDama: 8,2 cm | 3,5 cm<br \/>\nTop: 5,6 cm | 3,2 cm<br \/>\nLovac: 6,9 cm | 3,2 cm<br \/>\nSkaka\u010d: 6,7 cm | 3,2 cm<br \/>\nPje\u0161ak: 4,5 cm | 2,6 cm<\/p>\n<p>\u0160AHOVSKA PLO\u010cA<\/p>\n<p>Ru\u010dno ra\u0111ena \u0161ahovnica od oraha i hrasta (intarzija).<\/p>\n<p>Dimenzije: 50 x 50 x 1,5 cm<br \/>\nDimenzije polja: 50 \u00d7 50 mm<br \/>\nPrecizno izra\u0111ena \u0161ahovnica od pa\u017eljivo biranog furnira oraha i hrasta.<br \/>\nLijep dizajn, pogodan i za poklon.<\/p>\n<p>UPOZORENJE! Nije prikladno za djecu mla\u0111u od tri godine.<\/p>","protected":false},"excerpt":{"rendered":"<p>FIGURE \u0160ahovske figure Staunton standard so dodatno obte\u017eene, lakirane in narejene iz plemenitega indijskega lesa ( palisander | zelenika ). Figure so podlo\u017eene z blagom in so turnirske velikosti. Dimenzije: (vi\u0161ina | premer podlage) Kralj: 9,6 cm | 3,5 cm Dama: 8,2 cm | 3,5 cm Top: 5,6 cm | 3,2 cm Lovec: 6,9 cm [&hellip;]<\/p>","protected":false},"featured_media":48591,"comment_status":"closed","ping_status":"closed","template":"","meta":{"_seopress_robots_primary_cat":"none","_seopress_titles_title":"","_seopress_titles_desc":"","_seopress_robots_index":""},"product_brand":[],"product_cat":[581,510],"product_tag":[],"class_list":{"0":"post-48585","1":"product","2":"type-product","3":"status-publish","4":"has-post-thumbnail","6":"product_cat-sestavljeni-kompleti","7":"product_cat-sahovski-kompleti","8":"wcpa_has_options","10":"entry","11":"has-media","13":"first","14":"instock","15":"taxable","16":"shipping-taxable","17":"purchasable","18":"product-type-simple","19":"has-product-nav","20":"col","21":"span_1_of_4","22":"owp-content-center","23":"item-entry","24":"owp-thumbs-layout-horizontal","25":"owp-btn-normal","26":"owp-tabs-layout-section"},"wcpa_form_fields":{"rules":{"pric_overide_base_price":false,"pric_overide_base_price_if_gt_zero":false,"pric_overide_base_price_fully":false,"pric_cal_option_once":false,"pric_use_as_fee":false,"bind_quantity":false,"quantity_bind_formula":false},"fields":[{"type":"text","elementId":"wcpa-text-1666713333654","label":"Gravura ( opcijsko )","description":"Vpi\u0161ite \u017eeljeni tekst za graviranje (npr. Vse najbolj\u0161e, IME, datum ipd.)","desc_type":true,"enablePrice":true,"pricingType":"fixed","price":"7","name":"text-1666713333654","fee_label":"Za naro\u010dnike izven eu, bo davek od\u0161tet na blagajni.","subtype":"text","maxlength":"16","cl_rule":"show","col":6,"relations":false,"form_id":46231,"form_rules":{"pric_cal_option_once":false,"exclude_from_discount":false,"pric_use_as_fee":false,"fee_label":"Fee","render_after_acb":false,"disp_hide_options_price":false}}]},"_links":{"self":[{"href":"https:\/\/chessgamesemporium.com\/hr\/wp-json\/wp\/v2\/product\/48585","targetHints":{"allow":["GET"]}}],"collection":[{"href":"https:\/\/chessgamesemporium.com\/hr\/wp-json\/wp\/v2\/product"}],"about":[{"href":"https:\/\/chessgamesemporium.com\/hr\/wp-json\/wp\/v2\/types\/product"}],"replies":[{"embeddable":true,"href":"https:\/\/chessgamesemporium.com\/hr\/wp-json\/wp\/v2\/comments?post=48585"}],"version-history":[{"count":0,"href":"https:\/\/chessgamesemporium.com\/hr\/wp-json\/wp\/v2\/product\/48585\/revisions"}],"wp:featuredmedia":[{"embeddable":true,"href":"https:\/\/chessgamesemporium.com\/hr\/wp-json\/wp\/v2\/media\/48591"}],"wp:attachment":[{"href":"https:\/\/chessgamesemporium.com\/hr\/wp-json\/wp\/v2\/media?parent=48585"}],"wp:term":[{"taxonomy":"product_brand","embeddable":true,"href":"https:\/\/chessgamesemporium.com\/hr\/wp-json\/wp\/v2\/product_brand?post=48585"},{"taxonomy":"product_cat","embeddable":true,"href":"https:\/\/chessgamesemporium.com\/hr\/wp-json\/wp\/v2\/product_cat?post=48585"},{"taxonomy":"product_tag","embeddable":true,"href":"https:\/\/chessgamesemporium.com\/hr\/wp-json\/wp\/v2\/product_tag?post=48585"}],"curies":[{"name":"wp","href":"https:\/\/api.w.org\/{rel}","templated":true}]}}