{"id":48599,"date":"2023-04-25T11:08:59","date_gmt":"2023-04-25T11:08:59","guid":{"rendered":"https:\/\/www.ivh44.si\/Ponudbe\/chess\/?post_type=product&#038;p=48599"},"modified":"2024-02-20T12:08:45","modified_gmt":"2024-02-20T12:08:45","slug":"sahovski-komplet-varsava","status":"publish","type":"product","link":"https:\/\/chessgamesemporium.com\/hr\/shop\/sahovski-kompleti\/sastavljani-kompleti\/sahovski-komplet-varsava\/","title":{"rendered":"\u0160ahovski Komplet VAR\u0160AVA"},"content":{"rendered":"<p>\u0160ahovski set Var\u0161ava je prekrasno dizajniran \u0161ahovski komplet, koji je savr\u0161en kako za po\u010detnike tako i za iskusne igra\u010de. Ovaj komplet, izra\u0111en od visokokvalitetnih materijala, uklju\u010duje elegantno oblikovane \u0161ahovske figure i \u010dvrstu \u0161ahovsku plo\u010du, \u0161to ga \u010dini bezvremenskim i profinjenim dodatkom svakoj \u0161ahovskoj zbirci. S klasi\u010dnim dizajnom i vrhunskom izradom, \u0161ahovski komplet Var\u0161ava sigurno \u0107e pobolj\u0161ati va\u0161e iskustvo igranja i donijeti beskrajno u\u017eivanje u va\u0161im partijama.<\/p>\n<p>Figure:<br \/>\nKvalitetne podstavljene drvene figure.<br \/>\nTurnirska velikost<br \/>\nMaterijal: gabro<\/p>\n<p>Te \u0161ahovske figure su idealne za \u0161ahovnice veli\u010dine 6 i 5+, te se lijepo klize po \u0161ahovnici.<\/p>\n<p>Dimenzije: (visina | promjer baze)<br \/>\nKralj: 9,2 cm | 3,2 cm<br \/>\nDama: 8,3 cm | 3,2 cm<br \/>\nTop: 5,3 cm | 2,8 cm<br \/>\nLovac: 6,7 cm | 2,9 cm<br \/>\nSkaka\u010d: 5,9 cm | 2,8 cm<br \/>\nPje\u0161ak: 4,5 cm | 2,4 cm<\/p>\n<p>\u0160ahovska plo\u010da:<br \/>\nDrvena \u0161ahovska plo\u010da<\/p>\n<p>Dimenzije polja: 50 x 50 mm<br \/>\nDimenzije plo\u010de: 50 \u00d7 50 cm<br \/>\nDebljina plo\u010de: 1,3 cm<\/p>\n<p>Ova furnirana \u0161ahovnica veli\u010dine 50 \u00d7 50 cm izra\u0111ena je od platane i javora. Polje mjeri 50 mm i idealno je za figure s kraljem visine 90-95 mm.<\/p>\n<p>UPOZORENJE! Nije prikladno za djecu mla\u0111u od tri godine.<\/p>","protected":false},"excerpt":{"rendered":"<p>\u0160ahovski set Var\u0161ava je \u010dudovito oblikovan \u0161ahovski komplet, ki je popoln tako za za\u010detnike kot za izku\u0161ene igralce. Ta komplet, izdelan iz visokokakovostnih materialov, vklju\u010duje elegantno oblikovane \u0161ahovske figure in trdno \u0161ahovsko tablo, zaradi \u010desar je brez\u010dasen in prefinjen dodatek k vsaki \u0161ahovski zbirki. S klasi\u010dno zasnovo in vrhunsko izdelavo bo \u0161ahovski komplet Var\u0161ava zagotovo [&hellip;]<\/p>","protected":false},"featured_media":48606,"comment_status":"closed","ping_status":"closed","template":"","meta":{"_seopress_robots_primary_cat":"none","_seopress_titles_title":"","_seopress_titles_desc":"","_seopress_robots_index":""},"product_brand":[],"product_cat":[510,581],"product_tag":[],"class_list":{"0":"post-48599","1":"product","2":"type-product","3":"status-publish","4":"has-post-thumbnail","6":"product_cat-sahovski-kompleti","7":"product_cat-sestavljeni-kompleti","8":"wcpa_has_options","10":"entry","11":"has-media","13":"first","14":"instock","15":"taxable","16":"shipping-taxable","17":"purchasable","18":"product-type-simple","19":"has-product-nav","20":"col","21":"span_1_of_4","22":"owp-content-center","23":"item-entry","24":"owp-thumbs-layout-horizontal","25":"owp-btn-normal","26":"owp-tabs-layout-section"},"wcpa_form_fields":{"rules":{"pric_overide_base_price":false,"pric_overide_base_price_if_gt_zero":false,"pric_overide_base_price_fully":false,"pric_cal_option_once":false,"pric_use_as_fee":false,"bind_quantity":false,"quantity_bind_formula":false},"fields":[{"type":"text","elementId":"wcpa-text-1666713333654","label":"Gravura ( opcijsko )","description":"Vpi\u0161ite \u017eeljeni tekst za graviranje (npr. Vse najbolj\u0161e, IME, datum ipd.)","desc_type":true,"enablePrice":true,"pricingType":"fixed","price":"7","name":"text-1666713333654","fee_label":"Za naro\u010dnike izven eu, bo davek od\u0161tet na blagajni.","subtype":"text","maxlength":"16","cl_rule":"show","col":6,"relations":false,"form_id":46231,"form_rules":{"pric_cal_option_once":false,"exclude_from_discount":false,"pric_use_as_fee":false,"fee_label":"Fee","render_after_acb":false,"disp_hide_options_price":false}}]},"_links":{"self":[{"href":"https:\/\/chessgamesemporium.com\/hr\/wp-json\/wp\/v2\/product\/48599","targetHints":{"allow":["GET"]}}],"collection":[{"href":"https:\/\/chessgamesemporium.com\/hr\/wp-json\/wp\/v2\/product"}],"about":[{"href":"https:\/\/chessgamesemporium.com\/hr\/wp-json\/wp\/v2\/types\/product"}],"replies":[{"embeddable":true,"href":"https:\/\/chessgamesemporium.com\/hr\/wp-json\/wp\/v2\/comments?post=48599"}],"version-history":[{"count":0,"href":"https:\/\/chessgamesemporium.com\/hr\/wp-json\/wp\/v2\/product\/48599\/revisions"}],"wp:featuredmedia":[{"embeddable":true,"href":"https:\/\/chessgamesemporium.com\/hr\/wp-json\/wp\/v2\/media\/48606"}],"wp:attachment":[{"href":"https:\/\/chessgamesemporium.com\/hr\/wp-json\/wp\/v2\/media?parent=48599"}],"wp:term":[{"taxonomy":"product_brand","embeddable":true,"href":"https:\/\/chessgamesemporium.com\/hr\/wp-json\/wp\/v2\/product_brand?post=48599"},{"taxonomy":"product_cat","embeddable":true,"href":"https:\/\/chessgamesemporium.com\/hr\/wp-json\/wp\/v2\/product_cat?post=48599"},{"taxonomy":"product_tag","embeddable":true,"href":"https:\/\/chessgamesemporium.com\/hr\/wp-json\/wp\/v2\/product_tag?post=48599"}],"curies":[{"name":"wp","href":"https:\/\/api.w.org\/{rel}","templated":true}]}}