{"id":48762,"date":"2023-05-16T10:47:59","date_gmt":"2023-05-16T10:47:59","guid":{"rendered":"https:\/\/www.ivh44.si\/Ponudbe\/chess\/?post_type=product&#038;p=48762"},"modified":"2026-03-06T09:04:27","modified_gmt":"2026-03-06T09:04:27","slug":"coffeehouse-repertoire-1-e4-volume-2","status":"publish","type":"product","link":"https:\/\/chessgamesemporium.com\/hr\/shop\/sahovske-knjige\/otvaranja\/coffeehouse-repertoire-1-e4-volume-2\/","title":{"rendered":"Coffeehouse Repertoire 1.e4 Volume 2"},"content":{"rendered":"<p>Autor: Gawain Jones<br \/>\nGodina izdanja: 2021<br \/>\nJezik: Engelski<br \/>\nStranice: 568<br \/>\nFormat: 24 x 17 cm<br \/>\nNaslovna strana: Meka<\/p>\n<p>Coffeehouse Repertoire je sanj igra\u010da 1.e4: arsenal ideja svjetske klase velemajstora da iznenadite i zbunite svoje protivnike, spajaju\u0107i kavanske trikove s potpunom teorijskom osnovom.<\/p>\n<p>U drugom dijelu GM Gawain Jones pokazuje kako se boriti za prednost protiv 1...e5, Francuske obrane, Pirc obrane, Modernog obrane, Philidorske obrane i drugih razli\u010ditih obrana, koriste\u0107i varijante koje kombiniraju iznena\u0111uju\u0107u vrijednost, objektivnu \u010dvrsto\u0107u i prakti\u010dnu u\u010dinkovitost.<\/p>\n<p>Gawain Jones je engleski velemajstor, dvostruki britanski prvak i pobjednik europskog prvenstva u brzopoteznom \u0161ahu 2020. Koriste\u0107i ideje preporu\u010dene u ovoj knjizi, pobijedio je neke od najboljih igra\u010da na svijetu.<\/p>\n<p>&nbsp;<\/p>","protected":false},"excerpt":{"rendered":"<p><a href=\"https:\/\/chessgamesemporium.com\/wp-content\/uploads\/2023\/05\/CoffeehouseRepertoireVol2-excerpt.pdf\">pdf uzorak<\/a><\/p>","protected":false},"featured_media":49822,"comment_status":"closed","ping_status":"closed","template":"","meta":{"_seopress_robots_primary_cat":"none","_seopress_titles_title":"","_seopress_titles_desc":"","_seopress_robots_index":""},"product_brand":[],"product_cat":[605,512],"product_tag":[],"class_list":{"0":"post-48762","1":"product","2":"type-product","3":"status-publish","4":"has-post-thumbnail","6":"product_cat-otvoritve","7":"product_cat-sahovske-knjige","8":"pa_avtor-gawain-jones","9":"pa_glavna-linija-1-e4-d6-2-d4-nf6","10":"pa_glavna-linija-1-e4-e5-2-nf3-d6","11":"pa_glavna-linija-1-e4-e5-2-nf3-nc6","12":"pa_glavna-linija-1-e4-e6-2-d4-d5","13":"pa_glavna-linija-1-e4-g6-2-d4-bg7","14":"pa_leto-izdaje-745","15":"pa_nivo-knjige-srednji","16":"pa_otvoritev-tema-1-e5-odprte-igre","17":"pa_otvoritev-tema-druge-obrambe","18":"pa_otvoritev-tema-francoska","19":"pa_otvoritev-tema-moderna","20":"pa_otvoritev-tema-philidor","21":"pa_otvoritev-tema-pirc","22":"pa_stran-beli","23":"pa_tip-knjige-otvoritve","24":"pa_zalozba-quality-chess","26":"entry","27":"has-media","29":"first","30":"instock","31":"taxable","32":"shipping-taxable","33":"purchasable","34":"product-type-simple","35":"has-product-nav","36":"col","37":"span_1_of_4","38":"owp-content-center","39":"item-entry","40":"owp-thumbs-layout-horizontal","41":"owp-btn-normal","42":"owp-tabs-layout-section"},"wcpa_form_fields":null,"_links":{"self":[{"href":"https:\/\/chessgamesemporium.com\/hr\/wp-json\/wp\/v2\/product\/48762","targetHints":{"allow":["GET"]}}],"collection":[{"href":"https:\/\/chessgamesemporium.com\/hr\/wp-json\/wp\/v2\/product"}],"about":[{"href":"https:\/\/chessgamesemporium.com\/hr\/wp-json\/wp\/v2\/types\/product"}],"replies":[{"embeddable":true,"href":"https:\/\/chessgamesemporium.com\/hr\/wp-json\/wp\/v2\/comments?post=48762"}],"version-history":[{"count":0,"href":"https:\/\/chessgamesemporium.com\/hr\/wp-json\/wp\/v2\/product\/48762\/revisions"}],"wp:featuredmedia":[{"embeddable":true,"href":"https:\/\/chessgamesemporium.com\/hr\/wp-json\/wp\/v2\/media\/49822"}],"wp:attachment":[{"href":"https:\/\/chessgamesemporium.com\/hr\/wp-json\/wp\/v2\/media?parent=48762"}],"wp:term":[{"taxonomy":"product_brand","embeddable":true,"href":"https:\/\/chessgamesemporium.com\/hr\/wp-json\/wp\/v2\/product_brand?post=48762"},{"taxonomy":"product_cat","embeddable":true,"href":"https:\/\/chessgamesemporium.com\/hr\/wp-json\/wp\/v2\/product_cat?post=48762"},{"taxonomy":"product_tag","embeddable":true,"href":"https:\/\/chessgamesemporium.com\/hr\/wp-json\/wp\/v2\/product_tag?post=48762"}],"curies":[{"name":"wp","href":"https:\/\/api.w.org\/{rel}","templated":true}]}}