{"id":48782,"date":"2023-05-16T11:16:23","date_gmt":"2023-05-16T11:16:23","guid":{"rendered":"https:\/\/www.ivh44.si\/Ponudbe\/chess\/?post_type=product&#038;p=48782"},"modified":"2026-03-08T16:14:21","modified_gmt":"2026-03-08T16:14:21","slug":"playing-the-caro-kann","status":"publish","type":"product","link":"https:\/\/chessgamesemporium.com\/hr\/shop\/sahovske-knjige\/otvaranja\/playing-the-caro-kann\/","title":{"rendered":"PLAYING the CARO-KANN"},"content":{"rendered":"<p>Autor: Lars Schandorff<br \/>\nGodina izdanja: 2021<br \/>\nJezik: Engleski<br \/>\nStranice: 344<br \/>\nFormat: 24 x 17 cm<br \/>\nKorice: meke<\/p>\n<p>&nbsp;<\/p>\n<p>Caro-Kann se smatra kao vrlo \u010dvrsta obrana na potezu 1. e4. Autor knjige iz kolekcije Grandmaster Repertoire je danski velemajstor Lars Schandorff.<\/p>\n<p>Igranje Caro-Kann nudi potpuni repertoar za crnog. Autor zagovara sljede\u0107e varijante: 1.e4 c6 2.d4 d5 3.e5 Bf5 i 3.Nc3\/3.Nd2 dxe4 4.Nxe4 Nf6 5.Nxf6\u2020 exf6. Varijante su detaljno razra\u0111ene i obja\u0161njene rije\u010dnim opisom i tipi\u010dnim motivima u ovoj otvaranju. Osim samih varijanti, mo\u017eemo prona\u0107i i uzorak dobro komentiranih partija. Knjiga je prikladna za svakog igra\u010da Caro-Kann otvaranja.<\/p>\n<p>&nbsp;<\/p>","protected":false},"excerpt":{"rendered":"<p><a href=\"https:\/\/chessgamesemporium.com\/wp-content\/uploads\/2023\/05\/PlayingtheCaroKann-excerpt.pdf\" target=\"_blank\" rel=\"noopener\">pdf uzorak<\/a><\/p>","protected":false},"featured_media":49818,"comment_status":"closed","ping_status":"closed","template":"","meta":{"_seopress_robots_primary_cat":"none","_seopress_titles_title":"","_seopress_titles_desc":"","_seopress_robots_index":""},"product_brand":[],"product_cat":[605,512],"product_tag":[],"class_list":{"0":"post-48782","1":"product","2":"type-product","3":"status-publish","4":"has-post-thumbnail","6":"product_cat-otvoritve","7":"product_cat-sahovske-knjige","8":"pa_avtor-lars-schandorff","9":"pa_glavna-linija-1-e4-c6-2-d4-d5-3-e5-bf5","10":"pa_glavna-linija-1-e4-c6-2-d4-d5-3-nc3-dxe4","11":"pa_leto-izdaje-745","12":"pa_nivo-knjige-srednji","13":"pa_otvoritev-tema-caro-kann","14":"pa_stran-crni","15":"pa_tip-knjige-otvoritve","16":"pa_zalozba-quality-chess","18":"entry","19":"has-media","21":"first","22":"instock","23":"taxable","24":"shipping-taxable","25":"purchasable","26":"product-type-simple","27":"has-product-nav","28":"col","29":"span_1_of_4","30":"owp-content-center","31":"item-entry","32":"owp-thumbs-layout-horizontal","33":"owp-btn-normal","34":"owp-tabs-layout-section"},"wcpa_form_fields":null,"_links":{"self":[{"href":"https:\/\/chessgamesemporium.com\/hr\/wp-json\/wp\/v2\/product\/48782","targetHints":{"allow":["GET"]}}],"collection":[{"href":"https:\/\/chessgamesemporium.com\/hr\/wp-json\/wp\/v2\/product"}],"about":[{"href":"https:\/\/chessgamesemporium.com\/hr\/wp-json\/wp\/v2\/types\/product"}],"replies":[{"embeddable":true,"href":"https:\/\/chessgamesemporium.com\/hr\/wp-json\/wp\/v2\/comments?post=48782"}],"version-history":[{"count":0,"href":"https:\/\/chessgamesemporium.com\/hr\/wp-json\/wp\/v2\/product\/48782\/revisions"}],"wp:featuredmedia":[{"embeddable":true,"href":"https:\/\/chessgamesemporium.com\/hr\/wp-json\/wp\/v2\/media\/49818"}],"wp:attachment":[{"href":"https:\/\/chessgamesemporium.com\/hr\/wp-json\/wp\/v2\/media?parent=48782"}],"wp:term":[{"taxonomy":"product_brand","embeddable":true,"href":"https:\/\/chessgamesemporium.com\/hr\/wp-json\/wp\/v2\/product_brand?post=48782"},{"taxonomy":"product_cat","embeddable":true,"href":"https:\/\/chessgamesemporium.com\/hr\/wp-json\/wp\/v2\/product_cat?post=48782"},{"taxonomy":"product_tag","embeddable":true,"href":"https:\/\/chessgamesemporium.com\/hr\/wp-json\/wp\/v2\/product_tag?post=48782"}],"curies":[{"name":"wp","href":"https:\/\/api.w.org\/{rel}","templated":true}]}}