{"id":48784,"date":"2023-05-16T11:20:12","date_gmt":"2023-05-16T11:20:12","guid":{"rendered":"https:\/\/www.ivh44.si\/Ponudbe\/chess\/?post_type=product&#038;p=48784"},"modified":"2026-03-12T07:39:29","modified_gmt":"2026-03-12T07:39:29","slug":"playing-the-najdorf","status":"publish","type":"product","link":"https:\/\/chessgamesemporium.com\/hr\/shop\/sahovske-knjige\/otvaranja\/playing-the-najdorf\/","title":{"rendered":"PLAYING the NAJDORF"},"content":{"rendered":"<p>Autor: David Vigorito<br \/>\nGodina izdanja: 2019<br \/>\nJezik: Engleski<br \/>\nStranice: 544<br \/>\nFormat: 24,0&#215;17,0 cm<br \/>\nKorice: meke<\/p>\n<p>Najdorfova sicilijanka je najbolji i najborbeniji odgovor crnog na 1. e4. Najdorfovo su za vrijeme svoje dominacije na svjetskoj \u0161ahovskoj sceni zagovarali Fischer i Kasparov, a koristili su je i mnogi drugi svjetski prvaci i elitni velemajstori, uklju\u010duju\u0107i Ananda, Gelfanda, Topalova i Vachier-Lagrava, da navedemo samo neke.<\/p>\n<p>Unato\u010d njezinoj slavi, Najdorfova sicilijanka pla\u0161i mnoge igra\u010de visokom takti\u010dkom i teorijskom naravi klju\u010dnih elemenata. U Playing the Najdorf, velemajstor David Vigorito pokazuje za\u0161to to ne bi trebao biti problem, i crnomu pokazuje puni repertoar temeljen na pozicijskim principima. Tako\u0111er nudi savjete koji vode do dvoboja, ali koji se ne pretvaraju u bitku pam\u0107enja.<\/p>\n<p>David Vigorito je iskusni internacionalni majstor i po\u0161tovan autor i trener. Kao netko \u010diji repertoar temelji na Najdorfovoj sicilijanki, idealno je kvalificiran za obja\u0161njenje te otvaranja.<\/p>","protected":false},"excerpt":{"rendered":"<p><a href=\"https:\/\/chessgamesemporium.com\/wp-content\/uploads\/2023\/05\/PlayingtheNajdorf-excerpt.pdf\" target=\"_blank\" rel=\"noopener\">pdf uzorak<\/a><\/p>","protected":false},"featured_media":54429,"comment_status":"closed","ping_status":"closed","template":"","meta":{"_seopress_robots_primary_cat":"none","_seopress_titles_title":"","_seopress_titles_desc":"","_seopress_robots_index":""},"product_brand":[],"product_cat":[605,512],"product_tag":[],"class_list":{"0":"post-48784","1":"product","2":"type-product","3":"status-publish","4":"has-post-thumbnail","6":"product_cat-otvoritve","7":"product_cat-sahovske-knjige","8":"pa_avtor-david-vigorito","9":"pa_glavna-linija-1-e4-c5-2-nf3-d6-3-bb5","10":"pa_glavna-linija-1-e4-c5-2-nf3-d6-3-d4-cxd4","11":"pa_leto-izdaje-820","12":"pa_nivo-knjige-srednji","13":"pa_otvoritev-tema-najdorf","14":"pa_stran-crni","15":"pa_tip-knjige-otvoritve","16":"pa_zalozba-quality-chess","18":"entry","19":"has-media","21":"first","22":"instock","23":"taxable","24":"shipping-taxable","25":"purchasable","26":"product-type-simple","27":"has-product-nav","28":"col","29":"span_1_of_4","30":"owp-content-center","31":"item-entry","32":"owp-thumbs-layout-horizontal","33":"owp-btn-normal","34":"owp-tabs-layout-section"},"wcpa_form_fields":null,"_links":{"self":[{"href":"https:\/\/chessgamesemporium.com\/hr\/wp-json\/wp\/v2\/product\/48784","targetHints":{"allow":["GET"]}}],"collection":[{"href":"https:\/\/chessgamesemporium.com\/hr\/wp-json\/wp\/v2\/product"}],"about":[{"href":"https:\/\/chessgamesemporium.com\/hr\/wp-json\/wp\/v2\/types\/product"}],"replies":[{"embeddable":true,"href":"https:\/\/chessgamesemporium.com\/hr\/wp-json\/wp\/v2\/comments?post=48784"}],"version-history":[{"count":0,"href":"https:\/\/chessgamesemporium.com\/hr\/wp-json\/wp\/v2\/product\/48784\/revisions"}],"wp:featuredmedia":[{"embeddable":true,"href":"https:\/\/chessgamesemporium.com\/hr\/wp-json\/wp\/v2\/media\/54429"}],"wp:attachment":[{"href":"https:\/\/chessgamesemporium.com\/hr\/wp-json\/wp\/v2\/media?parent=48784"}],"wp:term":[{"taxonomy":"product_brand","embeddable":true,"href":"https:\/\/chessgamesemporium.com\/hr\/wp-json\/wp\/v2\/product_brand?post=48784"},{"taxonomy":"product_cat","embeddable":true,"href":"https:\/\/chessgamesemporium.com\/hr\/wp-json\/wp\/v2\/product_cat?post=48784"},{"taxonomy":"product_tag","embeddable":true,"href":"https:\/\/chessgamesemporium.com\/hr\/wp-json\/wp\/v2\/product_tag?post=48784"}],"curies":[{"name":"wp","href":"https:\/\/api.w.org\/{rel}","templated":true}]}}