{"id":48933,"date":"2023-05-29T09:56:45","date_gmt":"2023-05-29T09:56:45","guid":{"rendered":"https:\/\/www.ivh44.si\/Ponudbe\/chess\/?post_type=product&#038;p=48933"},"modified":"2026-03-11T12:35:07","modified_gmt":"2026-03-11T12:35:07","slug":"the-secret-ingridient","status":"publish","type":"product","link":"https:\/\/chessgamesemporium.com\/hr\/shop\/sahovske-knjige\/strategija-i-taktika\/the-secret-ingridient\/","title":{"rendered":"The Secret Ingredient: To Winning at Chess"},"content":{"rendered":"<p>Autor: Jan Markos, David Navara<br \/>\nGodina izdanja: 2021<br \/>\nJezik: Engelski<br \/>\nStranice: 224<br \/>\nFormat: 24 x 17 cm<br \/>\nNaslovna stran: tvrda<\/p>\n<p>The Secret Ingredient je vodi\u010d za maksimiziranje va\u0161ih rezultata u \u0161ahu, koji se fokusira na klju\u010dne elemente prakti\u010dne igre, kojima se je u prethodnoj \u0161ahovskoj literaturi posve\u0107ivalo malo ili nimalo pa\u017enje.<\/p>\n<p>Kako to\u010dno mo\u017eemo najbolje iskoristiti ra\u010dunalnike? Koji je idealan, korak po korak na\u010din pripreme protiv odre\u0111enog protivnika? Kako mo\u017eemo optimizirati upravljanje vremenom? I koja je klju\u010dna vje\u0161tina koja razlikuje najbolje igra\u010de od onih koji jo\u0161 nisu ostvarili svoj puni potencijal? Veliki majstor Jan Markos osvjetljava ove teme i jo\u0161 mnogo toga, pri \u010demu mu poma\u017eu savjeti vrhunskog velemajstora i njegovog dobrog prijatelja Velemajstora Davida Navare.<\/p>\n<p>Jan Markos je slova\u010dki veliki majstor i trener. Njegova prethodna knjiga \"Under the Surface\" bila je 2018. knjiga godine Engleske \u0161ahovske federacije.<\/p>\n<p>David Navara je deseterostruki \u010de\u0161ki prvak i veliki majstor svjetskog ranga. Poznat je po tome \u0161to kombinira borbenost s iznimnim sportskim duhom.<\/p>","protected":false},"excerpt":{"rendered":"<p><a href=\"https:\/\/chessgamesemporium.com\/wp-content\/uploads\/2023\/05\/TheSecretIngredient-excerpt.pdf\" target=\"_blank\" rel=\"noopener\">pdf uzorak<\/a><\/p>","protected":false},"featured_media":48945,"comment_status":"closed","ping_status":"closed","template":"","meta":{"_seopress_robots_primary_cat":"none","_seopress_titles_title":"","_seopress_titles_desc":"%%post_content%%","_seopress_robots_index":""},"product_brand":[],"product_cat":[512,608],"product_tag":[],"class_list":{"0":"post-48933","1":"product","2":"type-product","3":"status-publish","4":"has-post-thumbnail","6":"product_cat-sahovske-knjige","7":"product_cat-strategija-in-taktika","8":"pa_avtor-david-navara","9":"pa_avtor-jan-markos","10":"pa_leto-izdaje-745","11":"pa_nivo-knjige-srednji","12":"pa_stran-oboje-nevtralno","13":"pa_tip-knjige-srednja-igra-strategija","14":"pa_zalozba-quality-chess","16":"entry","17":"has-media","19":"first","20":"instock","21":"taxable","22":"shipping-taxable","23":"purchasable","24":"product-type-variable","25":"has-product-nav","26":"col","27":"span_1_of_4","28":"owp-content-center","29":"item-entry","30":"owp-thumbs-layout-horizontal","31":"owp-btn-normal","32":"owp-tabs-layout-section","33":"has-no-thumbnails"},"wcpa_form_fields":null,"_links":{"self":[{"href":"https:\/\/chessgamesemporium.com\/hr\/wp-json\/wp\/v2\/product\/48933","targetHints":{"allow":["GET"]}}],"collection":[{"href":"https:\/\/chessgamesemporium.com\/hr\/wp-json\/wp\/v2\/product"}],"about":[{"href":"https:\/\/chessgamesemporium.com\/hr\/wp-json\/wp\/v2\/types\/product"}],"replies":[{"embeddable":true,"href":"https:\/\/chessgamesemporium.com\/hr\/wp-json\/wp\/v2\/comments?post=48933"}],"version-history":[{"count":0,"href":"https:\/\/chessgamesemporium.com\/hr\/wp-json\/wp\/v2\/product\/48933\/revisions"}],"wp:featuredmedia":[{"embeddable":true,"href":"https:\/\/chessgamesemporium.com\/hr\/wp-json\/wp\/v2\/media\/48945"}],"wp:attachment":[{"href":"https:\/\/chessgamesemporium.com\/hr\/wp-json\/wp\/v2\/media?parent=48933"}],"wp:term":[{"taxonomy":"product_brand","embeddable":true,"href":"https:\/\/chessgamesemporium.com\/hr\/wp-json\/wp\/v2\/product_brand?post=48933"},{"taxonomy":"product_cat","embeddable":true,"href":"https:\/\/chessgamesemporium.com\/hr\/wp-json\/wp\/v2\/product_cat?post=48933"},{"taxonomy":"product_tag","embeddable":true,"href":"https:\/\/chessgamesemporium.com\/hr\/wp-json\/wp\/v2\/product_tag?post=48933"}],"curies":[{"name":"wp","href":"https:\/\/api.w.org\/{rel}","templated":true}]}}