{"id":48952,"date":"2023-05-29T10:12:12","date_gmt":"2023-05-29T10:12:12","guid":{"rendered":"https:\/\/www.ivh44.si\/Ponudbe\/chess\/?post_type=product&#038;p=48952"},"modified":"2026-04-10T13:14:42","modified_gmt":"2026-04-10T13:14:42","slug":"the-woodpecker-method","status":"publish","type":"product","link":"https:\/\/chessgamesemporium.com\/hr\/shop\/sahovske-knjige\/strategija-i-taktika\/the-woodpecker-method\/","title":{"rendered":"THE WOODPECKER METHOD"},"content":{"rendered":"<p>Autor: Axel Smith &amp; Hans Tikkanen<br \/>\nGodina izdanja: 2018<br \/>\nJezik: Engelski<br \/>\nStranice: 392<br \/>\nFormat: 24 x 17 cm<\/p>\n<p>Naslov (metoda Djetli\u0107) treba predstavljati autorov na\u010din rada. Testirao je metodu 2010. s ambicioznim glumcem (i koautorom knjige) Hansom Tikkanenom, koji je postigao tri velemajstorska norma u roku od sedam tjedana.<\/p>\n<p>Kratko obja\u0161njenje ove metode je da moramo rije\u0161iti ogroman broj kombinacija u nizu, a zatim ponovno rije\u0161iti iste kombinacije uz sve ve\u0107e vremensko ograni\u010denje. Nije lako, metoda zahtijeva puno rada, ali nagrada je primamljiva - bolje takti\u010dko pozicioniranje, manje proma\u0161aja, bolja igra u vremenskim ograni\u010denjima i bolja intuicija.<\/p>\n<p>Knjiga sadr\u017ei sve \u0161to vam je potrebno da ovu metodu rada uklju\u010dite u svoj program. Vi\u0161e od 1100 kombinacija na jednom mjestu (sve pozicije su vi\u0161estruko ra\u010dunalno provjerene).<\/p>\n<p>\ud83d\udcd8 Metoda se temelji na:<br \/>\n\u2714 rje\u0161avanju velikog broja zadataka<br \/>\n\u2714 ponavljanju istih zadataka vi\u0161e puta<br \/>\n\u2714 postupnom skra\u0107ivanju vremena rje\u0161avanja<\/p>\n<p>\ud83d\udcc8 Redovitim treningom \u0107ete:<br \/>\n\u2714 pobolj\u0161ati takti\u010dku viziju<br \/>\n\u2714 br\u017ee prepoznavati obrasce<br \/>\n\u2714 smanjiti broj pogre\u0161aka<br \/>\n\u2714 igrati sigurnije pod vremenskim pritiskom<\/p>\n<p>Ova knjiga smatra se jednom od naju\u010dinkovitijih metoda za pobolj\u0161anje takti\u010dke igre i prikladna je za sve igra\u010de koji \u017eele brzo napredovati.<\/p>","protected":false},"excerpt":{"rendered":"<p>The Woodpecker Method is one of the most popular chess books for tactical training. By repeating exercises, you improve pattern recognition, calculation speed, and reduce mistakes.<\/p>\n<p><a href=\"https:\/\/chessgamesemporium.com\/wp-content\/uploads\/2023\/05\/WoodpeckerMethod-excerpt.pdf\" target=\"_blank\" rel=\"noopener\">pdf uzorak<\/a><\/p>","protected":false},"featured_media":48967,"comment_status":"closed","ping_status":"closed","template":"","meta":{"_seopress_robots_primary_cat":"none","_seopress_titles_title":"","_seopress_titles_desc":"","_seopress_robots_index":""},"product_brand":[],"product_cat":[512,608],"product_tag":[],"class_list":{"0":"post-48952","1":"product","2":"type-product","3":"status-publish","4":"has-post-thumbnail","6":"product_cat-sahovske-knjige","7":"product_cat-strategija-in-taktika","8":"pa_avtor-axel-smith","9":"pa_avtor-hans-tikkanen","10":"pa_leto-izdaje-837","11":"pa_nivo-knjige-srednji","12":"pa_stran-oboje-nevtralno","13":"pa_tip-knjige-trening-vaje","14":"pa_zalozba-quality-chess","16":"entry","17":"has-media","19":"first","20":"instock","21":"taxable","22":"shipping-taxable","23":"purchasable","24":"product-type-variable","25":"has-product-nav","26":"col","27":"span_1_of_4","28":"owp-content-center","29":"item-entry","30":"owp-thumbs-layout-horizontal","31":"owp-btn-normal","32":"owp-tabs-layout-section"},"wcpa_form_fields":null,"_links":{"self":[{"href":"https:\/\/chessgamesemporium.com\/hr\/wp-json\/wp\/v2\/product\/48952","targetHints":{"allow":["GET"]}}],"collection":[{"href":"https:\/\/chessgamesemporium.com\/hr\/wp-json\/wp\/v2\/product"}],"about":[{"href":"https:\/\/chessgamesemporium.com\/hr\/wp-json\/wp\/v2\/types\/product"}],"replies":[{"embeddable":true,"href":"https:\/\/chessgamesemporium.com\/hr\/wp-json\/wp\/v2\/comments?post=48952"}],"version-history":[{"count":0,"href":"https:\/\/chessgamesemporium.com\/hr\/wp-json\/wp\/v2\/product\/48952\/revisions"}],"wp:featuredmedia":[{"embeddable":true,"href":"https:\/\/chessgamesemporium.com\/hr\/wp-json\/wp\/v2\/media\/48967"}],"wp:attachment":[{"href":"https:\/\/chessgamesemporium.com\/hr\/wp-json\/wp\/v2\/media?parent=48952"}],"wp:term":[{"taxonomy":"product_brand","embeddable":true,"href":"https:\/\/chessgamesemporium.com\/hr\/wp-json\/wp\/v2\/product_brand?post=48952"},{"taxonomy":"product_cat","embeddable":true,"href":"https:\/\/chessgamesemporium.com\/hr\/wp-json\/wp\/v2\/product_cat?post=48952"},{"taxonomy":"product_tag","embeddable":true,"href":"https:\/\/chessgamesemporium.com\/hr\/wp-json\/wp\/v2\/product_tag?post=48952"}],"curies":[{"name":"wp","href":"https:\/\/api.w.org\/{rel}","templated":true}]}}