{"id":48954,"date":"2023-05-29T10:45:26","date_gmt":"2023-05-29T10:45:26","guid":{"rendered":"https:\/\/www.ivh44.si\/Ponudbe\/chess\/?post_type=product&#038;p=48954"},"modified":"2026-03-06T09:05:07","modified_gmt":"2026-03-06T09:05:07","slug":"small-steps-to-giant-improvement","status":"publish","type":"product","link":"https:\/\/chessgamesemporium.com\/hr\/shop\/sahovske-knjige\/strategija-i-taktika\/small-steps-to-giant-improvement\/","title":{"rendered":"SMALL STEPS To GIANT IMPROVEMENT"},"content":{"rendered":"<p>Autor: Sam Shankland<br \/>\nGodina izdanja: 2018<br \/>\nJezik: Engleski<br \/>\nStranice: 336<br \/>\nFormat: 24 x 17 cm<br \/>\nKorice: meke<\/p>\n<p>U \u0161ahu ne mo\u017eete vratiti potez natrag, ali uvijek mo\u017eete vratiti pogre\u0161nu figuru na prethodno polje po cijeni ne\u0161to vremena. S druge strane, pje\u0161aci se nikada ne mogu pomicati unatrag, zbog \u010dega su potezi s pje\u0161aca zaista trajne odluke.<\/p>\n<p>Ova neopozivost \u010dini igru s pje\u0161acoma jednim od najte\u017eih aspekata \u0161ahovske strategije, \u0161to je jedan od razloga za\u0161to je malo knjiga napisano na ovu temu - neke su gotovo nerazumljive. Sam Shankland, dobitnik zlatne medalje na dvije Olimpijade, krenuo je drugim putem - razlo\u017eio je principe igre s pje\u0161acovima na osnovne, lako razumljive principe koje bi trebao poznavati svaki \u0161ahist. Shankland po\u010dinje s izuzetno jednostavnim primjerima, a zatim podi\u017ee razinu i ilustrira univerzalnost principa prikazuju\u0107i kako bi velemajstori mogli donositi bolje odluke primjenom tih principa.<\/p>\n<p>Sam Shankland je velemajstor svjetske klase i stalna zvijezda u ameri\u010dkoj reprezentaciji. Godine 2018. postao je ameri\u010dki prvak, tako\u0111er se mo\u017ee pohvaliti s dva zlatna olimpijska odli\u010dja.<\/p>","protected":false},"excerpt":{"rendered":"<p><a href=\"https:\/\/chessgamesemporium.com\/wp-content\/uploads\/2023\/05\/SmallStepstoGiantImprovement-excerpt.pdf\" target=\"_blank\" rel=\"noopener\">pdf uzorak<\/a><\/p>","protected":false},"featured_media":48971,"comment_status":"closed","ping_status":"closed","template":"","meta":{"_seopress_robots_primary_cat":"none","_seopress_titles_title":"","_seopress_titles_desc":"","_seopress_robots_index":""},"product_brand":[],"product_cat":[512,608],"product_tag":[],"class_list":{"0":"post-48954","1":"product","2":"type-product","3":"status-publish","4":"has-post-thumbnail","6":"product_cat-sahovske-knjige","7":"product_cat-strategija-in-taktika","8":"pa_avtor-sam-shankland","9":"pa_leto-izdaje-837","10":"pa_nivo-knjige-srednji","11":"pa_stran-oboje-nevtralno","12":"pa_tip-knjige-srednja-igra-strategija","13":"pa_zalozba-quality-chess","15":"entry","16":"has-media","18":"first","19":"instock","20":"taxable","21":"shipping-taxable","22":"purchasable","23":"product-type-simple","24":"has-product-nav","25":"col","26":"span_1_of_4","27":"owp-content-center","28":"item-entry","29":"owp-thumbs-layout-horizontal","30":"owp-btn-normal","31":"owp-tabs-layout-section"},"wcpa_form_fields":null,"_links":{"self":[{"href":"https:\/\/chessgamesemporium.com\/hr\/wp-json\/wp\/v2\/product\/48954","targetHints":{"allow":["GET"]}}],"collection":[{"href":"https:\/\/chessgamesemporium.com\/hr\/wp-json\/wp\/v2\/product"}],"about":[{"href":"https:\/\/chessgamesemporium.com\/hr\/wp-json\/wp\/v2\/types\/product"}],"replies":[{"embeddable":true,"href":"https:\/\/chessgamesemporium.com\/hr\/wp-json\/wp\/v2\/comments?post=48954"}],"version-history":[{"count":0,"href":"https:\/\/chessgamesemporium.com\/hr\/wp-json\/wp\/v2\/product\/48954\/revisions"}],"wp:featuredmedia":[{"embeddable":true,"href":"https:\/\/chessgamesemporium.com\/hr\/wp-json\/wp\/v2\/media\/48971"}],"wp:attachment":[{"href":"https:\/\/chessgamesemporium.com\/hr\/wp-json\/wp\/v2\/media?parent=48954"}],"wp:term":[{"taxonomy":"product_brand","embeddable":true,"href":"https:\/\/chessgamesemporium.com\/hr\/wp-json\/wp\/v2\/product_brand?post=48954"},{"taxonomy":"product_cat","embeddable":true,"href":"https:\/\/chessgamesemporium.com\/hr\/wp-json\/wp\/v2\/product_cat?post=48954"},{"taxonomy":"product_tag","embeddable":true,"href":"https:\/\/chessgamesemporium.com\/hr\/wp-json\/wp\/v2\/product_tag?post=48954"}],"curies":[{"name":"wp","href":"https:\/\/api.w.org\/{rel}","templated":true}]}}