{"id":49018,"date":"2023-05-30T11:07:48","date_gmt":"2023-05-30T11:07:48","guid":{"rendered":"https:\/\/www.ivh44.si\/Ponudbe\/chess\/?post_type=product&#038;p=49018"},"modified":"2026-03-11T07:44:56","modified_gmt":"2026-03-11T07:44:56","slug":"soviet-chess-strategy","status":"publish","type":"product","link":"https:\/\/chessgamesemporium.com\/hr\/shop\/sahovske-knjige\/strategija-i-taktika\/soviet-chess-strategy\/","title":{"rendered":"SOVIET CHESS STRATEGY"},"content":{"rendered":"<p>Autor: Alexey Suetin<br \/>\nGodina izdanja: 2010<br \/>\nJezik: Engleski<br \/>\nStranice: 240<br \/>\nFormat: 24 x 17 cm<br \/>\nKorice: meke<\/p>\n<p>Sovjetski Savez se raspao, a njegov utjecaj na \u0161ah i dalje se osje\u0107a i u dvadeset prvom stolje\u0107u.<\/p>\n<p>Alexey Suetin bio je velemajstor i mnogo godina jedan od najuglednijih trenera u Moskvi. Me\u0111u njegovim u\u010denicima bili su nevjerojatni strateg Tigran Petrosian i Vassily Ivanchuk.<\/p>\n<p>Soviet Chess Strategy je zbirka Suetinovih najboljih djela. Suetin \u010ditatelja pou\u010dava o svim klju\u010dnim aspektima strate\u0161ke igre - od centra, dinamike, precizne evaluacije, napada i obrane, do odnosa izme\u0111u strategije i taktike. Nikada nije kasno postati u\u010denik sovjetskog \u0161ahovskog \u0161kole!<\/p>","protected":false},"excerpt":{"rendered":"<p><a href=\"https:\/\/chessgamesemporium.com\/wp-content\/uploads\/2023\/05\/SovietChessStrategyexcerpt.pdf\" target=\"_blank\" rel=\"noopener\">pdf uzorak<\/a><\/p>","protected":false},"featured_media":49034,"comment_status":"closed","ping_status":"closed","template":"","meta":{"_seopress_robots_primary_cat":"none","_seopress_titles_title":"","_seopress_titles_desc":"","_seopress_robots_index":""},"product_brand":[],"product_cat":[608,512],"product_tag":[],"class_list":{"0":"post-49018","1":"product","2":"type-product","3":"status-publish","4":"has-post-thumbnail","6":"product_cat-strategija-in-taktika","7":"product_cat-sahovske-knjige","8":"pa_avtor-alexey-suetin","9":"pa_leto-izdaje-989","10":"pa_nivo-knjige-srednji","11":"pa_stran-oboje-nevtralno","12":"pa_tip-knjige-srednja-igra-strategija","13":"pa_zalozba-dover","15":"entry","16":"has-media","18":"first","19":"instock","20":"taxable","21":"shipping-taxable","22":"purchasable","23":"product-type-simple","24":"has-product-nav","25":"col","26":"span_1_of_4","27":"owp-content-center","28":"item-entry","29":"owp-thumbs-layout-horizontal","30":"owp-btn-normal","31":"owp-tabs-layout-section","32":"has-no-thumbnails"},"wcpa_form_fields":null,"_links":{"self":[{"href":"https:\/\/chessgamesemporium.com\/hr\/wp-json\/wp\/v2\/product\/49018","targetHints":{"allow":["GET"]}}],"collection":[{"href":"https:\/\/chessgamesemporium.com\/hr\/wp-json\/wp\/v2\/product"}],"about":[{"href":"https:\/\/chessgamesemporium.com\/hr\/wp-json\/wp\/v2\/types\/product"}],"replies":[{"embeddable":true,"href":"https:\/\/chessgamesemporium.com\/hr\/wp-json\/wp\/v2\/comments?post=49018"}],"version-history":[{"count":0,"href":"https:\/\/chessgamesemporium.com\/hr\/wp-json\/wp\/v2\/product\/49018\/revisions"}],"wp:featuredmedia":[{"embeddable":true,"href":"https:\/\/chessgamesemporium.com\/hr\/wp-json\/wp\/v2\/media\/49034"}],"wp:attachment":[{"href":"https:\/\/chessgamesemporium.com\/hr\/wp-json\/wp\/v2\/media?parent=49018"}],"wp:term":[{"taxonomy":"product_brand","embeddable":true,"href":"https:\/\/chessgamesemporium.com\/hr\/wp-json\/wp\/v2\/product_brand?post=49018"},{"taxonomy":"product_cat","embeddable":true,"href":"https:\/\/chessgamesemporium.com\/hr\/wp-json\/wp\/v2\/product_cat?post=49018"},{"taxonomy":"product_tag","embeddable":true,"href":"https:\/\/chessgamesemporium.com\/hr\/wp-json\/wp\/v2\/product_tag?post=49018"}],"curies":[{"name":"wp","href":"https:\/\/api.w.org\/{rel}","templated":true}]}}