{"id":49025,"date":"2023-05-30T12:33:20","date_gmt":"2023-05-30T12:33:20","guid":{"rendered":"https:\/\/www.ivh44.si\/Ponudbe\/chess\/?post_type=product&#038;p=49025"},"modified":"2026-03-06T10:30:29","modified_gmt":"2026-03-06T10:30:29","slug":"thinking-inside-the-box","status":"publish","type":"product","link":"https:\/\/chessgamesemporium.com\/hr\/shop\/sahovske-knjige\/strategija-i-taktika\/thinking-inside-the-box\/","title":{"rendered":"THINKING INSIDE the BOX"},"content":{"rendered":"<p>Autor: Jacob Aagaard<br \/>\nGodina izdanja: 2018<br \/>\nJezik: Engelski<br \/>\nStranice: 408<br \/>\nFormat: 24 x 17 cm<br \/>\nNaslovna strana: Meka<\/p>\n<p>Grandmaster Preparation THINKING INSIDE the BOX<\/p>\n<p>U Thinking Inside the Box, Jacob Aagaard opisuje svoju filozofiju za pobolj\u0161anje igranja \u0161aha, razvijenu tijekom dvadeset godina razmi\u0161ljanja o jednom pitanju: Kako donositi bolje odluke na plo\u010di?<\/p>\n<p>Kao posljednja knjiga u nagra\u0111ivanoj seriji Grandmaster Preparation, ova knjiga spaja koncepte prethodnih pet knjiga i bavi se temama kao \u0161to su:<\/p>\n<p>\u2022 Psihologija \u0161aha<br \/>\n\u2022 \u010cetiri vrste odluka koje donosimo tijekom igre<br \/>\n\u2022 Kako igrati jednostavne pozicije<br \/>\n\u2022 \u0160to je kalkulacija<br \/>\n\u2022 Kako analizirati svoje igre<br \/>\n\u2022 I mnogo vi\u0161e<\/p>\n<p>Thinking Inside the Box ultimativni je vodi\u010d za samopobolj\u0161anje napisan za amatere kao i za igra\u010de svjetske klase.<\/p>\n<p>Velemejstor Jacob Aagaard osvojio je Britansko prvenstvo u svom prvom i jedinom poku\u0161aju. Dobitnik je nagrada za knjigu godine od strane Guardian-a, ECF-a i ChessCafe-a, te je dobio FIDE titulu vi\u0161eg trenera. Njegovi materijali koriste se kako od strane amatera tako i velemajstora.<\/p>\n<p>Nisi siguran je li ova knjiga prava za tvoju razinu?<br \/>\nPro\u010ditaj na\u0161 vodi\u010d <a href=\"https:\/\/chessgamesemporium.com\/hr\/kako-izbrati-pravo-sahovsko-knjigo-za-napredovanje\/\">kako odabrati pravu \u0161ahovsku knjigu za napredak.<\/a><\/p>","protected":false},"excerpt":{"rendered":"<p><a href=\"https:\/\/chessgamesemporium.com\/wp-content\/uploads\/2023\/05\/Thinking_Inside_the_Box-excerpt.pdf\" target=\"_blank\" rel=\"noopener\">pdf uzorak<\/a><\/p>","protected":false},"featured_media":49048,"comment_status":"closed","ping_status":"closed","template":"","meta":{"_seopress_robots_primary_cat":"none","_seopress_titles_title":"","_seopress_titles_desc":"","_seopress_robots_index":""},"product_brand":[],"product_cat":[608,512],"product_tag":[],"class_list":{"0":"post-49025","1":"product","2":"type-product","3":"status-publish","4":"has-post-thumbnail","6":"product_cat-strategija-in-taktika","7":"product_cat-sahovske-knjige","8":"pa_avtor-jacob-aagaard","9":"pa_leto-izdaje-837","10":"pa_nivo-knjige-napredni","11":"pa_stran-oboje-nevtralno","12":"pa_tip-knjige-trening-vaje","13":"pa_zalozba-quality-chess","15":"entry","16":"has-media","18":"first","19":"instock","20":"taxable","21":"shipping-taxable","22":"purchasable","23":"product-type-simple","24":"has-product-nav","25":"col","26":"span_1_of_4","27":"owp-content-center","28":"item-entry","29":"owp-thumbs-layout-horizontal","30":"owp-btn-normal","31":"owp-tabs-layout-section"},"wcpa_form_fields":null,"_links":{"self":[{"href":"https:\/\/chessgamesemporium.com\/hr\/wp-json\/wp\/v2\/product\/49025","targetHints":{"allow":["GET"]}}],"collection":[{"href":"https:\/\/chessgamesemporium.com\/hr\/wp-json\/wp\/v2\/product"}],"about":[{"href":"https:\/\/chessgamesemporium.com\/hr\/wp-json\/wp\/v2\/types\/product"}],"replies":[{"embeddable":true,"href":"https:\/\/chessgamesemporium.com\/hr\/wp-json\/wp\/v2\/comments?post=49025"}],"version-history":[{"count":0,"href":"https:\/\/chessgamesemporium.com\/hr\/wp-json\/wp\/v2\/product\/49025\/revisions"}],"wp:featuredmedia":[{"embeddable":true,"href":"https:\/\/chessgamesemporium.com\/hr\/wp-json\/wp\/v2\/media\/49048"}],"wp:attachment":[{"href":"https:\/\/chessgamesemporium.com\/hr\/wp-json\/wp\/v2\/media?parent=49025"}],"wp:term":[{"taxonomy":"product_brand","embeddable":true,"href":"https:\/\/chessgamesemporium.com\/hr\/wp-json\/wp\/v2\/product_brand?post=49025"},{"taxonomy":"product_cat","embeddable":true,"href":"https:\/\/chessgamesemporium.com\/hr\/wp-json\/wp\/v2\/product_cat?post=49025"},{"taxonomy":"product_tag","embeddable":true,"href":"https:\/\/chessgamesemporium.com\/hr\/wp-json\/wp\/v2\/product_tag?post=49025"}],"curies":[{"name":"wp","href":"https:\/\/api.w.org\/{rel}","templated":true}]}}