{"id":49103,"date":"2023-05-31T12:06:33","date_gmt":"2023-05-31T12:06:33","guid":{"rendered":"https:\/\/www.ivh44.si\/Ponudbe\/chess\/?post_type=product&#038;p=49103"},"modified":"2026-04-15T11:01:00","modified_gmt":"2026-04-15T11:01:00","slug":"pump-up-your-rating","status":"publish","type":"product","link":"https:\/\/chessgamesemporium.com\/hr\/shop\/sahovske-knjige\/strategija-i-taktika\/pump-up-your-rating\/","title":{"rendered":"PUMP UP YOUR RATING"},"content":{"rendered":"<p>Autor: Axel Smith<br \/>\nGodina izdanja: 2013<br \/>\nJezik: Engleski<br \/>\nStranice: 376<br \/>\nFormat: 24 x 17 cm<br \/>\nKorice: meke<\/p>\n<p>Na ulici svatko zna kako pobolj\u0161ati svoju fizi\u010dku snagu, ali me\u0111u \u0161ahistima vlada zbrka o tome kako pove\u0107ati svoju \u0161ahovsku snagu. Vje\u017ebene metode Axela Smitha dovele su njegove prijatelje, suigra\u010de i u\u010denike do titula i navika velemajstora. Bit \u0107e potrebno te\u0161ko raditi, ali Axel Smith vam mo\u017ee pokazati kako pove\u0107ati svoj rejting.<\/p>\n<p>Knjiga pokriva sva podru\u010dja \u0161aha - otvaranja, srednju igru, do zavr\u0161nice. Smith istra\u017euje tehni\u010dke i psiholo\u0161ke aspekte \u0161aha i pokazuje na\u010dine kako vje\u017ebati i pobolj\u0161ati se.<\/p>\n<p>\u0160vedski me\u0111unarodni majstor Axel Smith postigao je uspjeh kao trener. Koriste\u0107i svoje metode, u roku od dvije godine pove\u0107ao je svoj rejting s 2093 na 2458. Sada se pribli\u017eava tituli velemajstora.<\/p>","protected":false},"excerpt":{"rendered":"<p><a href=\"https:\/\/chessgamesemporium.com\/wp-content\/uploads\/2023\/05\/PumpUpYourRating-excerpt.pdf\" target=\"_blank\" rel=\"noopener\">pdf uzorak<\/a><\/p>","protected":false},"featured_media":49113,"comment_status":"closed","ping_status":"closed","template":"","meta":{"_seopress_robots_primary_cat":"none","_seopress_titles_title":"","_seopress_titles_desc":"","_seopress_robots_index":""},"product_brand":[],"product_cat":[512,608],"product_tag":[],"class_list":{"0":"post-49103","1":"product","2":"type-product","3":"status-publish","4":"has-post-thumbnail","6":"product_cat-sahovske-knjige","7":"product_cat-strategija-in-taktika","8":"pa_avtor-axel-smith","9":"pa_leto-izdaje-883","10":"pa_nivo-knjige-srednji","11":"pa_stran-oboje-nevtralno","12":"pa_tip-knjige-trening-vaje","13":"pa_zalozba-quality-chess","15":"entry","16":"has-media","18":"first","19":"instock","20":"taxable","21":"shipping-taxable","22":"purchasable","23":"product-type-variable","24":"has-product-nav","25":"col","26":"span_1_of_4","27":"owp-content-center","28":"item-entry","29":"owp-thumbs-layout-horizontal","30":"owp-btn-normal","31":"owp-tabs-layout-section"},"wcpa_form_fields":null,"_links":{"self":[{"href":"https:\/\/chessgamesemporium.com\/hr\/wp-json\/wp\/v2\/product\/49103","targetHints":{"allow":["GET"]}}],"collection":[{"href":"https:\/\/chessgamesemporium.com\/hr\/wp-json\/wp\/v2\/product"}],"about":[{"href":"https:\/\/chessgamesemporium.com\/hr\/wp-json\/wp\/v2\/types\/product"}],"replies":[{"embeddable":true,"href":"https:\/\/chessgamesemporium.com\/hr\/wp-json\/wp\/v2\/comments?post=49103"}],"version-history":[{"count":0,"href":"https:\/\/chessgamesemporium.com\/hr\/wp-json\/wp\/v2\/product\/49103\/revisions"}],"wp:featuredmedia":[{"embeddable":true,"href":"https:\/\/chessgamesemporium.com\/hr\/wp-json\/wp\/v2\/media\/49113"}],"wp:attachment":[{"href":"https:\/\/chessgamesemporium.com\/hr\/wp-json\/wp\/v2\/media?parent=49103"}],"wp:term":[{"taxonomy":"product_brand","embeddable":true,"href":"https:\/\/chessgamesemporium.com\/hr\/wp-json\/wp\/v2\/product_brand?post=49103"},{"taxonomy":"product_cat","embeddable":true,"href":"https:\/\/chessgamesemporium.com\/hr\/wp-json\/wp\/v2\/product_cat?post=49103"},{"taxonomy":"product_tag","embeddable":true,"href":"https:\/\/chessgamesemporium.com\/hr\/wp-json\/wp\/v2\/product_tag?post=49103"}],"curies":[{"name":"wp","href":"https:\/\/api.w.org\/{rel}","templated":true}]}}