{"id":49105,"date":"2023-05-31T12:13:26","date_gmt":"2023-05-31T12:13:26","guid":{"rendered":"https:\/\/www.ivh44.si\/Ponudbe\/chess\/?post_type=product&#038;p=49105"},"modified":"2026-03-06T10:30:29","modified_gmt":"2026-03-06T10:30:29","slug":"chess-praxis","status":"publish","type":"product","link":"https:\/\/chessgamesemporium.com\/hr\/shop\/sahovske-knjige\/strategija-i-taktika\/chess-praxis\/","title":{"rendered":"CHESS PRAXIS"},"content":{"rendered":"<p>Autor: Aron Nimzowitsch<br \/>\nGodina izdanja: 2007<br \/>\nJezik: Engelski<br \/>\nStranice: 224<br \/>\nFormat: 24 x 17 cm<br \/>\nNaslovna strana: Meka<\/p>\n<p>Chess Praxis je izvrsna zbirka najboljih partija Arona Nimzowitscha, s komentarima samog Nimzowitscha, ali istovremeno je mnogo vi\u0161e od toga. Nimzowitsch i njegovo hipermodernisti\u010dko razmi\u0161ljanje imali su ogroman utjecaj na suvremeno \u0161ahovsko razmi\u0161ljanje. Prvi put je iznio svoje poglede u knjizi \"My System\". U \u0161ahovskoj praksi demonstrira i obja\u0161njava kako su njegovi koncepti djelovali u vlastitim partijama.<\/p>\n<p>Ova knjiga predstavlja potpuno nov prijevod Nimzowitschevog klasi\u010dnog djela, omogu\u0107avaju\u0107i \u010ditatelju da do\u017eivi utjecajne ideje u suvremenom jeziku.<\/p>\n<p>Aron Nimzowitsch bio je jedan od najve\u0107ih \u0161ahista dvadesetih i tridesetih godina pro\u0161log stolje\u0107a, odmah iza slavnih svjetskih prvaka Alekhina i Capablance. Njegov ugled kao autora jo\u0161 je ve\u0107i.<\/p>","protected":false},"excerpt":{"rendered":"<p><a href=\"https:\/\/chessgamesemporium.com\/wp-content\/uploads\/2023\/05\/ChessPraxis-excerpt.pdf\" target=\"_blank\" rel=\"noopener\">pdf uzorak<\/a><\/p>","protected":false},"featured_media":49117,"comment_status":"closed","ping_status":"closed","template":"","meta":{"_seopress_robots_primary_cat":"none","_seopress_titles_title":"","_seopress_titles_desc":"","_seopress_robots_index":""},"product_brand":[],"product_cat":[512,608],"product_tag":[],"class_list":{"0":"post-49105","1":"product","2":"type-product","3":"status-publish","4":"has-post-thumbnail","6":"product_cat-sahovske-knjige","7":"product_cat-strategija-in-taktika","8":"pa_avtor-aron-nimzowitsch","9":"pa_leto-izdaje-986","10":"pa_nivo-knjige-srednji","11":"pa_stran-oboje-nevtralno","12":"pa_tip-knjige-zbirke-partij-komentirane-partije","13":"pa_zalozba-quality-chess","15":"entry","16":"has-media","18":"first","19":"instock","20":"taxable","21":"shipping-taxable","22":"purchasable","23":"product-type-simple","24":"has-product-nav","25":"col","26":"span_1_of_4","27":"owp-content-center","28":"item-entry","29":"owp-thumbs-layout-horizontal","30":"owp-btn-normal","31":"owp-tabs-layout-section","32":"has-no-thumbnails"},"wcpa_form_fields":null,"_links":{"self":[{"href":"https:\/\/chessgamesemporium.com\/hr\/wp-json\/wp\/v2\/product\/49105","targetHints":{"allow":["GET"]}}],"collection":[{"href":"https:\/\/chessgamesemporium.com\/hr\/wp-json\/wp\/v2\/product"}],"about":[{"href":"https:\/\/chessgamesemporium.com\/hr\/wp-json\/wp\/v2\/types\/product"}],"replies":[{"embeddable":true,"href":"https:\/\/chessgamesemporium.com\/hr\/wp-json\/wp\/v2\/comments?post=49105"}],"version-history":[{"count":0,"href":"https:\/\/chessgamesemporium.com\/hr\/wp-json\/wp\/v2\/product\/49105\/revisions"}],"wp:featuredmedia":[{"embeddable":true,"href":"https:\/\/chessgamesemporium.com\/hr\/wp-json\/wp\/v2\/media\/49117"}],"wp:attachment":[{"href":"https:\/\/chessgamesemporium.com\/hr\/wp-json\/wp\/v2\/media?parent=49105"}],"wp:term":[{"taxonomy":"product_brand","embeddable":true,"href":"https:\/\/chessgamesemporium.com\/hr\/wp-json\/wp\/v2\/product_brand?post=49105"},{"taxonomy":"product_cat","embeddable":true,"href":"https:\/\/chessgamesemporium.com\/hr\/wp-json\/wp\/v2\/product_cat?post=49105"},{"taxonomy":"product_tag","embeddable":true,"href":"https:\/\/chessgamesemporium.com\/hr\/wp-json\/wp\/v2\/product_tag?post=49105"}],"curies":[{"name":"wp","href":"https:\/\/api.w.org\/{rel}","templated":true}]}}