{"id":49173,"date":"2023-06-05T12:02:05","date_gmt":"2023-06-05T12:02:05","guid":{"rendered":"https:\/\/www.ivh44.si\/Ponudbe\/chess\/?post_type=product&#038;p=49173"},"modified":"2026-03-06T11:36:38","modified_gmt":"2026-03-06T11:36:38","slug":"mikhail-tals-best-games-3","status":"publish","type":"product","link":"https:\/\/chessgamesemporium.com\/hr\/shop\/sahovske-knjige\/biografije\/mikhail-tals-best-games-3\/","title":{"rendered":"MIKHAIL TAL&#8217;S BEST GAMES 3"},"content":{"rendered":"<p>Autor: Tibor Karolyi<br \/>\nGodina izdanja: 2017<br \/>\nJezik: Engelski<br \/>\nStranice: 544<br \/>\nFormat: 24 x 17 cm<br \/>\nNaslovna strana: Meka<\/p>\n<p>U ovoj, tre\u0107oj i posljednjoj knjizi serije, nagra\u0111eni autor Tibor K\u00e1rolyi zaklju\u010duje svoje istra\u017eivanje o \u017eivotu i karijeri Mihaila Tala, najzabavnijeg i najomiljenijeg svjetskog prvaka svih vremena.<\/p>\n<p>Ova knjiga obuhva\u0107a posljednja dva desetlje\u0107a Taljevog \u017eivota i partija, od 1972. do njegove smrti 1992. Iako je bio vi\u0161e od desetlje\u0107a udaljen od svoje vladavine, u ranoj 1970-ima Talj je ponovno ispisao \u0161ahovsku povijest s dva rekordna niza bez poraza. Drugi vrhunci uklju\u010duju pobjedu na turniru prvaka u Montrealu 1979. godine i osvajanje svjetskog prvenstva u brzopoteznom \u0161ahu 1988. godine.<\/p>\n<p>Unato\u010d Taljevim nepobjedivim nizovima i zrelijem stilu igre, njegov napada\u010dki duh nije ga napustio, a \u010ditatelj \u0107e prona\u0107i mnogo vi\u0161e divnih \u017ertava i kreativnih bisera iz jedne od najistaknutijih karijera u povijesti \u0161aha. Kao i u prethodnim knjigama, prodoran \u0161ahovski analizom i biografskim istra\u017eivanjem nadopunjuju anegdote slavnih igra\u010da koji dijele svoja sje\u0107anja na Tala \"Nepobjedivog\".<\/p>\n<p>Me\u0111unarodni majstor Tibor K\u00e1rolyi bio je ma\u0111arski prvak 1984. godine i poznat je kao autor i trener. 2007. godine dobio je Guardianovu nagradu za knjigu godine.<\/p>","protected":false},"excerpt":{"rendered":"<p><a href=\"https:\/\/chessgamesemporium.com\/wp-content\/uploads\/2023\/06\/Tal3TheInvincible-excerpt.pdf\" target=\"_blank\" rel=\"noopener\">pdf uzorak<\/a><\/p>","protected":false},"featured_media":58396,"comment_status":"closed","ping_status":"closed","template":"","meta":{"_seopress_robots_primary_cat":"none","_seopress_titles_title":"","_seopress_titles_desc":"","_seopress_robots_index":""},"product_brand":[],"product_cat":[610,512],"product_tag":[],"class_list":{"0":"post-49173","1":"product","2":"type-product","3":"status-publish","4":"has-post-thumbnail","6":"product_cat-biografije","7":"product_cat-sahovske-knjige","8":"pa_avtor-tibor-karolyi","9":"pa_leto-izdaje-845","10":"pa_nivo-knjige-srednji","11":"pa_stran-oboje-nevtralno","12":"pa_tip-knjige-zbirke-partij-komentirane-partije","13":"pa_zalozba-quality-chess","15":"entry","16":"has-media","18":"first","19":"outofstock","20":"taxable","21":"shipping-taxable","22":"purchasable","23":"product-type-simple","24":"has-product-nav","25":"col","26":"span_1_of_4","27":"owp-content-center","28":"item-entry","29":"owp-thumbs-layout-horizontal","30":"owp-btn-normal","31":"owp-tabs-layout-section"},"wcpa_form_fields":null,"_links":{"self":[{"href":"https:\/\/chessgamesemporium.com\/hr\/wp-json\/wp\/v2\/product\/49173","targetHints":{"allow":["GET"]}}],"collection":[{"href":"https:\/\/chessgamesemporium.com\/hr\/wp-json\/wp\/v2\/product"}],"about":[{"href":"https:\/\/chessgamesemporium.com\/hr\/wp-json\/wp\/v2\/types\/product"}],"replies":[{"embeddable":true,"href":"https:\/\/chessgamesemporium.com\/hr\/wp-json\/wp\/v2\/comments?post=49173"}],"version-history":[{"count":0,"href":"https:\/\/chessgamesemporium.com\/hr\/wp-json\/wp\/v2\/product\/49173\/revisions"}],"wp:featuredmedia":[{"embeddable":true,"href":"https:\/\/chessgamesemporium.com\/hr\/wp-json\/wp\/v2\/media\/58396"}],"wp:attachment":[{"href":"https:\/\/chessgamesemporium.com\/hr\/wp-json\/wp\/v2\/media?parent=49173"}],"wp:term":[{"taxonomy":"product_brand","embeddable":true,"href":"https:\/\/chessgamesemporium.com\/hr\/wp-json\/wp\/v2\/product_brand?post=49173"},{"taxonomy":"product_cat","embeddable":true,"href":"https:\/\/chessgamesemporium.com\/hr\/wp-json\/wp\/v2\/product_cat?post=49173"},{"taxonomy":"product_tag","embeddable":true,"href":"https:\/\/chessgamesemporium.com\/hr\/wp-json\/wp\/v2\/product_tag?post=49173"}],"curies":[{"name":"wp","href":"https:\/\/api.w.org\/{rel}","templated":true}]}}