{"id":49199,"date":"2023-06-06T11:47:20","date_gmt":"2023-06-06T11:47:20","guid":{"rendered":"https:\/\/www.ivh44.si\/Ponudbe\/chess\/?post_type=product&#038;p=49199"},"modified":"2026-03-11T08:33:03","modified_gmt":"2026-03-11T08:33:03","slug":"sahovsko-naslede-aljehina-ii","status":"publish","type":"product","link":"https:\/\/chessgamesemporium.com\/hr\/shop\/sahovske-knjige\/biografije\/sahovsko-naslede-aljehina-ii\/","title":{"rendered":"\u0160ahovsko nasle\u0111e Aljehina II"},"content":{"rendered":"<p>Autor: A. Kotov<br \/>\nGodina izdanja: 2005<br \/>\nJezik: srpski<br \/>\nStranice: 327<br \/>\nFormat: 25 x 17,6 cm<br \/>\nNaslovna stran: tvrda<\/p>\n<p>Druga knjiga monografije \"\u0160ahovsko naslje\u0111e Alekhina\" posve\u0107ena je strate\u0161kim idejama prvog ruskog svjetskog prvaka i njegovom doprinosu teoriji \u0161ahovskih zavr\u0161nica. Knjiga sadr\u017ei vi\u0161e od 170 komentiranih partija.<\/p>","protected":false},"excerpt":{"rendered":"<p>Avtor: A. Kotov Leto izdaje: 2005 Jezik: Srbski \u0160t. strani: 327 Format: 25 x 17,6 cm Platnice: trde Druga knjiga monografije &#8220;\u0160ahovsko nasle\u0111e Aljehina&#8221; je posve\u010dena strate\u0161kim idejam prvega ruskega svetovnega prvaka in njegovemu doprinosu k teoriji \u0161ahovskih kon\u010dnic. V knjigi je ve\u010d kot 170 komentiranih partij.<\/p>","protected":false},"featured_media":49221,"comment_status":"closed","ping_status":"closed","template":"","meta":{"_seopress_robots_primary_cat":"none","_seopress_titles_title":"","_seopress_titles_desc":"","_seopress_robots_index":""},"product_brand":[],"product_cat":[610,512],"product_tag":[],"class_list":{"0":"post-49199","1":"product","2":"type-product","3":"status-publish","4":"has-post-thumbnail","6":"product_cat-biografije","7":"product_cat-sahovske-knjige","8":"pa_avtor-a-kotov","9":"pa_leto-izdaje-1010","10":"pa_nivo-knjige-srednji","11":"pa_stran-oboje-nevtralno","12":"pa_tip-knjige-biografije-zgodovina","13":"pa_zalozba-sahohlacnik","15":"entry","16":"has-media","18":"first","19":"instock","20":"taxable","21":"shipping-taxable","22":"purchasable","23":"product-type-simple","24":"has-product-nav","25":"col","26":"span_1_of_4","27":"owp-content-center","28":"item-entry","29":"owp-thumbs-layout-horizontal","30":"owp-btn-normal","31":"owp-tabs-layout-section","32":"has-no-thumbnails"},"wcpa_form_fields":null,"_links":{"self":[{"href":"https:\/\/chessgamesemporium.com\/hr\/wp-json\/wp\/v2\/product\/49199","targetHints":{"allow":["GET"]}}],"collection":[{"href":"https:\/\/chessgamesemporium.com\/hr\/wp-json\/wp\/v2\/product"}],"about":[{"href":"https:\/\/chessgamesemporium.com\/hr\/wp-json\/wp\/v2\/types\/product"}],"replies":[{"embeddable":true,"href":"https:\/\/chessgamesemporium.com\/hr\/wp-json\/wp\/v2\/comments?post=49199"}],"version-history":[{"count":0,"href":"https:\/\/chessgamesemporium.com\/hr\/wp-json\/wp\/v2\/product\/49199\/revisions"}],"wp:featuredmedia":[{"embeddable":true,"href":"https:\/\/chessgamesemporium.com\/hr\/wp-json\/wp\/v2\/media\/49221"}],"wp:attachment":[{"href":"https:\/\/chessgamesemporium.com\/hr\/wp-json\/wp\/v2\/media?parent=49199"}],"wp:term":[{"taxonomy":"product_brand","embeddable":true,"href":"https:\/\/chessgamesemporium.com\/hr\/wp-json\/wp\/v2\/product_brand?post=49199"},{"taxonomy":"product_cat","embeddable":true,"href":"https:\/\/chessgamesemporium.com\/hr\/wp-json\/wp\/v2\/product_cat?post=49199"},{"taxonomy":"product_tag","embeddable":true,"href":"https:\/\/chessgamesemporium.com\/hr\/wp-json\/wp\/v2\/product_tag?post=49199"}],"curies":[{"name":"wp","href":"https:\/\/api.w.org\/{rel}","templated":true}]}}