{"id":49203,"date":"2023-06-06T11:56:33","date_gmt":"2023-06-06T11:56:33","guid":{"rendered":"https:\/\/www.ivh44.si\/Ponudbe\/chess\/?post_type=product&#038;p=49203"},"modified":"2026-03-06T12:39:00","modified_gmt":"2026-03-06T12:39:00","slug":"moji-veliki-predhodniki-4","status":"publish","type":"product","link":"https:\/\/chessgamesemporium.com\/hr\/shop\/sahovske-knjige\/biografije\/moji-veliki-predhodniki-4\/","title":{"rendered":"MOJI VELIKI PREDHODNIKI 4"},"content":{"rendered":"<p>Autor: Gari Kasparov<br \/>\nGodina izdanja: 2010<br \/>\nJezik: Slovenski<br \/>\n\u0160t. strani: 580<br \/>\nFormat: 24 x 17 cm<br \/>\nNaslovna stran: tvrda<\/p>\n<p>Fi\u0161er i zvijezde zapada.<\/p>\n<p>Gari Kimovi\u010d Kasparov - 13. svjetski prvak, jedan od najve\u0107ih \u0161ahista u povijesti kraljevske igre. Autor knjiga: \"Sicilijanska obrana. Scheweningen\" (1984), \"Dva dvoboja\" (1987), \"Dvoboj bez kraja\" (1989).<\/p>\n<p>Knjige \"Moji veliki prethodnici\" nemaju usporedbe u \u0161ahovskoj literaturi: 13. svjetski \u0161ahovski prvak pri\u010da nam o sudbinama i djelima svojih dvanaest prethodnika i njihovih suparnika.<\/p>\n<p>Knjiga govori o jedanaestom svjetskom \u0161ahovskom prvaku Robertu Bobbyju Fischerju i njegovim velikim suvremenicima iz zapadnog svijeta, koji su izazvali naizgled nepobjediv sovjetski \u0161ahovski aparat.<\/p>","protected":false},"excerpt":{"rendered":"<p>Avtor: Gari Kasparov Leto izdaje: 2010 Jezik: Slovenski \u0160t. strani: 580 Format: 24 x 17 cm Platnice: trde Fisher in zvezde zahoda. Gari Kimovi\u010d Kasparov \u2013 13. svetovni prvak, eden izmed najve\u010djih \u0161ahistov v zgodovini kraljevske igre. Avtor knjig: \u00bbSiciljanska obrama. Scheweningen\u00ab (1984), \u00bbDva dvoboja\u00ab (1987), \u00bbDvoboj brez konca\u00ab (1989). Knjige \u00bbMoji veliki predhodniki\u00ab nimajo [&hellip;]<\/p>","protected":false},"featured_media":49229,"comment_status":"closed","ping_status":"closed","template":"","meta":{"_seopress_robots_primary_cat":"none","_seopress_titles_title":"","_seopress_titles_desc":"","_seopress_robots_index":""},"product_brand":[],"product_cat":[610,512],"product_tag":[],"class_list":{"0":"post-49203","1":"product","2":"type-product","3":"status-publish","4":"has-post-thumbnail","6":"product_cat-biografije","7":"product_cat-sahovske-knjige","8":"pa_avtor-garry-kasparov","9":"pa_leto-izdaje-995","10":"pa_nivo-knjige-srednji","11":"pa_stran-oboje-nevtralno","12":"pa_tip-knjige-biografije-zgodovina","13":"pa_zalozba-quality-chess","15":"entry","16":"has-media","18":"first","19":"instock","20":"taxable","21":"shipping-taxable","22":"purchasable","23":"product-type-simple","24":"has-product-nav","25":"col","26":"span_1_of_4","27":"owp-content-center","28":"item-entry","29":"owp-thumbs-layout-horizontal","30":"owp-btn-normal","31":"owp-tabs-layout-section","32":"has-no-thumbnails"},"wcpa_form_fields":null,"_links":{"self":[{"href":"https:\/\/chessgamesemporium.com\/hr\/wp-json\/wp\/v2\/product\/49203","targetHints":{"allow":["GET"]}}],"collection":[{"href":"https:\/\/chessgamesemporium.com\/hr\/wp-json\/wp\/v2\/product"}],"about":[{"href":"https:\/\/chessgamesemporium.com\/hr\/wp-json\/wp\/v2\/types\/product"}],"replies":[{"embeddable":true,"href":"https:\/\/chessgamesemporium.com\/hr\/wp-json\/wp\/v2\/comments?post=49203"}],"version-history":[{"count":0,"href":"https:\/\/chessgamesemporium.com\/hr\/wp-json\/wp\/v2\/product\/49203\/revisions"}],"wp:featuredmedia":[{"embeddable":true,"href":"https:\/\/chessgamesemporium.com\/hr\/wp-json\/wp\/v2\/media\/49229"}],"wp:attachment":[{"href":"https:\/\/chessgamesemporium.com\/hr\/wp-json\/wp\/v2\/media?parent=49203"}],"wp:term":[{"taxonomy":"product_brand","embeddable":true,"href":"https:\/\/chessgamesemporium.com\/hr\/wp-json\/wp\/v2\/product_brand?post=49203"},{"taxonomy":"product_cat","embeddable":true,"href":"https:\/\/chessgamesemporium.com\/hr\/wp-json\/wp\/v2\/product_cat?post=49203"},{"taxonomy":"product_tag","embeddable":true,"href":"https:\/\/chessgamesemporium.com\/hr\/wp-json\/wp\/v2\/product_tag?post=49203"}],"curies":[{"name":"wp","href":"https:\/\/api.w.org\/{rel}","templated":true}]}}