{"id":49293,"date":"2023-06-08T10:40:13","date_gmt":"2023-06-08T10:40:13","guid":{"rendered":"https:\/\/www.ivh44.si\/Ponudbe\/chess\/?post_type=product&#038;p=49293"},"modified":"2025-03-06T07:15:45","modified_gmt":"2025-03-06T07:15:45","slug":"o-psih-sahovskog-stvaralastva","status":"publish","type":"product","link":"https:\/\/chessgamesemporium.com\/hr\/shop\/svi-proizvodi\/o-psih-sahovskog-stvaralastva\/","title":{"rendered":"O PSIH. \u0160AHOVSKOG STVARALA\u0160TVA"},"content":{"rendered":"<p>Autor: N. Krogijus<br \/>\nGodina izdanja: 2005<br \/>\nJezik: srpski<br \/>\nStranice: 95<br \/>\nFormat: 21 x 14,8 cm<br \/>\nKorice: meke<\/p>\n<p>Ta knjiga je namijenjena \u0161irokom krugu ljubitelja \u0161aha. Autor dijeli svoja vi\u0111enja i iskustva u pou\u010davanju razli\u010ditih vrsta pozicija u svim fazama igre.<\/p>","protected":false},"excerpt":{"rendered":"<p>Avtor: N. Krogijus Leto izdaje: 2005 Jezik: Srbski \u0160t. strani: 95 Format: 21 x 14,8 cm Platnice: mehke Ta knjiga je namenjena \u0161irokemu krogu ljubiteljev \u0161aha. Avtor podaja svoja videnja in izku\u0161nje pri pou\u010devanju razli\u010dnih tipov pozicij v vseh stadijih igre.<\/p>","protected":false},"featured_media":49314,"comment_status":"closed","ping_status":"closed","template":"","meta":{"_seopress_robots_primary_cat":"none","_seopress_titles_title":"","_seopress_titles_desc":"","_seopress_robots_index":""},"product_brand":[],"product_cat":[194],"product_tag":[],"class_list":{"0":"post-49293","1":"product","2":"type-product","3":"status-publish","4":"has-post-thumbnail","6":"product_cat-vsi-izdelki","8":"entry","9":"has-media","11":"first","12":"outofstock","13":"taxable","14":"shipping-taxable","15":"purchasable","16":"product-type-simple","17":"has-product-nav","18":"col","19":"span_1_of_4","20":"owp-content-center","21":"item-entry","22":"owp-thumbs-layout-horizontal","23":"owp-btn-normal","24":"owp-tabs-layout-section","25":"has-no-thumbnails"},"wcpa_form_fields":null,"_links":{"self":[{"href":"https:\/\/chessgamesemporium.com\/hr\/wp-json\/wp\/v2\/product\/49293","targetHints":{"allow":["GET"]}}],"collection":[{"href":"https:\/\/chessgamesemporium.com\/hr\/wp-json\/wp\/v2\/product"}],"about":[{"href":"https:\/\/chessgamesemporium.com\/hr\/wp-json\/wp\/v2\/types\/product"}],"replies":[{"embeddable":true,"href":"https:\/\/chessgamesemporium.com\/hr\/wp-json\/wp\/v2\/comments?post=49293"}],"version-history":[{"count":0,"href":"https:\/\/chessgamesemporium.com\/hr\/wp-json\/wp\/v2\/product\/49293\/revisions"}],"wp:featuredmedia":[{"embeddable":true,"href":"https:\/\/chessgamesemporium.com\/hr\/wp-json\/wp\/v2\/media\/49314"}],"wp:attachment":[{"href":"https:\/\/chessgamesemporium.com\/hr\/wp-json\/wp\/v2\/media?parent=49293"}],"wp:term":[{"taxonomy":"product_brand","embeddable":true,"href":"https:\/\/chessgamesemporium.com\/hr\/wp-json\/wp\/v2\/product_brand?post=49293"},{"taxonomy":"product_cat","embeddable":true,"href":"https:\/\/chessgamesemporium.com\/hr\/wp-json\/wp\/v2\/product_cat?post=49293"},{"taxonomy":"product_tag","embeddable":true,"href":"https:\/\/chessgamesemporium.com\/hr\/wp-json\/wp\/v2\/product_tag?post=49293"}],"curies":[{"name":"wp","href":"https:\/\/api.w.org\/{rel}","templated":true}]}}