{"id":49296,"date":"2023-06-08T11:08:54","date_gmt":"2023-06-08T11:08:54","guid":{"rendered":"https:\/\/www.ivh44.si\/Ponudbe\/chess\/?post_type=product&#038;p=49296"},"modified":"2024-05-28T08:59:38","modified_gmt":"2024-05-28T08:59:38","slug":"remi","status":"publish","type":"product","link":"https:\/\/chessgamesemporium.com\/hr\/shop\/svi-proizvodi\/remi\/","title":{"rendered":"REMI"},"content":{"rendered":"<p>Autor: L. Verhovski<br \/>\nGodina izdanja: 2005<br \/>\nJezik: srpski<br \/>\nStranice: 91<br \/>\nFormat: 21 x 14,8 cm<br \/>\nKorice: meke<\/p>\n<p>Ni pobjede, ni poraza... nerije\u0161eno. Srednji rezultat koji nije ba\u0161 omiljen. No, ako je partija bila dobra, nismo popustili pod dugotrajnim pritiskom, remi mo\u017ee biti vrijedan kao pobjeda. Autor prikazuje razli\u010dite aspekte nerije\u0161enog rezultata. Knjiga je lagana za \u010ditanje, pou\u010dna i upoznaje \u0161ahista s zanimljivim pozicijama.<\/p>\n<p>Knjiga je prikladna za sve ljubitelje \u0161aha.<\/p>","protected":false},"excerpt":{"rendered":"<p>Avtor: L. Verhovski Leto izdaje: 2005 Jezik: Srbski \u0160t. strani: 91 Format: 21 x 14,8 cm Platnice: mehke Ni zmaga, ni poraz&#8230;remi. Srednji rezultat, ki ni prav priljubljen. No, \u010de je bila partija dobra, nismo podlegli trajnemu pritisku, je lahko remi vreden kot zmaga. Avtor prikazuje razli\u010dne vidike remija. Knjiga je lahka za branje, pou\u010dna [&hellip;]<\/p>","protected":false},"featured_media":49320,"comment_status":"closed","ping_status":"closed","template":"","meta":{"_seopress_robots_primary_cat":"none","_seopress_titles_title":"","_seopress_titles_desc":"","_seopress_robots_index":""},"product_brand":[],"product_cat":[194],"product_tag":[],"class_list":{"0":"post-49296","1":"product","2":"type-product","3":"status-publish","4":"has-post-thumbnail","6":"product_cat-vsi-izdelki","8":"entry","9":"has-media","11":"first","12":"outofstock","13":"taxable","14":"shipping-taxable","15":"purchasable","16":"product-type-simple","17":"has-product-nav","18":"col","19":"span_1_of_4","20":"owp-content-center","21":"item-entry","22":"owp-thumbs-layout-horizontal","23":"owp-btn-normal","24":"owp-tabs-layout-section","25":"has-no-thumbnails"},"wcpa_form_fields":null,"_links":{"self":[{"href":"https:\/\/chessgamesemporium.com\/hr\/wp-json\/wp\/v2\/product\/49296","targetHints":{"allow":["GET"]}}],"collection":[{"href":"https:\/\/chessgamesemporium.com\/hr\/wp-json\/wp\/v2\/product"}],"about":[{"href":"https:\/\/chessgamesemporium.com\/hr\/wp-json\/wp\/v2\/types\/product"}],"replies":[{"embeddable":true,"href":"https:\/\/chessgamesemporium.com\/hr\/wp-json\/wp\/v2\/comments?post=49296"}],"version-history":[{"count":0,"href":"https:\/\/chessgamesemporium.com\/hr\/wp-json\/wp\/v2\/product\/49296\/revisions"}],"wp:featuredmedia":[{"embeddable":true,"href":"https:\/\/chessgamesemporium.com\/hr\/wp-json\/wp\/v2\/media\/49320"}],"wp:attachment":[{"href":"https:\/\/chessgamesemporium.com\/hr\/wp-json\/wp\/v2\/media?parent=49296"}],"wp:term":[{"taxonomy":"product_brand","embeddable":true,"href":"https:\/\/chessgamesemporium.com\/hr\/wp-json\/wp\/v2\/product_brand?post=49296"},{"taxonomy":"product_cat","embeddable":true,"href":"https:\/\/chessgamesemporium.com\/hr\/wp-json\/wp\/v2\/product_cat?post=49296"},{"taxonomy":"product_tag","embeddable":true,"href":"https:\/\/chessgamesemporium.com\/hr\/wp-json\/wp\/v2\/product_tag?post=49296"}],"curies":[{"name":"wp","href":"https:\/\/api.w.org\/{rel}","templated":true}]}}