{"id":49358,"date":"2023-06-08T11:39:17","date_gmt":"2023-06-08T11:39:17","guid":{"rendered":"https:\/\/www.ivh44.si\/Ponudbe\/chess\/?post_type=product&#038;p=49358"},"modified":"2024-03-26T09:06:53","modified_gmt":"2024-03-26T09:06:53","slug":"preimucstvo-lovackog-para","status":"publish","type":"product","link":"https:\/\/chessgamesemporium.com\/hr\/shop\/svi-proizvodi\/preimucstvo-lovackog-para\/","title":{"rendered":"PREIMU\u0106STVO LOVA\u010cKOG PARA"},"content":{"rendered":"<p>Autor: A. Ko\u010dijev, N. Jakovljev<br \/>\nGodina izdanja: 2005<br \/>\nJezik: srpski<br \/>\nStranice: 87<br \/>\nFormat: 21 x 14,8 cm<br \/>\nNaslovna strana: Meka<\/p>\n<p>Autori na brojnim prakti\u010dnim primjerima prikazuju prednost lova\u010dkog para. Ponekad je takva prednost ve\u0107 odlu\u010duju\u0107a...<\/p>\n<p>Knjiga je namijenjena \u0161ahistima koji \u017eele unaprijediti i obogatiti svoje znanje novim takti\u010dkim i strate\u0161kim idejama.<\/p>","protected":false},"excerpt":{"rendered":"<p>Avtor: A. Ko\u010dijev, N. Jakovljev Leto izdaje: 2005 Jezik: Srbski \u0160t. strani: 87 Format: 21 x 14,8 cm Platnice: mehke Avtorja na \u0161tevilnih prakti\u010dnih primerih prikazujeta premo\u010d lovskega para. V\u010dasih je taka prednost \u017ee odlo\u010dilna&#8230; Knjiga je namenjena \u0161ahistom, ki se \u017eelijo izpopolnjevati in bogatiti svoje znanje z novimi takti\u010dnimi in strate\u0161kimi idejami.<\/p>","protected":false},"featured_media":49377,"comment_status":"closed","ping_status":"closed","template":"","meta":{"_seopress_robots_primary_cat":"none","_seopress_titles_title":"","_seopress_titles_desc":"","_seopress_robots_index":""},"product_brand":[],"product_cat":[194],"product_tag":[],"class_list":{"0":"post-49358","1":"product","2":"type-product","3":"status-publish","4":"has-post-thumbnail","6":"product_cat-vsi-izdelki","8":"entry","9":"has-media","11":"first","12":"instock","13":"taxable","14":"shipping-taxable","15":"purchasable","16":"product-type-simple","17":"has-product-nav","18":"col","19":"span_1_of_4","20":"owp-content-center","21":"item-entry","22":"owp-thumbs-layout-horizontal","23":"owp-btn-normal","24":"owp-tabs-layout-section","25":"has-no-thumbnails"},"wcpa_form_fields":null,"_links":{"self":[{"href":"https:\/\/chessgamesemporium.com\/hr\/wp-json\/wp\/v2\/product\/49358","targetHints":{"allow":["GET"]}}],"collection":[{"href":"https:\/\/chessgamesemporium.com\/hr\/wp-json\/wp\/v2\/product"}],"about":[{"href":"https:\/\/chessgamesemporium.com\/hr\/wp-json\/wp\/v2\/types\/product"}],"replies":[{"embeddable":true,"href":"https:\/\/chessgamesemporium.com\/hr\/wp-json\/wp\/v2\/comments?post=49358"}],"version-history":[{"count":0,"href":"https:\/\/chessgamesemporium.com\/hr\/wp-json\/wp\/v2\/product\/49358\/revisions"}],"wp:featuredmedia":[{"embeddable":true,"href":"https:\/\/chessgamesemporium.com\/hr\/wp-json\/wp\/v2\/media\/49377"}],"wp:attachment":[{"href":"https:\/\/chessgamesemporium.com\/hr\/wp-json\/wp\/v2\/media?parent=49358"}],"wp:term":[{"taxonomy":"product_brand","embeddable":true,"href":"https:\/\/chessgamesemporium.com\/hr\/wp-json\/wp\/v2\/product_brand?post=49358"},{"taxonomy":"product_cat","embeddable":true,"href":"https:\/\/chessgamesemporium.com\/hr\/wp-json\/wp\/v2\/product_cat?post=49358"},{"taxonomy":"product_tag","embeddable":true,"href":"https:\/\/chessgamesemporium.com\/hr\/wp-json\/wp\/v2\/product_tag?post=49358"}],"curies":[{"name":"wp","href":"https:\/\/api.w.org\/{rel}","templated":true}]}}