{"id":49424,"date":"2023-06-21T10:11:29","date_gmt":"2023-06-21T10:11:29","guid":{"rendered":"https:\/\/www.ivh44.si\/Ponudbe\/chess\/?post_type=product&#038;p=49424"},"modified":"2026-03-12T07:45:12","modified_gmt":"2026-03-12T07:45:12","slug":"how-i-became-a-chess-grandmaster","status":"publish","type":"product","link":"https:\/\/chessgamesemporium.com\/hr\/shop\/sahovske-knjige\/biografije\/how-i-became-a-chess-grandmaster\/","title":{"rendered":"How I Became a Chess Grandmaster"},"content":{"rendered":"<p>Autor: Vinay Bhat<br \/>\nGodina izdanja: 2023<br \/>\nJezik: Engelski<br \/>\nStranice: 344<br \/>\nFormat: 24 x 17 cm<br \/>\nNaslovna strana: Meka<\/p>\n<p>Vinay Bhat se penjao uz ljestvicu ameri\u010dkog \u0161aha tijekom 1990-ih i 2000-ih, nadvladavaju\u0107i prepreke, natjecateljske izazove te akademske i profesionalne obveze prije nego \u0161to je postigao najvi\u0161i naslov u \u0161ahu. Pratite Vinayjev put do napretka i pote\u0161ko\u0107a kroz koje je morao pro\u0107i kako biste iscrtali svoj vlastiti put do napretka i postigli svoje \u0161ahovske ciljeve.<\/p>\n<p>Kako sam postao velemajstor u \u0161ahu osobna je pri\u010da koja zabavlja i pou\u010dava. S mnogim fotografijama i anegdotama mo\u017eete pratiti inspirativni uspon mladog igra\u010da od po\u010detnika do velemajstora.<\/p>\n<p>Vinay Bhat postao je nacionalni majstor s 10 godina i me\u0111unarodni majstor s 15 godina - tada najmla\u0111i ameri\u010dki IM od Bobbyja Fischera. Kasnije je u svojim srednjim dvadesetima postao kona\u010dni velemajstor.<\/p>\n<p>&nbsp;<\/p>","protected":false},"excerpt":{"rendered":"<p><a href=\"https:\/\/chessgamesemporium.com\/wp-content\/uploads\/2023\/06\/HowIbecameaChessGrandmaster-Excerpt.pdf\" target=\"_blank\" rel=\"noopener\">pdf uzorak<\/a><\/p>","protected":false},"featured_media":49431,"comment_status":"closed","ping_status":"closed","template":"","meta":{"_seopress_robots_primary_cat":"none","_seopress_titles_title":"","_seopress_titles_desc":"","_seopress_robots_index":""},"product_brand":[],"product_cat":[610,512],"product_tag":[],"class_list":{"0":"post-49424","1":"product","2":"type-product","3":"status-publish","4":"has-post-thumbnail","6":"product_cat-biografije","7":"product_cat-sahovske-knjige","8":"pa_avtor-vinay-bhat","9":"pa_leto-izdaje-1037","10":"pa_nivo-knjige-srednji","11":"pa_stran-oboje-nevtralno","12":"pa_tip-knjige-biografije-zgodovina","13":"pa_zalozba-dover","15":"entry","16":"has-media","18":"first","19":"instock","20":"taxable","21":"shipping-taxable","22":"purchasable","23":"product-type-simple","24":"has-product-nav","25":"col","26":"span_1_of_4","27":"owp-content-center","28":"item-entry","29":"owp-thumbs-layout-horizontal","30":"owp-btn-normal","31":"owp-tabs-layout-section"},"wcpa_form_fields":null,"_links":{"self":[{"href":"https:\/\/chessgamesemporium.com\/hr\/wp-json\/wp\/v2\/product\/49424","targetHints":{"allow":["GET"]}}],"collection":[{"href":"https:\/\/chessgamesemporium.com\/hr\/wp-json\/wp\/v2\/product"}],"about":[{"href":"https:\/\/chessgamesemporium.com\/hr\/wp-json\/wp\/v2\/types\/product"}],"replies":[{"embeddable":true,"href":"https:\/\/chessgamesemporium.com\/hr\/wp-json\/wp\/v2\/comments?post=49424"}],"version-history":[{"count":0,"href":"https:\/\/chessgamesemporium.com\/hr\/wp-json\/wp\/v2\/product\/49424\/revisions"}],"wp:featuredmedia":[{"embeddable":true,"href":"https:\/\/chessgamesemporium.com\/hr\/wp-json\/wp\/v2\/media\/49431"}],"wp:attachment":[{"href":"https:\/\/chessgamesemporium.com\/hr\/wp-json\/wp\/v2\/media?parent=49424"}],"wp:term":[{"taxonomy":"product_brand","embeddable":true,"href":"https:\/\/chessgamesemporium.com\/hr\/wp-json\/wp\/v2\/product_brand?post=49424"},{"taxonomy":"product_cat","embeddable":true,"href":"https:\/\/chessgamesemporium.com\/hr\/wp-json\/wp\/v2\/product_cat?post=49424"},{"taxonomy":"product_tag","embeddable":true,"href":"https:\/\/chessgamesemporium.com\/hr\/wp-json\/wp\/v2\/product_tag?post=49424"}],"curies":[{"name":"wp","href":"https:\/\/api.w.org\/{rel}","templated":true}]}}