{"id":49625,"date":"2023-07-18T08:17:31","date_gmt":"2023-07-18T08:17:31","guid":{"rendered":"https:\/\/www.ivh44.si\/Ponudbe\/chess\/?post_type=product&#038;p=49625"},"modified":"2026-01-26T08:31:36","modified_gmt":"2026-01-26T08:31:36","slug":"luksuzni-sah-antika-orah-s","status":"publish","type":"product","link":"https:\/\/chessgamesemporium.com\/hr\/shop\/sahovski-kompleti\/ekskluzivne-garniture\/luksuzni-sah-antika-orah-s\/","title":{"rendered":"Luksuzni \u0161ah Antika Orah S"},"content":{"rendered":"<p>Luksuzni \u0161ah Antika Orah S<\/p>\n<p>Luksuzni ru\u010dno izra\u0111eni \u0161ah od oraha, biserovine i umjetni\u010dkog mozaika.<br \/>\nSve boje su prirodne boje drveta.<br \/>\nPlo\u010da je le lakirana za za\u0161titu i dodatni lesk.<\/p>\n<p>Dimenzije polja: 3 x 3 cm<br \/>\nDimenzije plo\u010de: 38 \u00d7 38 \u00d7 8 cm<br \/>\n\u0160ahovske figure iz medenine<\/p>\n<p>Nije prikladno za djecu mla\u0111u od tre\u0107e godine.<\/p>","protected":false},"excerpt":{"rendered":"<p>Luksuzni \u0161ah Antika Oreh S Luksuzni ro\u010dno narejen \u0161ah iz oreha, biserovine in umetni\u0161kega mozaika. \u0160ahovnica ni barvana, vse barve so naravne barve lesa. \u0160ahovnica je le lakirana za za\u0161\u010dito in dodatni lesk. Dimenzije polja: 30 mm Dimenzije \u0161ahovnice: 38 x 38 x 8 cm \u0160ahovske figure iz medenine Ni primerno za otroke do tretjega [&hellip;]<\/p>","protected":false},"featured_media":49648,"comment_status":"closed","ping_status":"closed","template":"","meta":{"_seopress_robots_primary_cat":"none","_seopress_titles_title":"","_seopress_titles_desc":"","_seopress_robots_index":""},"product_brand":[],"product_cat":[611,510],"product_tag":[],"class_list":{"0":"post-49625","1":"product","2":"type-product","3":"status-publish","4":"has-post-thumbnail","6":"product_cat-ekskluzivne-garniture","7":"product_cat-sahovski-kompleti","9":"entry","10":"has-media","12":"first","13":"instock","14":"taxable","15":"shipping-taxable","16":"purchasable","17":"product-type-simple","18":"has-product-nav","19":"col","20":"span_1_of_4","21":"owp-content-center","22":"item-entry","23":"owp-thumbs-layout-horizontal","24":"owp-btn-normal","25":"owp-tabs-layout-section"},"wcpa_form_fields":null,"_links":{"self":[{"href":"https:\/\/chessgamesemporium.com\/hr\/wp-json\/wp\/v2\/product\/49625","targetHints":{"allow":["GET"]}}],"collection":[{"href":"https:\/\/chessgamesemporium.com\/hr\/wp-json\/wp\/v2\/product"}],"about":[{"href":"https:\/\/chessgamesemporium.com\/hr\/wp-json\/wp\/v2\/types\/product"}],"replies":[{"embeddable":true,"href":"https:\/\/chessgamesemporium.com\/hr\/wp-json\/wp\/v2\/comments?post=49625"}],"version-history":[{"count":0,"href":"https:\/\/chessgamesemporium.com\/hr\/wp-json\/wp\/v2\/product\/49625\/revisions"}],"wp:featuredmedia":[{"embeddable":true,"href":"https:\/\/chessgamesemporium.com\/hr\/wp-json\/wp\/v2\/media\/49648"}],"wp:attachment":[{"href":"https:\/\/chessgamesemporium.com\/hr\/wp-json\/wp\/v2\/media?parent=49625"}],"wp:term":[{"taxonomy":"product_brand","embeddable":true,"href":"https:\/\/chessgamesemporium.com\/hr\/wp-json\/wp\/v2\/product_brand?post=49625"},{"taxonomy":"product_cat","embeddable":true,"href":"https:\/\/chessgamesemporium.com\/hr\/wp-json\/wp\/v2\/product_cat?post=49625"},{"taxonomy":"product_tag","embeddable":true,"href":"https:\/\/chessgamesemporium.com\/hr\/wp-json\/wp\/v2\/product_tag?post=49625"}],"curies":[{"name":"wp","href":"https:\/\/api.w.org\/{rel}","templated":true}]}}