{"id":49628,"date":"2023-07-18T08:21:01","date_gmt":"2023-07-18T08:21:01","guid":{"rendered":"https:\/\/www.ivh44.si\/Ponudbe\/chess\/?post_type=product&#038;p=49628"},"modified":"2025-02-25T08:58:48","modified_gmt":"2025-02-25T08:58:48","slug":"luksuzni-sah-small-jesen-medenina","status":"publish","type":"product","link":"https:\/\/chessgamesemporium.com\/hr\/shop\/sahovski-kompleti\/ekskluzivne-garniture\/luksuzni-sah-small-jesen-medenina\/","title":{"rendered":"Luksuzni \u0161ah Small &#8211; jesen | medenina"},"content":{"rendered":"<p>Luksuzni \u0161ah Small &#8211; jesen | medenina<\/p>\n<p>Luksuzni ro\u010dno narejen \u0161ah iz jesena in umetni\u0161kega mozaika<br \/>\nSve boje su prirodne boje drveta.<br \/>\nPlo\u010da je le lakirana za za\u0161titu i dodatni lesk.<\/p>\n<p>Dimenzije polja: 21 mm<br \/>\nDimenzije \u0161ahovnice: 25 x 25 x 5 cm<br \/>\n\u0160ahovske figure iz medenine<\/p>\n<p>Nije prikladno za djecu mla\u0111u od tre\u0107e godine.<\/p>","protected":false},"excerpt":{"rendered":"<p>Luksuzni \u0161ah Small &#8211; jesen | medenina Luksuzni ro\u010dno narejen \u0161ah iz jesena in umetni\u0161kega mozaika \u0160ahovnica ni barvana, vse barve so naravne barve lesa. \u0160ahovnica je le lakirana za za\u0161\u010dito in dodatni lesk. Dimenzije polja: 21 mm Dimenzije \u0161ahovnice: 25 x 25 x 5 cm \u0160ahovske figure iz medenine Ni primerno za otroke do [&hellip;]<\/p>","protected":false},"featured_media":49653,"comment_status":"closed","ping_status":"closed","template":"","meta":{"_seopress_robots_primary_cat":"none","_seopress_titles_title":"","_seopress_titles_desc":"","_seopress_robots_index":""},"product_brand":[],"product_cat":[611,510],"product_tag":[],"class_list":{"0":"post-49628","1":"product","2":"type-product","3":"status-publish","4":"has-post-thumbnail","6":"product_cat-ekskluzivne-garniture","7":"product_cat-sahovski-kompleti","9":"entry","10":"has-media","12":"first","13":"outofstock","14":"taxable","15":"shipping-taxable","16":"purchasable","17":"product-type-simple","18":"has-product-nav","19":"col","20":"span_1_of_4","21":"owp-content-center","22":"item-entry","23":"owp-thumbs-layout-horizontal","24":"owp-btn-normal","25":"owp-tabs-layout-section"},"wcpa_form_fields":null,"_links":{"self":[{"href":"https:\/\/chessgamesemporium.com\/hr\/wp-json\/wp\/v2\/product\/49628","targetHints":{"allow":["GET"]}}],"collection":[{"href":"https:\/\/chessgamesemporium.com\/hr\/wp-json\/wp\/v2\/product"}],"about":[{"href":"https:\/\/chessgamesemporium.com\/hr\/wp-json\/wp\/v2\/types\/product"}],"replies":[{"embeddable":true,"href":"https:\/\/chessgamesemporium.com\/hr\/wp-json\/wp\/v2\/comments?post=49628"}],"version-history":[{"count":0,"href":"https:\/\/chessgamesemporium.com\/hr\/wp-json\/wp\/v2\/product\/49628\/revisions"}],"wp:featuredmedia":[{"embeddable":true,"href":"https:\/\/chessgamesemporium.com\/hr\/wp-json\/wp\/v2\/media\/49653"}],"wp:attachment":[{"href":"https:\/\/chessgamesemporium.com\/hr\/wp-json\/wp\/v2\/media?parent=49628"}],"wp:term":[{"taxonomy":"product_brand","embeddable":true,"href":"https:\/\/chessgamesemporium.com\/hr\/wp-json\/wp\/v2\/product_brand?post=49628"},{"taxonomy":"product_cat","embeddable":true,"href":"https:\/\/chessgamesemporium.com\/hr\/wp-json\/wp\/v2\/product_cat?post=49628"},{"taxonomy":"product_tag","embeddable":true,"href":"https:\/\/chessgamesemporium.com\/hr\/wp-json\/wp\/v2\/product_tag?post=49628"}],"curies":[{"name":"wp","href":"https:\/\/api.w.org\/{rel}","templated":true}]}}