{"id":49630,"date":"2023-07-18T08:47:57","date_gmt":"2023-07-18T08:47:57","guid":{"rendered":"https:\/\/www.ivh44.si\/Ponudbe\/chess\/?post_type=product&#038;p=49630"},"modified":"2025-02-25T08:58:11","modified_gmt":"2025-02-25T08:58:11","slug":"anticna-sahovska-garnitura-collective-archers","status":"publish","type":"product","link":"https:\/\/chessgamesemporium.com\/hr\/shop\/sahovski-kompleti\/ekskluzivne-garniture\/anticna-sahovska-garnitura-collective-archers\/","title":{"rendered":"Anti\u010dna \u0161ahovska garnitura COLLECTIVE ARCHERS"},"content":{"rendered":"<p>\u0160ahovske figure:<br \/>\nMetalne, postavljene, antikni dizajn<\/p>\n<p>Visina kralja: 9,5 cm<br \/>\nMaterijal: Cinkova legura<\/p>\n<p>Legenda<\/p>\n<p>Veliko mesto bilo je u sredi\u0161tu sukoba izme\u0111u dva mo\u0107na bo\u017eanstva. Mesto su \u017eeljela imenovati i Pozejdon, bog mora, i Atena, boginja mudrosti. Bo\u017eanski sukob bio je tako silovit da je Zeus odredio da svaki od bogova pripremi dar za gra\u0111ane. Pozejdon je podigao svoj trozubac i udario stijenu Akropolja, gdje se prolila morska voda. \"Upozoravat \u0107e vas na nadolaze\u0107e oluje. Va\u0161 grad \u0107e pobijediti more.\" Atena je kleknula i dodirnula tlo, gdje je iznikla maslina. \"Za hranu, ulje, drvo i svjetlost. Va\u0161 grad bit \u0107e znak civilizacije.\" Unato\u010d Pozejdonovu bijesu, atenski dar bio je dra\u017ei gra\u0111anima, i tako su Atene dobile svoje ime.<\/p>\n<p>Figure<\/p>\n<p>Grci kipari \u010desto su u svojim djelima o\u017eivljavali taj sukob. Kralj je replika poznatog Melo\u0161kog Pozejdona iz 2. stolje\u0107a prije nove ere, a kraljica je veli\u010danstvena Atena Promachos iz 450. prije nove ere. Lovac je nadahnut bron\u010danim helenisti\u010dkim kipom, dok je skaka\u010d dio mramorne fasade Partenona. Top je reprodukcija jednog od najljep\u0161ih nadgrobnih kamenova posve\u0107enih mladom Aristionu, koji je umro u bitci. Pje\u0161aci su bron\u010dani kipovi ratnika iz 500. prije nove ere u oklopu.<\/p>\n<p>\u0160ahovska plo\u010da:<br \/>\nLuksuzni ru\u010dno izra\u0111eni \u0161ah od drveta i umjetni\u010dkog mozaika.<br \/>\nSve boje su prirodne boje drveta.<br \/>\nPlo\u010da je le lakirana za za\u0161titu i dodatni lesk.<\/p>\n<p>Dimenzije polja: 50 x 50 mm<br \/>\nDimenzije plo\u010de: 53 \u00d7 53 \u00d7 7 cm<br \/>\nMaterijal: Orah<\/p>\n<p>Nije prikladno za djecu mla\u0111u od tre\u0107e godine.<\/p>","protected":false},"excerpt":{"rendered":"<p>\u0160ahovske figure: Kovinske, podlo\u017eene, anti\u010dni dizajn Vi\u0161ina kralja: 9,5 cm Material: Cinkova zlitina Legenda Veli\u010dastno mesto je bilo v osredju spora med dvema mogo\u010dnima bogovoma. Mesto sta po sebi \u017eelela poimenovati tako Pozejdon, bog morja, kot Atena, boginja modrosti.Ta bo\u017eji spopad je bil tako silovit, da je Zevs dolo\u010dil, naj vsak od bogov me\u0161\u010danom pripravi [&hellip;]<\/p>","protected":false},"featured_media":49667,"comment_status":"closed","ping_status":"closed","template":"","meta":{"_seopress_robots_primary_cat":"none","_seopress_titles_title":"","_seopress_titles_desc":"","_seopress_robots_index":""},"product_brand":[],"product_cat":[611,510],"product_tag":[],"class_list":{"0":"post-49630","1":"product","2":"type-product","3":"status-publish","4":"has-post-thumbnail","6":"product_cat-ekskluzivne-garniture","7":"product_cat-sahovski-kompleti","9":"entry","10":"has-media","12":"first","13":"instock","14":"taxable","15":"shipping-taxable","16":"purchasable","17":"product-type-simple","18":"has-product-nav","19":"col","20":"span_1_of_4","21":"owp-content-center","22":"item-entry","23":"owp-thumbs-layout-horizontal","24":"owp-btn-normal","25":"owp-tabs-layout-section"},"wcpa_form_fields":null,"_links":{"self":[{"href":"https:\/\/chessgamesemporium.com\/hr\/wp-json\/wp\/v2\/product\/49630","targetHints":{"allow":["GET"]}}],"collection":[{"href":"https:\/\/chessgamesemporium.com\/hr\/wp-json\/wp\/v2\/product"}],"about":[{"href":"https:\/\/chessgamesemporium.com\/hr\/wp-json\/wp\/v2\/types\/product"}],"replies":[{"embeddable":true,"href":"https:\/\/chessgamesemporium.com\/hr\/wp-json\/wp\/v2\/comments?post=49630"}],"version-history":[{"count":0,"href":"https:\/\/chessgamesemporium.com\/hr\/wp-json\/wp\/v2\/product\/49630\/revisions"}],"wp:featuredmedia":[{"embeddable":true,"href":"https:\/\/chessgamesemporium.com\/hr\/wp-json\/wp\/v2\/media\/49667"}],"wp:attachment":[{"href":"https:\/\/chessgamesemporium.com\/hr\/wp-json\/wp\/v2\/media?parent=49630"}],"wp:term":[{"taxonomy":"product_brand","embeddable":true,"href":"https:\/\/chessgamesemporium.com\/hr\/wp-json\/wp\/v2\/product_brand?post=49630"},{"taxonomy":"product_cat","embeddable":true,"href":"https:\/\/chessgamesemporium.com\/hr\/wp-json\/wp\/v2\/product_cat?post=49630"},{"taxonomy":"product_tag","embeddable":true,"href":"https:\/\/chessgamesemporium.com\/hr\/wp-json\/wp\/v2\/product_tag?post=49630"}],"curies":[{"name":"wp","href":"https:\/\/api.w.org\/{rel}","templated":true}]}}