{"id":49726,"date":"2023-07-20T08:47:26","date_gmt":"2023-07-20T08:47:26","guid":{"rendered":"https:\/\/www.ivh44.si\/Ponudbe\/chess\/?post_type=product&#038;p=49726"},"modified":"2026-01-26T12:12:51","modified_gmt":"2026-01-26T12:12:51","slug":"luxury-chess-set-bordeaux","status":"publish","type":"product","link":"https:\/\/chessgamesemporium.com\/hr\/shop\/sahovski-kompleti\/ekskluzivne-garniture\/luxury-chess-set-bordeaux\/","title":{"rendered":"Luksuzni \u0161ah BORDEAUX"},"content":{"rendered":"<p>\u0160ahovska garnitura 40x40cm (srednja) s Staunton Chessmen 7,7cm King<\/p>\n<p>Ovaj jedinstveni drveni \u0161ahovski komplet uklju\u010duje pa\u017eljivo odabrane proizvode. Komplet uklju\u010duje potpuno uskla\u0111enu \u0161ahovnicu izra\u0111eno od korijenje masline s kori\u0161\u0107enjem intarzije. \u0160ahovske figure su ote\u017eane i imaju kralja visine 7,7 cm.<\/p>\n<p>Pa\u017eljivo odabrane drvene furnire, tradicionalni modeli i poseban izradak uz kori\u0161\u0107enje umetnosti intarzije daju \u017eivot na\u0161oj kolekciji luksuznih drvenih \u0161ahova.<\/p>","protected":false},"excerpt":{"rendered":"<p>\u0160ahovska garnitura 40x40cm (srednja) s Staunton Chessmen 7,7cm King Ta edinstven lesen \u0161ahovski komplet vklju\u010duje razli\u010dne premi\u0161ljeno izbrane izdelke. Komplet vklju\u010duje popolnoma usklajeno \u0161ahovnico narejeno iz korenine oljke, ki so jo izdelali spretni obrtniki z uporabo umetnosti intarzije. \u0160ahovske figure so obte\u017eene in imajo kralja vi\u0161ine 7,7 cm. Skrbno izbrani leseni furnirji, tradicionalni modeli in [&hellip;]<\/p>","protected":false},"featured_media":49736,"comment_status":"closed","ping_status":"closed","template":"","meta":{"_seopress_robots_primary_cat":"none","_seopress_titles_title":"","_seopress_titles_desc":"","_seopress_robots_index":""},"product_brand":[],"product_cat":[611,510],"product_tag":[],"class_list":{"0":"post-49726","1":"product","2":"type-product","3":"status-publish","4":"has-post-thumbnail","6":"product_cat-ekskluzivne-garniture","7":"product_cat-sahovski-kompleti","9":"entry","10":"has-media","12":"first","13":"instock","14":"taxable","15":"shipping-taxable","16":"purchasable","17":"product-type-simple","18":"has-product-nav","19":"col","20":"span_1_of_4","21":"owp-content-center","22":"item-entry","23":"owp-thumbs-layout-horizontal","24":"owp-btn-normal","25":"owp-tabs-layout-section","26":"has-no-thumbnails"},"wcpa_form_fields":null,"_links":{"self":[{"href":"https:\/\/chessgamesemporium.com\/hr\/wp-json\/wp\/v2\/product\/49726","targetHints":{"allow":["GET"]}}],"collection":[{"href":"https:\/\/chessgamesemporium.com\/hr\/wp-json\/wp\/v2\/product"}],"about":[{"href":"https:\/\/chessgamesemporium.com\/hr\/wp-json\/wp\/v2\/types\/product"}],"replies":[{"embeddable":true,"href":"https:\/\/chessgamesemporium.com\/hr\/wp-json\/wp\/v2\/comments?post=49726"}],"version-history":[{"count":0,"href":"https:\/\/chessgamesemporium.com\/hr\/wp-json\/wp\/v2\/product\/49726\/revisions"}],"wp:featuredmedia":[{"embeddable":true,"href":"https:\/\/chessgamesemporium.com\/hr\/wp-json\/wp\/v2\/media\/49736"}],"wp:attachment":[{"href":"https:\/\/chessgamesemporium.com\/hr\/wp-json\/wp\/v2\/media?parent=49726"}],"wp:term":[{"taxonomy":"product_brand","embeddable":true,"href":"https:\/\/chessgamesemporium.com\/hr\/wp-json\/wp\/v2\/product_brand?post=49726"},{"taxonomy":"product_cat","embeddable":true,"href":"https:\/\/chessgamesemporium.com\/hr\/wp-json\/wp\/v2\/product_cat?post=49726"},{"taxonomy":"product_tag","embeddable":true,"href":"https:\/\/chessgamesemporium.com\/hr\/wp-json\/wp\/v2\/product_tag?post=49726"}],"curies":[{"name":"wp","href":"https:\/\/api.w.org\/{rel}","templated":true}]}}