{"id":51267,"date":"2023-10-04T12:08:34","date_gmt":"2023-10-04T12:08:34","guid":{"rendered":"https:\/\/chessgamesemporium.com\/?post_type=product&#038;p=51267"},"modified":"2025-03-19T07:20:52","modified_gmt":"2025-03-19T07:20:52","slug":"sahovska-ploca-za-zvijanje-50-mm-green","status":"publish","type":"product","link":"https:\/\/chessgamesemporium.com\/hr\/shop\/sahovske-ploce\/plasticne-sahovske-ploce\/sahovska-ploca-za-zvijanje-50-mm-green\/","title":{"rendered":"\u0160ahovska plo\u010da za zvijanje 50 mm GREEN"},"content":{"rendered":"<p>\u0160ahovska plo\u010da za zvijanje 50 mm GREEN<\/p>\n<p>Materijal: PVC, Platno<br \/>\nDimenzije polja: 50 x 50 mm<br \/>\nDimenzije plo\u010de: 44 \u00d7 44 cm<br \/>\nPovr\u0161ina koja se mo\u017ee prati<\/p>\n<p>Polja ove \u0161ahovske plo\u010de veli\u010dine 50 x 5o mm idealna su za \u0161ahovske figure s visinom kralja od 90-95 mm.<\/p>\n<p>UPOZORENJE! Nije prikladno za djecu mla\u0111u od tri godine.<\/p>","protected":false},"excerpt":{"rendered":"<p>\u0160ahovnica za ZVIJANJE 50 mm ZELENA Material: PVC, platno Dimenzije polja: 50 mm Dimenzije \u0161ahovnice: 44 cm Pralna povr\u0161ina Polje meri 50 x 50 mm in je kot nala\u0161\u010d za figure s kraljem vi\u0161ine 90-95 mm. OPOZORILO! Ni primerno za otroke pod tretjim letom starosti.<\/p>","protected":false},"featured_media":51270,"comment_status":"closed","ping_status":"closed","template":"","meta":{"_seopress_robots_primary_cat":"none","_seopress_titles_title":"","_seopress_titles_desc":"","_seopress_robots_index":""},"product_brand":[],"product_cat":[514,523],"product_tag":[589],"class_list":{"0":"post-51267","1":"product","2":"type-product","3":"status-publish","4":"has-post-thumbnail","6":"product_cat-sahovnice","7":"product_cat-plasticne-sahovnice","8":"product_tag-50mm","10":"entry","11":"has-media","13":"first","14":"outofstock","15":"taxable","16":"shipping-taxable","17":"purchasable","18":"product-type-simple","19":"has-product-nav","20":"col","21":"span_1_of_4","22":"owp-content-center","23":"item-entry","24":"owp-thumbs-layout-horizontal","25":"owp-btn-normal","26":"owp-tabs-layout-section"},"wcpa_form_fields":null,"_links":{"self":[{"href":"https:\/\/chessgamesemporium.com\/hr\/wp-json\/wp\/v2\/product\/51267","targetHints":{"allow":["GET"]}}],"collection":[{"href":"https:\/\/chessgamesemporium.com\/hr\/wp-json\/wp\/v2\/product"}],"about":[{"href":"https:\/\/chessgamesemporium.com\/hr\/wp-json\/wp\/v2\/types\/product"}],"replies":[{"embeddable":true,"href":"https:\/\/chessgamesemporium.com\/hr\/wp-json\/wp\/v2\/comments?post=51267"}],"version-history":[{"count":0,"href":"https:\/\/chessgamesemporium.com\/hr\/wp-json\/wp\/v2\/product\/51267\/revisions"}],"wp:featuredmedia":[{"embeddable":true,"href":"https:\/\/chessgamesemporium.com\/hr\/wp-json\/wp\/v2\/media\/51270"}],"wp:attachment":[{"href":"https:\/\/chessgamesemporium.com\/hr\/wp-json\/wp\/v2\/media?parent=51267"}],"wp:term":[{"taxonomy":"product_brand","embeddable":true,"href":"https:\/\/chessgamesemporium.com\/hr\/wp-json\/wp\/v2\/product_brand?post=51267"},{"taxonomy":"product_cat","embeddable":true,"href":"https:\/\/chessgamesemporium.com\/hr\/wp-json\/wp\/v2\/product_cat?post=51267"},{"taxonomy":"product_tag","embeddable":true,"href":"https:\/\/chessgamesemporium.com\/hr\/wp-json\/wp\/v2\/product_tag?post=51267"}],"curies":[{"name":"wp","href":"https:\/\/api.w.org\/{rel}","templated":true}]}}