{"id":51312,"date":"2023-10-05T09:22:04","date_gmt":"2023-10-05T09:22:04","guid":{"rendered":"https:\/\/chessgamesemporium.com\/?post_type=product&#038;p=51312"},"modified":"2025-02-25T10:13:42","modified_gmt":"2025-02-25T10:13:42","slug":"drvene-sahovske-e-figure-dgt-classic","status":"publish","type":"product","link":"https:\/\/chessgamesemporium.com\/hr\/shop\/sahovski-kompleti\/elektronski-sahi\/drvene-sahovske-e-figure-dgt-classic\/","title":{"rendered":"Drvene \u0160ahovske e-Figure DGT CLASSIC"},"content":{"rendered":"<p>Drvene \u0160ahovske e-Figure DGT CLASSIC<\/p>\n<p>\u0160ahovske figure DGT CLASSIC su lakirane i napravljene od plemenitog indijskog drveta (Sheesham, Boxwood). Dvostruke kraljice.<br \/>\nFigure su podlo\u017eene tkaninom i imaju turnirske dimenzije.<br \/>\nTe\u017eina: 760 g<\/p>\n<p>Kompatibilne s:<br \/>\nSvim elektronskim DGT \u0161ahovnicama, DGT Smartboardom i \u0161ahovskim ra\u010dunarom Revelation.<\/p>\n<p>Dimenzije: (visina | promjer baze)<br \/>\nKralj: 9,6 cm | 4,1 cm<br \/>\nDama: 8,0 cm | 3,8 cm<br \/>\nTop: 5,2 cm | 3,4 cm<br \/>\nLovac: 6,9 cm | 3,5 cm<br \/>\nSkaka\u010d: 6,6 cm | 3,5 cm<br \/>\nPje\u0161ak: 4,8 cm | 2,9 cm<\/p>\n<p>UPOZORENJE! Nije prikladno za djecu mla\u0111u od tri godine.<\/p>","protected":false},"excerpt":{"rendered":"<p>Lesene \u0160ahovske e-figure DGT CLASSIC \u0160ahovske figure DGT CLASSIC so lakirane in narejene iz plemenitega indijskega lesa (Sheesham, Boxwood). Dvojne dame. Figure so podlo\u017eene z blagom in so turnirskih dimenzij. Te\u017ea: 760 g Kompatibilne z: Vsemi elektronskimi DGT \u0161ahovnicami, DGT Smartboard in \u0161ahovskim ra\u010dunalnikom Revelation. Dimenzije: (vi\u0161ina | premer podlage) Kralj: 9,6 cm | 4,1 [&hellip;]<\/p>","protected":false},"featured_media":51324,"comment_status":"closed","ping_status":"closed","template":"","meta":{"_seopress_robots_primary_cat":"none","_seopress_titles_title":"","_seopress_titles_desc":"","_seopress_robots_index":""},"product_brand":[],"product_cat":[619,510],"product_tag":[],"class_list":{"0":"post-51312","1":"product","2":"type-product","3":"status-publish","4":"has-post-thumbnail","6":"product_cat-elektronski-sahi","7":"product_cat-sahovski-kompleti","9":"entry","10":"has-media","12":"first","13":"instock","14":"taxable","15":"shipping-taxable","16":"purchasable","17":"product-type-simple","18":"has-product-nav","19":"col","20":"span_1_of_4","21":"owp-content-center","22":"item-entry","23":"owp-thumbs-layout-horizontal","24":"owp-btn-normal","25":"owp-tabs-layout-section"},"wcpa_form_fields":null,"_links":{"self":[{"href":"https:\/\/chessgamesemporium.com\/hr\/wp-json\/wp\/v2\/product\/51312","targetHints":{"allow":["GET"]}}],"collection":[{"href":"https:\/\/chessgamesemporium.com\/hr\/wp-json\/wp\/v2\/product"}],"about":[{"href":"https:\/\/chessgamesemporium.com\/hr\/wp-json\/wp\/v2\/types\/product"}],"replies":[{"embeddable":true,"href":"https:\/\/chessgamesemporium.com\/hr\/wp-json\/wp\/v2\/comments?post=51312"}],"version-history":[{"count":0,"href":"https:\/\/chessgamesemporium.com\/hr\/wp-json\/wp\/v2\/product\/51312\/revisions"}],"wp:featuredmedia":[{"embeddable":true,"href":"https:\/\/chessgamesemporium.com\/hr\/wp-json\/wp\/v2\/media\/51324"}],"wp:attachment":[{"href":"https:\/\/chessgamesemporium.com\/hr\/wp-json\/wp\/v2\/media?parent=51312"}],"wp:term":[{"taxonomy":"product_brand","embeddable":true,"href":"https:\/\/chessgamesemporium.com\/hr\/wp-json\/wp\/v2\/product_brand?post=51312"},{"taxonomy":"product_cat","embeddable":true,"href":"https:\/\/chessgamesemporium.com\/hr\/wp-json\/wp\/v2\/product_cat?post=51312"},{"taxonomy":"product_tag","embeddable":true,"href":"https:\/\/chessgamesemporium.com\/hr\/wp-json\/wp\/v2\/product_tag?post=51312"}],"curies":[{"name":"wp","href":"https:\/\/api.w.org\/{rel}","templated":true}]}}