{"id":51358,"date":"2023-10-05T10:03:21","date_gmt":"2023-10-05T10:03:21","guid":{"rendered":"https:\/\/chessgamesemporium.com\/?post_type=product&#038;p=51358"},"modified":"2025-02-25T12:00:07","modified_gmt":"2025-02-25T12:00:07","slug":"dgt-usb-orah-timeless-dgt3000torba","status":"publish","type":"product","link":"https:\/\/chessgamesemporium.com\/hr\/shop\/sahovski-kompleti\/elektronski-sahi\/dgt-usb-orah-timeless-dgt3000torba\/","title":{"rendered":"DGT USB Orah+Timeless |DGT3000|torba"},"content":{"rendered":"<p><span style=\"font-family: verdana; font-size: medium;\">Ovaj proizvod sadr\u017ei:<br \/>\n<b>DGT USB Orah e-\u0161ahovska plo\u010da + Timeless figure<\/b><br \/>\n<b>DGT 3000 digitalni \u0161ahovski sat<\/b><br \/>\n<b>Nova DGT torba crna<br \/>\n<\/b><\/span><span style=\"font-family: verdana; font-size: medium;\"><b>Dodatni kraljici<\/b><\/span><\/p>\n<p>DGT elektronska \u0161ahovnica Plug &amp; Play uvodi vas u dva nova svijeta: Va\u0161a partija se prenosi izravno na ra\u010dunalo i\/ili internet.<\/p>\n<p>DGT-ov e-Board lako se povezuje s va\u0161im osobnim ra\u010dunalom putem USB veze. S DGT e-Boardom mo\u017eete igrati na internetskim stranicama poput PlayChess, Chess21 i ICC. Pametni e-Board djeluje kao ulazni ure\u0111aj za sve ve\u0107e programe.<\/p>\n<p>DGT e-Board predstavlja vrhunac \u0161ahovsko-ra\u010dunalnih su\u010delja. Dodaje novu dimenziju u\u017eitku va\u0161ih \u0161ahovskih igara. Tipi\u010dan je proizvod tvrtke DGT - inovativan, kvalitetan i stvoren za prave ljubitelje \u0161aha.<\/p>\n<p>Darilni paket uklju\u010duje posebno izdanje poznatog programa Fritz i stotinu dana besplatnog pristupa PlayChess.com.<\/p>\n<p>\u2022 Igrajte partije putem interneta. Idealno za prijenose turnira.<br \/>\n\u2022 Omogu\u0107ite ra\u010dunalu da analizira poteze igre protiv \u010dovjeka.<br \/>\n\u2022 Automatski spremite va\u0161e partije u memoriju \u0161ahovnice i kasnije ih preuzmite u PGN formatu.<br \/>\n\u2022 DGT elektronska \u0161ahovnica dodaje novu dimenziju u\u017eitku va\u0161eg \u0161ahovskog iskustva.<br \/>\n\u2022 DGT e-Board lako povezuje prekrasnu drvenu \u0161ahovnicu s va\u0161im ra\u010dunalom i omogu\u0107uje vam igranje izravno s najboljim \u0161ahovskim programima.<br \/>\n\u2022 Bez RSI-a i umornih o\u010diju.<br \/>\n\u2022 Igranje preko interneta jednako je jednostavno.<br \/>\n\u2022 Za klubove i organizacije DGT e-Board predstavlja najlak\u0161i na\u010din za prijenos partija publici putem interneta.<br \/>\n\u2022 DGT e-Board se mo\u017ee povezati s DGT 2500, DGT3000, ili DGT PI \u0161ahovskimi satovi.<\/p>\n<div>Dimenzije plo\u010de: 54 x 54 x 2,3 cm<br \/>\nDimenzije polja: 5,5 cm<\/div>\n<div><\/div>\n<div>Dimenzije: (visina figure | promjer podloge)<br \/>\nKralj: 9,7 cm \/ 3,5 cm<br \/>\nKraljica: 8, cm \/ 3,6 cm<br \/>\nTop: 5,5 cm \/ 3,3 cm<br \/>\nLovac: 7 cm \/ 3,2 cm<br \/>\nSkaka\u010d: 7 cm \/ 3,2 cm<br \/>\nPje\u0161ak: 4,5 cm \/ 2,7 cm<\/div>\n<div>\n<div><\/div>\n<div>Nije prikladno za djecu mla\u0111u od tre\u0107e godine.<\/div>\n<\/div>","protected":false},"excerpt":{"rendered":"<p>Paket vsebuje: DGT USB oreh e-\u0161ahovnica s Timeless figurami DGT 3000 digitalna \u0161ahovska ura Nova DGT torba \u010crna Dodatni kraljici Plug &amp; play DGT elektronska \u0161ahovnica vas popelje v dva nova svetova. Va\u0161a partija se prena\u0161a prena\u0161a direktno na ra\u010dunalnik in\/ali internet. Prelep klasi\u010den DGT-jev e-Board se zlahka pove\u017ee z va\u0161im osebnim ra\u010dunalnikom preko USB [&hellip;]<\/p>","protected":false},"featured_media":51379,"comment_status":"closed","ping_status":"closed","template":"","meta":{"_seopress_robots_primary_cat":"none","_seopress_titles_title":"","_seopress_titles_desc":"","_seopress_robots_index":""},"product_brand":[],"product_cat":[619,510],"product_tag":[],"class_list":{"0":"post-51358","1":"product","2":"type-product","3":"status-publish","4":"has-post-thumbnail","6":"product_cat-elektronski-sahi","7":"product_cat-sahovski-kompleti","9":"entry","10":"has-media","12":"first","13":"instock","14":"taxable","15":"shipping-taxable","16":"purchasable","17":"product-type-simple","18":"has-product-nav","19":"col","20":"span_1_of_4","21":"owp-content-center","22":"item-entry","23":"owp-thumbs-layout-horizontal","24":"owp-btn-normal","25":"owp-tabs-layout-section"},"wcpa_form_fields":null,"_links":{"self":[{"href":"https:\/\/chessgamesemporium.com\/hr\/wp-json\/wp\/v2\/product\/51358","targetHints":{"allow":["GET"]}}],"collection":[{"href":"https:\/\/chessgamesemporium.com\/hr\/wp-json\/wp\/v2\/product"}],"about":[{"href":"https:\/\/chessgamesemporium.com\/hr\/wp-json\/wp\/v2\/types\/product"}],"replies":[{"embeddable":true,"href":"https:\/\/chessgamesemporium.com\/hr\/wp-json\/wp\/v2\/comments?post=51358"}],"version-history":[{"count":0,"href":"https:\/\/chessgamesemporium.com\/hr\/wp-json\/wp\/v2\/product\/51358\/revisions"}],"wp:featuredmedia":[{"embeddable":true,"href":"https:\/\/chessgamesemporium.com\/hr\/wp-json\/wp\/v2\/media\/51379"}],"wp:attachment":[{"href":"https:\/\/chessgamesemporium.com\/hr\/wp-json\/wp\/v2\/media?parent=51358"}],"wp:term":[{"taxonomy":"product_brand","embeddable":true,"href":"https:\/\/chessgamesemporium.com\/hr\/wp-json\/wp\/v2\/product_brand?post=51358"},{"taxonomy":"product_cat","embeddable":true,"href":"https:\/\/chessgamesemporium.com\/hr\/wp-json\/wp\/v2\/product_cat?post=51358"},{"taxonomy":"product_tag","embeddable":true,"href":"https:\/\/chessgamesemporium.com\/hr\/wp-json\/wp\/v2\/product_tag?post=51358"}],"curies":[{"name":"wp","href":"https:\/\/api.w.org\/{rel}","templated":true}]}}