{"id":51478,"date":"2023-10-06T10:56:43","date_gmt":"2023-10-06T10:56:43","guid":{"rendered":"https:\/\/chessgamesemporium.com\/?post_type=product&#038;p=51478"},"modified":"2025-04-01T06:12:24","modified_gmt":"2025-04-01T06:12:24","slug":"drvena-3d-slagalica-konj","status":"publish","type":"product","link":"https:\/\/chessgamesemporium.com\/hr\/shop\/slagalice-puzzle\/3d-drvene-slagalice\/drvena-3d-slagalica-konj\/","title":{"rendered":"Drvena 3D slagalica KONJ"},"content":{"rendered":"<p>Drvena 3D slagalica Konj<br \/>\nDimenzije sastavljene: 24 \u00d7 6 \u00d7 21 cm<br \/>\nBr. komada: 36<br \/>\nBr. drvenih plo\u010da: 3<\/p>\n<p>Pa\u017eljivo uzmite komadi\u0107e slagalice iz drvenih plo\u010da, izravnajte rubove brusnim papirom, i<br \/>\nstavite ih natrag u plo\u010de. Slagicu mo\u017eete slo\u017eiti uz pomo\u0107 plana, a pri sastavljanju tako\u0111er mo\u017eete<br \/>\nkoristiti sliku zavr\u0161nog proizvoda na ambala\u017ei. Ako se komadi\u0107i pretesno sla\u017eu zajedno, mo\u017eete<br \/>\nsi pomo\u0107i brusnim papirom. Tako\u0111er mo\u017eete zalijepiti komadi\u0107e drvom ljepilom, ili ih\nmo\u017eete<br \/>\nobojiti.<\/p>\n<p>Nije prikladno za djecu mla\u0111u od tre\u0107e godine.<\/p>","protected":false},"excerpt":{"rendered":"<p>Lesena 3D sestavljanka Konj Dimenzije sestavljene: 24 x 6 x 21 cm \u0160t. kosov: 36 \u0160t. lesenih plo\u0161\u010d: 3 Ko\u0161\u010dke sestavljanke previdno vzemite iz lesenih plo\u0161\u010d, zgladite robove z brusnim papirjem, in jih polo\u017eite nazaj v plo\u0161\u010de. Sestavljanko lahko sestavite s pomo\u010djo na\u010drta, pri sestavljanju pa si lahko pomagate tudi s sliko kon\u010dnega izdelka na [&hellip;]<\/p>","protected":false},"featured_media":56058,"comment_status":"closed","ping_status":"closed","template":"","meta":{"_seopress_robots_primary_cat":"none","_seopress_titles_title":"","_seopress_titles_desc":"","_seopress_robots_index":""},"product_brand":[],"product_cat":[618,617],"product_tag":[],"class_list":{"0":"post-51478","1":"product","2":"type-product","3":"status-publish","4":"has-post-thumbnail","6":"product_cat-3d-lesene-sestavljanke","7":"product_cat-sestavljanke-puzzle","9":"entry","10":"has-media","12":"first","13":"outofstock","14":"taxable","15":"shipping-taxable","16":"purchasable","17":"product-type-simple","18":"has-product-nav","19":"col","20":"span_1_of_4","21":"owp-content-center","22":"item-entry","23":"owp-thumbs-layout-horizontal","24":"owp-btn-normal","25":"owp-tabs-layout-section","26":"has-no-thumbnails"},"wcpa_form_fields":null,"_links":{"self":[{"href":"https:\/\/chessgamesemporium.com\/hr\/wp-json\/wp\/v2\/product\/51478","targetHints":{"allow":["GET"]}}],"collection":[{"href":"https:\/\/chessgamesemporium.com\/hr\/wp-json\/wp\/v2\/product"}],"about":[{"href":"https:\/\/chessgamesemporium.com\/hr\/wp-json\/wp\/v2\/types\/product"}],"replies":[{"embeddable":true,"href":"https:\/\/chessgamesemporium.com\/hr\/wp-json\/wp\/v2\/comments?post=51478"}],"version-history":[{"count":0,"href":"https:\/\/chessgamesemporium.com\/hr\/wp-json\/wp\/v2\/product\/51478\/revisions"}],"wp:featuredmedia":[{"embeddable":true,"href":"https:\/\/chessgamesemporium.com\/hr\/wp-json\/wp\/v2\/media\/56058"}],"wp:attachment":[{"href":"https:\/\/chessgamesemporium.com\/hr\/wp-json\/wp\/v2\/media?parent=51478"}],"wp:term":[{"taxonomy":"product_brand","embeddable":true,"href":"https:\/\/chessgamesemporium.com\/hr\/wp-json\/wp\/v2\/product_brand?post=51478"},{"taxonomy":"product_cat","embeddable":true,"href":"https:\/\/chessgamesemporium.com\/hr\/wp-json\/wp\/v2\/product_cat?post=51478"},{"taxonomy":"product_tag","embeddable":true,"href":"https:\/\/chessgamesemporium.com\/hr\/wp-json\/wp\/v2\/product_tag?post=51478"}],"curies":[{"name":"wp","href":"https:\/\/api.w.org\/{rel}","templated":true}]}}