{"id":51653,"date":"2023-10-09T08:08:44","date_gmt":"2023-10-09T08:08:44","guid":{"rendered":"https:\/\/chessgamesemporium.com\/?post_type=product&#038;p=51653"},"modified":"2024-09-20T08:53:30","modified_gmt":"2024-09-20T08:53:30","slug":"drvena-3d-slagalica-hidroavion","status":"publish","type":"product","link":"https:\/\/chessgamesemporium.com\/hr\/shop\/slagalice-puzzle\/3d-drvene-slagalice\/drvena-3d-slagalica-hidroavion\/","title":{"rendered":"Drvena 3D slagalica HIDROAVION"},"content":{"rendered":"<p>Drvena 3D slagalica Hidroavion<br \/>\nDimenzije sastavljene: 21,3 \u00d7 21,8 \u00d7 10 cm<br \/>\nBr. komada: 28<br \/>\nBr. drvenih plo\u010da: 2<\/p>\n<p>Pa\u017eljivo uzmite komadi\u0107e slagalice iz drvenih plo\u010da, izravnajte rubove brusnim papirom, i<br \/>\nstavite ih natrag u plo\u010de. Slagicu mo\u017eete slo\u017eiti uz pomo\u0107 plana, a pri sastavljanju tako\u0111er mo\u017eete<br \/>\nkoristiti sliku zavr\u0161nog proizvoda na ambala\u017ei. Ako se komadi\u0107i pretesno sla\u017eu zajedno, mo\u017eete<br \/>\nsi pomo\u0107i brusnim papirom. Tako\u0111er mo\u017eete zalijepiti komadi\u0107e drvom ljepilom, ili ih\nmo\u017eete<br \/>\nobojiti.<\/p>\n<p>Nije prikladno za djecu mla\u0111u od tre\u0107e godine.<\/p>","protected":false},"excerpt":{"rendered":"<p>Lesena 3D sestavljanka Vodno letalo Dimenzije sestavljene: 21,3 x 21,8 x 10 cm \u0160t. kosov: 28 \u0160t. lesenih plo\u0161\u010d: 2 Ko\u0161\u010dke sestavljanke previdno vzemite iz lesenih plo\u0161\u010d, zgladite robove z brusnim papirjem, in jih polo\u017eite nazaj v plo\u0161\u010de. Sestavljanko lahko sestavite s pomo\u010djo na\u010drta, pri sestavljanju pa si lahko pomagate tudi s sliko kon\u010dnega izdelka [&hellip;]<\/p>","protected":false},"featured_media":56071,"comment_status":"closed","ping_status":"closed","template":"","meta":{"_seopress_robots_primary_cat":"none","_seopress_titles_title":"","_seopress_titles_desc":"","_seopress_robots_index":""},"product_brand":[],"product_cat":[618,617],"product_tag":[],"class_list":{"0":"post-51653","1":"product","2":"type-product","3":"status-publish","4":"has-post-thumbnail","6":"product_cat-3d-lesene-sestavljanke","7":"product_cat-sestavljanke-puzzle","9":"entry","10":"has-media","12":"first","13":"instock","14":"taxable","15":"shipping-taxable","16":"purchasable","17":"product-type-simple","18":"has-product-nav","19":"col","20":"span_1_of_4","21":"owp-content-center","22":"item-entry","23":"owp-thumbs-layout-horizontal","24":"owp-btn-normal","25":"owp-tabs-layout-section","26":"has-no-thumbnails"},"wcpa_form_fields":null,"_links":{"self":[{"href":"https:\/\/chessgamesemporium.com\/hr\/wp-json\/wp\/v2\/product\/51653","targetHints":{"allow":["GET"]}}],"collection":[{"href":"https:\/\/chessgamesemporium.com\/hr\/wp-json\/wp\/v2\/product"}],"about":[{"href":"https:\/\/chessgamesemporium.com\/hr\/wp-json\/wp\/v2\/types\/product"}],"replies":[{"embeddable":true,"href":"https:\/\/chessgamesemporium.com\/hr\/wp-json\/wp\/v2\/comments?post=51653"}],"version-history":[{"count":0,"href":"https:\/\/chessgamesemporium.com\/hr\/wp-json\/wp\/v2\/product\/51653\/revisions"}],"wp:featuredmedia":[{"embeddable":true,"href":"https:\/\/chessgamesemporium.com\/hr\/wp-json\/wp\/v2\/media\/56071"}],"wp:attachment":[{"href":"https:\/\/chessgamesemporium.com\/hr\/wp-json\/wp\/v2\/media?parent=51653"}],"wp:term":[{"taxonomy":"product_brand","embeddable":true,"href":"https:\/\/chessgamesemporium.com\/hr\/wp-json\/wp\/v2\/product_brand?post=51653"},{"taxonomy":"product_cat","embeddable":true,"href":"https:\/\/chessgamesemporium.com\/hr\/wp-json\/wp\/v2\/product_cat?post=51653"},{"taxonomy":"product_tag","embeddable":true,"href":"https:\/\/chessgamesemporium.com\/hr\/wp-json\/wp\/v2\/product_tag?post=51653"}],"curies":[{"name":"wp","href":"https:\/\/api.w.org\/{rel}","templated":true}]}}