{"id":51811,"date":"2023-10-09T11:52:01","date_gmt":"2023-10-09T11:52:01","guid":{"rendered":"https:\/\/chessgamesemporium.com\/?post_type=product&#038;p=51811"},"modified":"2024-02-16T08:10:39","modified_gmt":"2024-02-16T08:10:39","slug":"go-turnirski-set-18-mm","status":"publish","type":"product","link":"https:\/\/chessgamesemporium.com\/hr\/shop\/go-igra\/go-kompleti\/go-turnirski-set-18-mm\/","title":{"rendered":"TURNIRSKI GO SET 18 mm"},"content":{"rendered":"<p>Preklopna GO plo\u010da<br \/>\nDimenzije plo\u010de: 455 x 424 x 10 mm<br \/>\nDimenzije polja 24 x 22 mm<br \/>\nDimenzije kamnov: 18 mm<br \/>\nBoja: Bijela \/ crna<br \/>\nMaterijal: staklo<\/p>","protected":false},"excerpt":{"rendered":"<p>Preklopna plo\u0161\u010da Dimenzije plo\u0161\u010de: 455 x 424 x 10 mm Dimenzije polja 24 x 22 mm Dimenzije kamnov: 18 mm Barva: \u010drna \/ bela Material: steklo<\/p>","protected":false},"featured_media":51825,"comment_status":"closed","ping_status":"closed","template":"","meta":{"_seopress_robots_primary_cat":"none","_seopress_titles_title":"","_seopress_titles_desc":"","_seopress_robots_index":""},"product_brand":[],"product_cat":[612,615],"product_tag":[],"class_list":{"0":"post-51811","1":"product","2":"type-product","3":"status-publish","4":"has-post-thumbnail","6":"product_cat-go-igra","7":"product_cat-go-kompleti","9":"entry","10":"has-media","12":"first","13":"instock","14":"taxable","15":"shipping-taxable","16":"purchasable","17":"product-type-simple","18":"has-product-nav","19":"col","20":"span_1_of_4","21":"owp-content-center","22":"item-entry","23":"owp-thumbs-layout-horizontal","24":"owp-btn-normal","25":"owp-tabs-layout-section","26":"has-no-thumbnails"},"wcpa_form_fields":null,"_links":{"self":[{"href":"https:\/\/chessgamesemporium.com\/hr\/wp-json\/wp\/v2\/product\/51811","targetHints":{"allow":["GET"]}}],"collection":[{"href":"https:\/\/chessgamesemporium.com\/hr\/wp-json\/wp\/v2\/product"}],"about":[{"href":"https:\/\/chessgamesemporium.com\/hr\/wp-json\/wp\/v2\/types\/product"}],"replies":[{"embeddable":true,"href":"https:\/\/chessgamesemporium.com\/hr\/wp-json\/wp\/v2\/comments?post=51811"}],"version-history":[{"count":0,"href":"https:\/\/chessgamesemporium.com\/hr\/wp-json\/wp\/v2\/product\/51811\/revisions"}],"wp:featuredmedia":[{"embeddable":true,"href":"https:\/\/chessgamesemporium.com\/hr\/wp-json\/wp\/v2\/media\/51825"}],"wp:attachment":[{"href":"https:\/\/chessgamesemporium.com\/hr\/wp-json\/wp\/v2\/media?parent=51811"}],"wp:term":[{"taxonomy":"product_brand","embeddable":true,"href":"https:\/\/chessgamesemporium.com\/hr\/wp-json\/wp\/v2\/product_brand?post=51811"},{"taxonomy":"product_cat","embeddable":true,"href":"https:\/\/chessgamesemporium.com\/hr\/wp-json\/wp\/v2\/product_cat?post=51811"},{"taxonomy":"product_tag","embeddable":true,"href":"https:\/\/chessgamesemporium.com\/hr\/wp-json\/wp\/v2\/product_tag?post=51811"}],"curies":[{"name":"wp","href":"https:\/\/api.w.org\/{rel}","templated":true}]}}