{"id":51842,"date":"2023-10-09T12:17:08","date_gmt":"2023-10-09T12:17:08","guid":{"rendered":"https:\/\/chessgamesemporium.com\/?post_type=product&#038;p=51842"},"modified":"2025-09-05T09:29:11","modified_gmt":"2025-09-05T09:29:11","slug":"ploca-za-go-obostrana","status":"publish","type":"product","link":"https:\/\/chessgamesemporium.com\/hr\/shop\/go-igra\/table-kamni-dodaci\/ploca-za-go-obostrana\/","title":{"rendered":"Dvostrana Go plo\u010da"},"content":{"rendered":"<p>Go igra\u0107a plo\u010da - dvostrana s crnim linijama<br \/>\n19 x 19 mm kvadrata s jedne strane, 13 x 13 mm kvadrata s druge strane.<\/p>\n<p>Dimenzije plo\u010de: 430 x 450 mm<br \/>\nMaterijal: Javor<\/p>","protected":false},"excerpt":{"rendered":"<p>Deska za GO &#8211; obojestranska s \u010drnimi \u010drtami 19 X 19 mm polja na eni strani in 13 X 13 mm polja na drugi strani Velikost table: 430 x 450 mm Material: javor<\/p>","protected":false},"featured_media":60623,"comment_status":"closed","ping_status":"closed","template":"","meta":{"_seopress_robots_primary_cat":"none","_seopress_titles_title":"","_seopress_titles_desc":"","_seopress_robots_index":""},"product_brand":[],"product_cat":[612,613],"product_tag":[],"class_list":{"0":"post-51842","1":"product","2":"type-product","3":"status-publish","4":"has-post-thumbnail","6":"product_cat-go-igra","7":"product_cat-table-kamni-dodatki","9":"entry","10":"has-media","12":"first","13":"instock","14":"taxable","15":"shipping-taxable","16":"purchasable","17":"product-type-simple","18":"has-product-nav","19":"col","20":"span_1_of_4","21":"owp-content-center","22":"item-entry","23":"owp-thumbs-layout-horizontal","24":"owp-btn-normal","25":"owp-tabs-layout-section","26":"has-no-thumbnails"},"wcpa_form_fields":null,"_links":{"self":[{"href":"https:\/\/chessgamesemporium.com\/hr\/wp-json\/wp\/v2\/product\/51842","targetHints":{"allow":["GET"]}}],"collection":[{"href":"https:\/\/chessgamesemporium.com\/hr\/wp-json\/wp\/v2\/product"}],"about":[{"href":"https:\/\/chessgamesemporium.com\/hr\/wp-json\/wp\/v2\/types\/product"}],"replies":[{"embeddable":true,"href":"https:\/\/chessgamesemporium.com\/hr\/wp-json\/wp\/v2\/comments?post=51842"}],"version-history":[{"count":0,"href":"https:\/\/chessgamesemporium.com\/hr\/wp-json\/wp\/v2\/product\/51842\/revisions"}],"wp:featuredmedia":[{"embeddable":true,"href":"https:\/\/chessgamesemporium.com\/hr\/wp-json\/wp\/v2\/media\/60623"}],"wp:attachment":[{"href":"https:\/\/chessgamesemporium.com\/hr\/wp-json\/wp\/v2\/media?parent=51842"}],"wp:term":[{"taxonomy":"product_brand","embeddable":true,"href":"https:\/\/chessgamesemporium.com\/hr\/wp-json\/wp\/v2\/product_brand?post=51842"},{"taxonomy":"product_cat","embeddable":true,"href":"https:\/\/chessgamesemporium.com\/hr\/wp-json\/wp\/v2\/product_cat?post=51842"},{"taxonomy":"product_tag","embeddable":true,"href":"https:\/\/chessgamesemporium.com\/hr\/wp-json\/wp\/v2\/product_tag?post=51842"}],"curies":[{"name":"wp","href":"https:\/\/api.w.org\/{rel}","templated":true}]}}