{"id":51891,"date":"2023-10-09T12:46:05","date_gmt":"2023-10-09T12:46:05","guid":{"rendered":"https:\/\/chessgamesemporium.com\/?post_type=product&#038;p=51891"},"modified":"2024-09-20T08:17:21","modified_gmt":"2024-09-20T08:17:21","slug":"go-knjiga-graded-go-problems-vol-3","status":"publish","type":"product","link":"https:\/\/chessgamesemporium.com\/hr\/shop\/go-igra\/knjige-za-go\/go-knjiga-graded-go-problems-vol-3\/","title":{"rendered":"GO Knjiga GRADED GO PROBLEMS, Vol. 3"},"content":{"rendered":"<p>Autor: Kano Yoshinori<br \/>\nGodina izdanja: 1987<br \/>\nEngleski jezik<br \/>\nStranice: 199<br \/>\nFormat: 14,8 x 21 cm<br \/>\nNaslovna strana: Meka<\/p>\n<p>Svezak 3: Umjereno napredni problemi (20-kyu do 15-kyu)<\/p>\n<p>Ova \u010detverodijelna zbirka problema namijenjena je igra\u010dima koji u\u010de pravila go-a.<\/p>\n<p>Gotovo 1500 problema u ovoj seriji pokriva sve faze igre, od otvaranja do zavr\u0161nice. Pretpostavlja se da \u010ditatelj prou\u010dava dobru i sveobuhvatnu knjigu za po\u010detnike o go-u, poput knjige \"Go: Potpuni uvod u igru\" od Cho Chikuna. Me\u0111utim, uklju\u010den je i kratak sa\u017eetak pravila u svrhu referencije.<\/p>","protected":false},"excerpt":{"rendered":"<p>Avtor Kano Yoshinori Leto izdaje 1987 Jezik Angle\u0161ki \u0160t. strani 199 Format 14,8 x 21 cm Platnice mehke Tretji del: Srednje Zahtevni Problemi (20-kyu do 15-kyu) Graded Go Problems For Beginners so idealne knjige za igralce, ki so se pravkar nau\u010dili pravila go-ja, saj zdru\u017eujejo preprostost la\u017eje razumljivih za\u010detni\u0161kih knjig z izzivi bolj &#8220;naprednih&#8221; osnovnih [&hellip;]<\/p>","protected":false},"featured_media":51916,"comment_status":"closed","ping_status":"closed","template":"","meta":{"_seopress_robots_primary_cat":"none","_seopress_titles_title":"","_seopress_titles_desc":"","_seopress_robots_index":""},"product_brand":[],"product_cat":[612,614],"product_tag":[],"class_list":{"0":"post-51891","1":"product","2":"type-product","3":"status-publish","4":"has-post-thumbnail","6":"product_cat-go-igra","7":"product_cat-knjige-za-go","9":"entry","10":"has-media","12":"first","13":"instock","14":"taxable","15":"shipping-taxable","16":"purchasable","17":"product-type-simple","18":"has-product-nav","19":"col","20":"span_1_of_4","21":"owp-content-center","22":"item-entry","23":"owp-thumbs-layout-horizontal","24":"owp-btn-normal","25":"owp-tabs-layout-section","26":"has-no-thumbnails"},"wcpa_form_fields":null,"_links":{"self":[{"href":"https:\/\/chessgamesemporium.com\/hr\/wp-json\/wp\/v2\/product\/51891","targetHints":{"allow":["GET"]}}],"collection":[{"href":"https:\/\/chessgamesemporium.com\/hr\/wp-json\/wp\/v2\/product"}],"about":[{"href":"https:\/\/chessgamesemporium.com\/hr\/wp-json\/wp\/v2\/types\/product"}],"replies":[{"embeddable":true,"href":"https:\/\/chessgamesemporium.com\/hr\/wp-json\/wp\/v2\/comments?post=51891"}],"version-history":[{"count":0,"href":"https:\/\/chessgamesemporium.com\/hr\/wp-json\/wp\/v2\/product\/51891\/revisions"}],"wp:featuredmedia":[{"embeddable":true,"href":"https:\/\/chessgamesemporium.com\/hr\/wp-json\/wp\/v2\/media\/51916"}],"wp:attachment":[{"href":"https:\/\/chessgamesemporium.com\/hr\/wp-json\/wp\/v2\/media?parent=51891"}],"wp:term":[{"taxonomy":"product_brand","embeddable":true,"href":"https:\/\/chessgamesemporium.com\/hr\/wp-json\/wp\/v2\/product_brand?post=51891"},{"taxonomy":"product_cat","embeddable":true,"href":"https:\/\/chessgamesemporium.com\/hr\/wp-json\/wp\/v2\/product_cat?post=51891"},{"taxonomy":"product_tag","embeddable":true,"href":"https:\/\/chessgamesemporium.com\/hr\/wp-json\/wp\/v2\/product_tag?post=51891"}],"curies":[{"name":"wp","href":"https:\/\/api.w.org\/{rel}","templated":true}]}}