{"id":52090,"date":"2023-10-11T05:41:36","date_gmt":"2023-10-11T05:41:36","guid":{"rendered":"https:\/\/chessgamesemporium.com\/?post_type=product&#038;p=52090"},"modified":"2024-03-14T08:30:59","modified_gmt":"2024-03-14T08:30:59","slug":"sahovski-komplet-modern-black","status":"publish","type":"product","link":"https:\/\/chessgamesemporium.com\/hr\/shop\/sahovski-kompleti\/sastavljani-kompleti\/sahovski-komplet-modern-black\/","title":{"rendered":"\u0160ahovski komplet MODERN BLACK"},"content":{"rendered":"<p>Figure:<br \/>\nModerno oblikovane \u0161ahovske figure<br \/>\nRu\u010dno izra\u0111ene i ro\u010dno obojene<br \/>\nPodstavljene<br \/>\nPrikladno za \u0161ahovnice s poljem veli\u010dine izme\u0111u 45 i 50 mm.<\/p>\n<p>Dimenzije: (visina | promjer baze)<br \/>\nKralj: 7,5 cm | 2,7 cm<br \/>\nDama: 6,3 cm | 2,7 cm<br \/>\nTop: 4,4 cm | 2,7 cm<br \/>\nLovac: 5,9 cm | 2,7 cm<br \/>\nSkaka\u010d: 4,8 cm | 2,7 cm<br \/>\nPje\u0161ak: 4,1 cm | 2,6 cm<\/p>\n<p>Drvena \u0161ahovska plo\u010da:<br \/>\nLuksuzna \u0161ahovska plo\u010da od jasena s umjetni\u010dkim mozaikom.<\/p>\n<p>Sve boje su prirodne boje drveta.<br \/>\nPlo\u010da je le lakirana za za\u0161titu i dodatni lesk.<\/p>\n<p>Dimenzije polja: 45 x 45 mm<br \/>\nDimenzije plo\u010de: 48 x 48 x 5 cm<\/p>\n<p>UPOZORENJE! Nije prikladno za djecu mla\u0111u od tri godine.<\/p>","protected":false},"excerpt":{"rendered":"<p>Figure: Moderno oblikovane \u0161ahovske figure Ro\u010dno izdelane in ro\u010dno barvane Podlo\u017eene Primerne za \u0161ahovnice s poljem med 45 in 50 mm Dimenzije: (vi\u0161ina | premer podlage) Kralj: 7,5 cm | 2,7 cm Dama: 6,3 cm | 2,7 cm Top: 4,4 cm | 2,7 cm Lovec: 5,9 cm | 2,7 cm Skaka\u010d: 4,8 cm | 2,7 [&hellip;]<\/p>","protected":false},"featured_media":52126,"comment_status":"closed","ping_status":"closed","template":"","meta":{"_seopress_robots_primary_cat":"none","_seopress_titles_title":"","_seopress_titles_desc":"","_seopress_robots_index":""},"product_brand":[],"product_cat":[581,510],"product_tag":[],"class_list":{"0":"post-52090","1":"product","2":"type-product","3":"status-publish","4":"has-post-thumbnail","6":"product_cat-sestavljeni-kompleti","7":"product_cat-sahovski-kompleti","9":"entry","10":"has-media","12":"first","13":"instock","14":"taxable","15":"shipping-taxable","16":"purchasable","17":"product-type-simple","18":"has-product-nav","19":"col","20":"span_1_of_4","21":"owp-content-center","22":"item-entry","23":"owp-thumbs-layout-horizontal","24":"owp-btn-normal","25":"owp-tabs-layout-section"},"wcpa_form_fields":null,"_links":{"self":[{"href":"https:\/\/chessgamesemporium.com\/hr\/wp-json\/wp\/v2\/product\/52090","targetHints":{"allow":["GET"]}}],"collection":[{"href":"https:\/\/chessgamesemporium.com\/hr\/wp-json\/wp\/v2\/product"}],"about":[{"href":"https:\/\/chessgamesemporium.com\/hr\/wp-json\/wp\/v2\/types\/product"}],"replies":[{"embeddable":true,"href":"https:\/\/chessgamesemporium.com\/hr\/wp-json\/wp\/v2\/comments?post=52090"}],"version-history":[{"count":0,"href":"https:\/\/chessgamesemporium.com\/hr\/wp-json\/wp\/v2\/product\/52090\/revisions"}],"wp:featuredmedia":[{"embeddable":true,"href":"https:\/\/chessgamesemporium.com\/hr\/wp-json\/wp\/v2\/media\/52126"}],"wp:attachment":[{"href":"https:\/\/chessgamesemporium.com\/hr\/wp-json\/wp\/v2\/media?parent=52090"}],"wp:term":[{"taxonomy":"product_brand","embeddable":true,"href":"https:\/\/chessgamesemporium.com\/hr\/wp-json\/wp\/v2\/product_brand?post=52090"},{"taxonomy":"product_cat","embeddable":true,"href":"https:\/\/chessgamesemporium.com\/hr\/wp-json\/wp\/v2\/product_cat?post=52090"},{"taxonomy":"product_tag","embeddable":true,"href":"https:\/\/chessgamesemporium.com\/hr\/wp-json\/wp\/v2\/product_tag?post=52090"}],"curies":[{"name":"wp","href":"https:\/\/api.w.org\/{rel}","templated":true}]}}