{"id":52405,"date":"2023-10-12T10:38:09","date_gmt":"2023-10-12T10:38:09","guid":{"rendered":"https:\/\/chessgamesemporium.com\/?post_type=product&#038;p=52405"},"modified":"2026-04-03T09:35:37","modified_gmt":"2026-04-03T09:35:37","slug":"drvene-sahovske-figure-staunton-box-5","status":"publish","type":"product","link":"https:\/\/chessgamesemporium.com\/hr\/shop\/sahovske-figure\/drvene-figure\/drvene-sahovske-figure-staunton-box-5\/","title":{"rendered":"Drvene \u0161ahovske figure STAUNTON BOX 5"},"content":{"rendered":"<p>Podloga: Filc<br \/>\nMaterijal: grab<br \/>\nBoja: Prirodna boja drva, sme\u0111a<\/p>\n<p>Dimenzije: (visina figure | promjer baze)<br \/>\nKralj: 9,2 cm | 3,2 cm<br \/>\nDama: 8,3 cm | 3,2 cm<br \/>\nTop: 5,3 cm | 2,8 cm<br \/>\nLovac: 6,7 cm | 2,9 cm<br \/>\nSkaka\u010d: 5,9 cm | 2,8 cm<br \/>\nPje\u0161ak: 4,5 cm | 2,4 cm<\/p>\n<p>Drvene \u0161ahovske figure Staunton Box 5 su kvalitetan set u klasi\u010dnom Staunton stilu, izra\u0111ene od izdr\u017eljivog graba, \u0161to omogu\u0107uje dugotrajnu upotrebu i senzualan osje\u0107aj prilikom igranja. Set uklju\u010duje svih 32 standardne figure, pogodne za ozbiljnu igru \u200b\u200bi istovremeno estetski u\u017eitak.<\/p>\n<p>Svaka figura je ote\u017eana i podstavljena, \u0161to osigurava stabilnost tijekom igre, tiho kretanje i dodatnu za\u0161titu povr\u0161ine. Set dolazi s elegantnom drvenom kutijom s 32 odvojene ladice, \u0161to omogu\u0107uje sigurno skladi\u0161tenje i jednostavan transport - idealno za pohranu i organiziranje va\u0161e kolekcije Muba Chess Store.<\/p>\n<p>Set je pogodan i za \u0161ahovske klubove i za domove, jer kombinira funkcionalnost, eleganciju i savr\u0161ene dimenzije za redovitu igru.<\/p>\n<p>Drvena kutija s 32 ladice za pohranu svake figure posebno.<br \/>\nDimenzije: 34 x 27 x 5 cm<\/p>\n<p>UPOZORENJE! Nije prikladno za djecu mla\u0111u od tri godine.<\/p>","protected":false},"excerpt":{"rendered":"<p>Podlaga: Podlo\u017eene s filcem Material: gaber Barva: naravna barva lesa in rjava Dimenzije: (vi\u0161ina figure | premer podlage) Kralj: 9,2 cm | 3,2 cm Dama: 8,3 cm | 3,2 cm Top: 5,3 cm | 2,8 cm Lovec: 6,7 cm | 2,9 cm Skaka\u010d: 5,9 cm | 2,8 cm Kmet: 4,5 cm | 2,4 cm Lesene [&hellip;]<\/p>","protected":false},"featured_media":52413,"comment_status":"closed","ping_status":"closed","template":"","meta":{"_seopress_robots_primary_cat":"none","_seopress_titles_title":"","_seopress_titles_desc":"","_seopress_robots_index":""},"product_brand":[],"product_cat":[511,522],"product_tag":[],"class_list":{"0":"post-52405","1":"product","2":"type-product","3":"status-publish","4":"has-post-thumbnail","6":"product_cat-sahovske-figure","7":"product_cat-lesene-figure","8":"wcpa_has_options","10":"entry","11":"has-media","13":"first","14":"instock","15":"taxable","16":"shipping-taxable","17":"purchasable","18":"product-type-simple","19":"has-product-nav","20":"col","21":"span_1_of_4","22":"owp-content-center","23":"item-entry","24":"owp-thumbs-layout-horizontal","25":"owp-btn-normal","26":"owp-tabs-layout-section"},"wcpa_form_fields":{"rules":{"pric_overide_base_price":false,"pric_overide_base_price_if_gt_zero":false,"pric_overide_base_price_fully":false,"pric_cal_option_once":false,"pric_use_as_fee":false,"bind_quantity":false,"quantity_bind_formula":false},"fields":[{"type":"text","elementId":"wcpa-text-1666713333654","label":"Gravura ( opcijsko )","description":"Vpi\u0161ite \u017eeljeni tekst za graviranje (npr. Vse najbolj\u0161e, IME, datum ipd.)","desc_type":true,"enablePrice":true,"pricingType":"fixed","price":"7","name":"text-1666713333654","fee_label":"Za naro\u010dnike izven eu, bo davek od\u0161tet na blagajni.","subtype":"text","maxlength":"16","cl_rule":"show","col":6,"relations":false,"form_id":46231,"form_rules":{"pric_cal_option_once":false,"exclude_from_discount":false,"pric_use_as_fee":false,"fee_label":"Fee","render_after_acb":false,"disp_hide_options_price":false}}]},"_links":{"self":[{"href":"https:\/\/chessgamesemporium.com\/hr\/wp-json\/wp\/v2\/product\/52405","targetHints":{"allow":["GET"]}}],"collection":[{"href":"https:\/\/chessgamesemporium.com\/hr\/wp-json\/wp\/v2\/product"}],"about":[{"href":"https:\/\/chessgamesemporium.com\/hr\/wp-json\/wp\/v2\/types\/product"}],"replies":[{"embeddable":true,"href":"https:\/\/chessgamesemporium.com\/hr\/wp-json\/wp\/v2\/comments?post=52405"}],"version-history":[{"count":0,"href":"https:\/\/chessgamesemporium.com\/hr\/wp-json\/wp\/v2\/product\/52405\/revisions"}],"wp:featuredmedia":[{"embeddable":true,"href":"https:\/\/chessgamesemporium.com\/hr\/wp-json\/wp\/v2\/media\/52413"}],"wp:attachment":[{"href":"https:\/\/chessgamesemporium.com\/hr\/wp-json\/wp\/v2\/media?parent=52405"}],"wp:term":[{"taxonomy":"product_brand","embeddable":true,"href":"https:\/\/chessgamesemporium.com\/hr\/wp-json\/wp\/v2\/product_brand?post=52405"},{"taxonomy":"product_cat","embeddable":true,"href":"https:\/\/chessgamesemporium.com\/hr\/wp-json\/wp\/v2\/product_cat?post=52405"},{"taxonomy":"product_tag","embeddable":true,"href":"https:\/\/chessgamesemporium.com\/hr\/wp-json\/wp\/v2\/product_tag?post=52405"}],"curies":[{"name":"wp","href":"https:\/\/api.w.org\/{rel}","templated":true}]}}